{"id":708683,"date":"2025-08-27T16:17:30","date_gmt":"2025-08-27T13:17:30","guid":{"rendered":"https:\/\/roveyayinevi.com.tr\/index.php\/urun\/muz-makinesi\/"},"modified":"2026-04-16T02:17:31","modified_gmt":"2026-04-15T23:17:31","slug":"muz-makinesi","status":"publish","type":"product","link":"https:\/\/roveyayinevi.com.tr\/index.php\/urun\/muz-makinesi\/","title":{"rendered":"Muz Makinesi"},"content":{"rendered":"<p>Muzun \u015fekli nas\u0131ld\u0131r? Nas\u0131l soru ama! Herkes muzun k\u0131vr\u0131koldu\u011funu bilir!Patty, Yarasa Teyzesi ile Jamaika\u2019da ya\u015fay\u0131p muz yeti\u015ftiriyor.Di\u011fer \u00fcreticilerle rekabet etmekte zorland\u0131klar\u0131 i\u00e7in Yarasa Teyzearazilerini satmay\u0131 d\u00fc\u015f\u00fcn\u00fcyor. Patty\u2019nin ise bu duruma bir \u00e7\u00f6z\u00fcmbulmas\u0131 gerekiyor. Hem de hemen! Muzlu \u00e7ikolatal\u0131 dondurmayerken birden akl\u0131na parlak bir fikir geliyor. Tek yapmas\u0131 gerekenbir makine icat etmek, bir muz makinesi. <\/p>\n","protected":false},"excerpt":{"rendered":"<p>Muzun \u015fekli nas\u0131ld\u0131r? Nas\u0131l soru ama! Herkes muzun k\u0131vr\u0131koldu\u011funu bilir!Patty, Yarasa Teyzesi ile Jamaika\u2019da ya\u015fay\u0131p muz yeti\u015ftiriyor.Di\u011fer \u00fcreticilerle rekabet etmekte zorland\u0131klar\u0131 i\u00e7in Yarasa Teyzearazilerini satmay\u0131 d\u00fc\u015f\u00fcn\u00fcyor.<span class=\"excerpt-hellip\"> [\u2026]<\/span><\/p>\n","protected":false},"featured_media":0,"template":"","meta":{"_monsterinsights_skip_tracking":false,"_monsterinsights_sitenote_active":false,"_monsterinsights_sitenote_note":"","_monsterinsights_sitenote_category":0},"product_brand":[],"product_cat":[12275,12274],"product_tag":[],"class_list":{"0":"post-708683","1":"product","2":"type-product","3":"status-publish","5":"product_cat-6-12-yas-kitaplari","6":"product_cat-cocuk-ve-genclik-kitaplari","7":"pa_cilt-ciltsiz","8":"pa_tur-kitap","9":"pa_yayinevi-hep-kitap","10":"pa_yazar-alexander-mccall-smith","12":"first","13":"instock","14":"sale","15":"shipping-taxable","16":"purchasable","17":"product-type-simple"},"_links":{"self":[{"href":"https:\/\/roveyayinevi.com.tr\/index.php\/wp-json\/wp\/v2\/product\/708683","targetHints":{"allow":["GET"]}}],"collection":[{"href":"https:\/\/roveyayinevi.com.tr\/index.php\/wp-json\/wp\/v2\/product"}],"about":[{"href":"https:\/\/roveyayinevi.com.tr\/index.php\/wp-json\/wp\/v2\/types\/product"}],"wp:attachment":[{"href":"https:\/\/roveyayinevi.com.tr\/index.php\/wp-json\/wp\/v2\/media?parent=708683"}],"wp:term":[{"taxonomy":"product_brand","embeddable":true,"href":"https:\/\/roveyayinevi.com.tr\/index.php\/wp-json\/wp\/v2\/product_brand?post=708683"},{"taxonomy":"product_cat","embeddable":true,"href":"https:\/\/roveyayinevi.com.tr\/index.php\/wp-json\/wp\/v2\/product_cat?post=708683"},{"taxonomy":"product_tag","embeddable":true,"href":"https:\/\/roveyayinevi.com.tr\/index.php\/wp-json\/wp\/v2\/product_tag?post=708683"}],"curies":[{"name":"wp","href":"https:\/\/api.w.org\/{rel}","templated":true}]}}