{"id":708681,"date":"2025-08-27T16:17:29","date_gmt":"2025-08-27T13:17:29","guid":{"rendered":"https:\/\/roveyayinevi.com.tr\/index.php\/urun\/iste-kandinsky\/"},"modified":"2026-04-16T02:17:31","modified_gmt":"2026-04-15T23:17:31","slug":"iste-kandinsky","status":"publish","type":"product","link":"https:\/\/roveyayinevi.com.tr\/index.php\/urun\/iste-kandinsky\/","title":{"rendered":"\u0130\u015fte Kandinsky"},"content":{"rendered":"<p>Bacon, Caravaggio, C\u00e9zanne, Dal\u00ed, Gaudi, Gauguin, Goya, Kandinsky, Leonardo da Vinci, Magritte, Matisse, Monet, Pollock, Rembrandt, Van Gogh, Warhol, Frank Lloyd Wright. Farkl\u0131 \u00fclkelerden, farkl\u0131 ak\u0131mlardan, sanat d\u00fcnyas\u0131nda iz b\u0131rakm\u0131\u015f on yedi sanat\u00e7\u0131. \u00d6d\u00fcll\u00fc \u00e7izerlerin kitaplara \u00f6zel \u00e7izdikleri ill\u00fcstrasyonlarla her biri kendi ba\u015f\u0131na da bir sanat eseri aday\u0131 olan on yedi kitap. hep kitap \u201c\u0130\u015fte\u201d dizisiyle sanatseverleri keyifli bir yolculu\u011fa \u00e7\u0131kar\u0131yor. Dizinin bu ayki kitaplar\u0131, \u0130\u015fte Kandinsky ve \u0130\u015fte Rembrandt. Y\u0131k\u0131lan \u015fehirler\u2026 D\u00fc\u015fen bombalar\u2026 Ekonomik krizler\u2026 D\u00fcnya vah\u015fetin i\u00e7inde bo\u011fulurken her \u015feyin ortas\u0131nda duran bir adam. T\u00fcm olumsuzluklara ra\u011fmen bakan de\u011fil g\u00f6ren, g\u00f6rd\u00fc\u011f\u00fcnde mistisizm ve \u015fiirsellik arayan hassas bir zihin. Kli\u015felerden uzak, sadece ortaya koymakla de\u011fil, \u00fczerine d\u00fc\u015f\u00fcnmekle de sanata dahil bir insan. Modern \u00e7a\u011f\u0131n en iyi ressamlar\u0131ndan biri, soyut resmin babas\u0131, ad\u0131n\u0131 herkesin bildi\u011fi, duygular\u0131n\u0131 ise bu kitapta bulaca\u011f\u0131- n\u0131z ger\u00e7ek bir usta: \u0130\u015fte Kandinsky! Sanat tarih\u00e7isi Annabel Howard\u2019\u0131n kalemiyle, \u00e7izer Adam Simpson\u2019\u0131n bu kitaba \u00f6zel yapt\u0131\u011f\u0131 \u00e7izimler birle\u015fiyor ve bizi Kandinsky\u2019nin g\u00fc\u00e7l\u00fc resimlerinin i\u00e7ine davet ediyor. <\/p>\n","protected":false},"excerpt":{"rendered":"<p>Bacon, Caravaggio, C\u00e9zanne, Dal\u00ed, Gaudi, Gauguin, Goya, Kandinsky, Leonardo da Vinci, Magritte, Matisse, Monet, Pollock, Rembrandt, Van Gogh, Warhol, Frank Lloyd Wright. Farkl\u0131 \u00fclkelerden, farkl\u0131 ak\u0131mlardan,<span class=\"excerpt-hellip\"> [\u2026]<\/span><\/p>\n","protected":false},"featured_media":0,"template":"","meta":{"_monsterinsights_skip_tracking":false,"_monsterinsights_sitenote_active":false,"_monsterinsights_sitenote_note":"","_monsterinsights_sitenote_category":0},"product_brand":[],"product_cat":[13072,12291],"product_tag":[],"class_list":{"0":"post-708681","1":"product","2":"type-product","3":"status-publish","5":"product_cat-arastirma-inceleme-referans","6":"product_cat-edebiyat","7":"pa_cilt-ciltsiz","8":"pa_tur-kitap","9":"pa_yayinevi-hep-kitap","10":"pa_yazar-annabel-howard","12":"first","13":"instock","14":"sale","15":"shipping-taxable","16":"purchasable","17":"product-type-simple"},"_links":{"self":[{"href":"https:\/\/roveyayinevi.com.tr\/index.php\/wp-json\/wp\/v2\/product\/708681","targetHints":{"allow":["GET"]}}],"collection":[{"href":"https:\/\/roveyayinevi.com.tr\/index.php\/wp-json\/wp\/v2\/product"}],"about":[{"href":"https:\/\/roveyayinevi.com.tr\/index.php\/wp-json\/wp\/v2\/types\/product"}],"wp:attachment":[{"href":"https:\/\/roveyayinevi.com.tr\/index.php\/wp-json\/wp\/v2\/media?parent=708681"}],"wp:term":[{"taxonomy":"product_brand","embeddable":true,"href":"https:\/\/roveyayinevi.com.tr\/index.php\/wp-json\/wp\/v2\/product_brand?post=708681"},{"taxonomy":"product_cat","embeddable":true,"href":"https:\/\/roveyayinevi.com.tr\/index.php\/wp-json\/wp\/v2\/product_cat?post=708681"},{"taxonomy":"product_tag","embeddable":true,"href":"https:\/\/roveyayinevi.com.tr\/index.php\/wp-json\/wp\/v2\/product_tag?post=708681"}],"curies":[{"name":"wp","href":"https:\/\/api.w.org\/{rel}","templated":true}]}}