{"id":708680,"date":"2025-08-27T16:17:29","date_gmt":"2025-08-27T13:17:29","guid":{"rendered":"https:\/\/roveyayinevi.com.tr\/index.php\/urun\/don-kisot-nasil-yapildi\/"},"modified":"2026-04-16T02:17:31","modified_gmt":"2026-04-15T23:17:31","slug":"don-kisot-nasil-yapildi","status":"publish","type":"product","link":"https:\/\/roveyayinevi.com.tr\/index.php\/urun\/don-kisot-nasil-yapildi\/","title":{"rendered":"Don Ki\u015fot Nas\u0131l Yap\u0131ld\u0131"},"content":{"rendered":"<p>1910&#8217;lu y\u0131llarda Rus F\u00fct\u00fcrizminin iki \u00f6nemli ismi olan Hlebnikov ve Mayakovski ile yak\u0131n arkada\u015f olan \u015eklovski, daha \u00f6\u011frencili\u011fi s\u0131ras\u0131nda F\u00fct\u00fcrizmin kuramc\u0131s\u0131 olmu\u015ftur. \u0130lerleyen y\u0131llarda Rus Bi\u00e7imcilerinin en \u00f6nemli isimlerinden biri haline gelen edebiyat kuramc\u0131s\u0131 Viktor \u015eklovski, edebi metinleri bir yap\u0131 olarak ele alm\u0131\u015f ve onlar\u0131n yaz\u0131lmas\u0131 s\u00fcrecini bir y\u00f6ntem tekni\u011fi olarak tan\u0131mlam\u0131\u015ft\u0131r. \u201cDon Ki\u015fot Nas\u0131l Yap\u0131ld\u0131\u201d adl\u0131 metin Viktor \u015eklovski&#8217;nin bu y\u00f6ntem tekni\u011fini a\u00e7\u0131klad\u0131\u011f\u0131 en \u00f6nemli iki \u00e7al\u0131\u015fmas\u0131ndan biridir. Burada yazar kendi d\u00fczyaz\u0131 kuram\u0131n\u0131 \u00f6rneklendirir. \u015eklovski&#8217;nin roman kuram\u0131n\u0131n iki anahtar kavram\u0131 \u00e7er\u00e7eveleme (obramleniye) ve zincirlemedir (naniz\u0131vaniye). Yazar kitab\u0131nda bu teknikleri ayr\u0131nt\u0131lar\u0131yla a\u00e7\u0131klamaktad\u0131r. <\/p>\n","protected":false},"excerpt":{"rendered":"<p>1910&#8217;lu y\u0131llarda Rus F\u00fct\u00fcrizminin iki \u00f6nemli ismi olan Hlebnikov ve Mayakovski ile yak\u0131n arkada\u015f olan \u015eklovski, daha \u00f6\u011frencili\u011fi s\u0131ras\u0131nda F\u00fct\u00fcrizmin kuramc\u0131s\u0131 olmu\u015ftur. \u0130lerleyen y\u0131llarda Rus Bi\u00e7imcilerinin<span class=\"excerpt-hellip\"> [\u2026]<\/span><\/p>\n","protected":false},"featured_media":0,"template":"","meta":{"_monsterinsights_skip_tracking":false,"_monsterinsights_sitenote_active":false,"_monsterinsights_sitenote_note":"","_monsterinsights_sitenote_category":0},"product_brand":[],"product_cat":[12777,12291],"product_tag":[],"class_list":{"0":"post-708680","1":"product","2":"type-product","3":"status-publish","5":"product_cat-deneme","6":"product_cat-edebiyat","7":"pa_cilt-ciltsiz","8":"pa_tur-kitap","9":"pa_yayinevi-altikirkbes-yayinlari","10":"pa_yazar-viktor-sklovski","12":"first","13":"instock","14":"sale","15":"shipping-taxable","16":"purchasable","17":"product-type-simple"},"_links":{"self":[{"href":"https:\/\/roveyayinevi.com.tr\/index.php\/wp-json\/wp\/v2\/product\/708680","targetHints":{"allow":["GET"]}}],"collection":[{"href":"https:\/\/roveyayinevi.com.tr\/index.php\/wp-json\/wp\/v2\/product"}],"about":[{"href":"https:\/\/roveyayinevi.com.tr\/index.php\/wp-json\/wp\/v2\/types\/product"}],"wp:attachment":[{"href":"https:\/\/roveyayinevi.com.tr\/index.php\/wp-json\/wp\/v2\/media?parent=708680"}],"wp:term":[{"taxonomy":"product_brand","embeddable":true,"href":"https:\/\/roveyayinevi.com.tr\/index.php\/wp-json\/wp\/v2\/product_brand?post=708680"},{"taxonomy":"product_cat","embeddable":true,"href":"https:\/\/roveyayinevi.com.tr\/index.php\/wp-json\/wp\/v2\/product_cat?post=708680"},{"taxonomy":"product_tag","embeddable":true,"href":"https:\/\/roveyayinevi.com.tr\/index.php\/wp-json\/wp\/v2\/product_tag?post=708680"}],"curies":[{"name":"wp","href":"https:\/\/api.w.org\/{rel}","templated":true}]}}