{"id":708679,"date":"2025-08-27T16:17:28","date_gmt":"2025-08-27T13:17:28","guid":{"rendered":"https:\/\/roveyayinevi.com.tr\/index.php\/urun\/batman-cilt-5-yil-sifir-karanlik-sehir\/"},"modified":"2026-02-25T02:24:49","modified_gmt":"2026-02-24T23:24:49","slug":"batman-cilt-5-yil-sifir-karanlik-sehir","status":"publish","type":"product","link":"https:\/\/roveyayinevi.com.tr\/index.php\/urun\/batman-cilt-5-yil-sifir-karanlik-sehir\/","title":{"rendered":"Batman Cilt 5 : Y\u0131l S\u0131f\u0131r-Karanl\u0131k \u015eehir"},"content":{"rendered":"<p>Riddler ad\u0131nda bir s\u00fcper k\u00f6t\u00fc, Gotham \u015fehrinin tamam\u0131n\u0131n karanl\u0131\u011fa g\u00f6m\u00fclmesine sebep oldu\u011funda, bu karanl\u0131k \u00f6rt\u00fcn\u00fcn alt\u0131ndan onun gibi ba\u015fka su\u00e7lular\u0131n ortaya \u00e7\u0131kmaya ba\u015flamalar\u0131 an meselesidir. Batman ve Jim Gordon, Gotham\u2019\u0131 yaln\u0131zca Riddler\u2019in \u00e7arp\u0131k ak\u0131l oyunlar\u0131ndan de\u011fil ayn\u0131 zamanda \u00e7ok daha mahir ve bir o kadar da \u00f6l\u00fcmc\u00fcl d\u00fc\u015fman Dr. \u00d6l\u00fcm\u2019den koruyabilmek i\u00e7in,  g\u00f6n\u00fcls\u00fcz de olsa bir ortakl\u0131k kurmak zorundalard\u0131r.(Tan\u0131t\u0131m B\u00fclteninden) <\/p>\n","protected":false},"excerpt":{"rendered":"<p>Riddler ad\u0131nda bir s\u00fcper k\u00f6t\u00fc, Gotham \u015fehrinin tamam\u0131n\u0131n karanl\u0131\u011fa g\u00f6m\u00fclmesine sebep oldu\u011funda, bu karanl\u0131k \u00f6rt\u00fcn\u00fcn alt\u0131ndan onun gibi ba\u015fka su\u00e7lular\u0131n ortaya \u00e7\u0131kmaya ba\u015flamalar\u0131 an meselesidir. Batman<span class=\"excerpt-hellip\"> [\u2026]<\/span><\/p>\n","protected":false},"featured_media":0,"template":"","meta":{"_monsterinsights_skip_tracking":false,"_monsterinsights_sitenote_active":false,"_monsterinsights_sitenote_note":"","_monsterinsights_sitenote_category":0},"product_brand":[],"product_cat":[12689,12274],"product_tag":[],"class_list":{"0":"post-708679","1":"product","2":"type-product","3":"status-publish","5":"product_cat-cizgi-roman-cocuk-ve-genclik-kitaplari","6":"product_cat-cocuk-ve-genclik-kitaplari","7":"pa_cilt-ciltsiz","8":"pa_tur-kitap","9":"pa_yayinevi-jbc-yayincilik","10":"pa_yazar-scott-snyder-greg-capullo","12":"first","13":"outofstock","14":"sale","15":"shipping-taxable","16":"purchasable","17":"product-type-simple"},"_links":{"self":[{"href":"https:\/\/roveyayinevi.com.tr\/index.php\/wp-json\/wp\/v2\/product\/708679","targetHints":{"allow":["GET"]}}],"collection":[{"href":"https:\/\/roveyayinevi.com.tr\/index.php\/wp-json\/wp\/v2\/product"}],"about":[{"href":"https:\/\/roveyayinevi.com.tr\/index.php\/wp-json\/wp\/v2\/types\/product"}],"wp:attachment":[{"href":"https:\/\/roveyayinevi.com.tr\/index.php\/wp-json\/wp\/v2\/media?parent=708679"}],"wp:term":[{"taxonomy":"product_brand","embeddable":true,"href":"https:\/\/roveyayinevi.com.tr\/index.php\/wp-json\/wp\/v2\/product_brand?post=708679"},{"taxonomy":"product_cat","embeddable":true,"href":"https:\/\/roveyayinevi.com.tr\/index.php\/wp-json\/wp\/v2\/product_cat?post=708679"},{"taxonomy":"product_tag","embeddable":true,"href":"https:\/\/roveyayinevi.com.tr\/index.php\/wp-json\/wp\/v2\/product_tag?post=708679"}],"curies":[{"name":"wp","href":"https:\/\/api.w.org\/{rel}","templated":true}]}}