{"id":708678,"date":"2025-08-27T16:17:28","date_gmt":"2025-08-27T13:17:28","guid":{"rendered":"https:\/\/roveyayinevi.com.tr\/index.php\/urun\/batman-yeni-dunya-cilt-2\/"},"modified":"2026-04-06T12:38:25","modified_gmt":"2026-04-06T09:38:25","slug":"batman-yeni-dunya-cilt-2","status":"publish","type":"product","link":"https:\/\/roveyayinevi.com.tr\/index.php\/urun\/batman-yeni-dunya-cilt-2\/","title":{"rendered":"Batman Yeni D\u00fcnya Cilt 2"},"content":{"rendered":"<p>De\u011fi\u015fim Gotham\u2019a geliyor. Belediye Ba\u015fkan\u0131 Oswald Cobblepot\u2019un \u00f6l\u00fcm\u00fc ve \u201cBatman\u201din do\u011fu\u015fu aras\u0131nda ge\u00e7en zamanda yeni bir \u015fafak, \u0131\u015f\u0131klar\u0131n\u0131 k\u00f6t\u00fc \u015f\u00f6hretli ve bozulmu\u015f \u015fehrin \u00fczerine d\u00fc\u015f\u00fcr\u00fcyor. Yeni belediye ba\u015fkan\u0131 Jessica Dent ve erkek karde\u015fi, b\u00f6lge ba\u015fsavc\u0131s\u0131 Harvey Dent, Kara \u015e\u00f6valye ve Dedektif Jim Gordon\u2019a kat\u0131l\u0131p Gotham\u2019\u0131n su\u00e7 \u00f6\u011feleri kar\u015f\u0131s\u0131nda verilen m\u00fccadeleye d\u00e2hil oluyor. Fakat yeni bir tehdit do\u011fuyor&#8211; hem de bilmecelerle dolu basit oyunlar oynamay\u0131 seven biri suretinde. Cevab\u0131 yanl\u0131\u015f verirsen \u00f6l\u00fcrs\u00fcn. Cevab\u0131 do\u011fru verirsen\u2026 New York Times en \u00e7ok satanlar listesinde 1 numaraya y\u00fckselen BATMAN: YEN\u0130 D\u00dcNYA\u2019n\u0131n ikinci b\u00f6l\u00fcm\u00fcnde yazar Geoff Johns ve \u00e7izer Gary Frank yeniden tak\u0131m olup okuyucuya, Batman\u2019in en k\u00f6t\u00fc \u015f\u00f6hretli rakiplerinden olu\u015fan bir ekip sunmakla kalm\u0131yor, ayn\u0131 zamanda beklenmedik heyecanlar ve d\u00f6n\u00fc\u015flerle kurgu edebiyat\u0131n\u0131n en \u00f6nemli karakterleri i\u00e7in yepyeni ve inan\u0131lmaz bir mitoloji yarat\u0131yorlar. <\/p>\n","protected":false},"excerpt":{"rendered":"<p>De\u011fi\u015fim Gotham\u2019a geliyor. Belediye Ba\u015fkan\u0131 Oswald Cobblepot\u2019un \u00f6l\u00fcm\u00fc ve \u201cBatman\u201din do\u011fu\u015fu aras\u0131nda ge\u00e7en zamanda yeni bir \u015fafak, \u0131\u015f\u0131klar\u0131n\u0131 k\u00f6t\u00fc \u015f\u00f6hretli ve bozulmu\u015f \u015fehrin \u00fczerine d\u00fc\u015f\u00fcr\u00fcyor. Yeni<span class=\"excerpt-hellip\"> [\u2026]<\/span><\/p>\n","protected":false},"featured_media":0,"template":"","meta":{"_monsterinsights_skip_tracking":false,"_monsterinsights_sitenote_active":false,"_monsterinsights_sitenote_note":"","_monsterinsights_sitenote_category":0},"product_brand":[],"product_cat":[12689,12274],"product_tag":[],"class_list":{"0":"post-708678","1":"product","2":"type-product","3":"status-publish","5":"product_cat-cizgi-roman-cocuk-ve-genclik-kitaplari","6":"product_cat-cocuk-ve-genclik-kitaplari","7":"pa_cilt-ciltsiz","8":"pa_tur-kitap","9":"pa_yayinevi-jbc-yayincilik","10":"pa_yazar-geoff-johns","12":"first","13":"instock","14":"sale","15":"shipping-taxable","16":"purchasable","17":"product-type-simple"},"_links":{"self":[{"href":"https:\/\/roveyayinevi.com.tr\/index.php\/wp-json\/wp\/v2\/product\/708678","targetHints":{"allow":["GET"]}}],"collection":[{"href":"https:\/\/roveyayinevi.com.tr\/index.php\/wp-json\/wp\/v2\/product"}],"about":[{"href":"https:\/\/roveyayinevi.com.tr\/index.php\/wp-json\/wp\/v2\/types\/product"}],"wp:attachment":[{"href":"https:\/\/roveyayinevi.com.tr\/index.php\/wp-json\/wp\/v2\/media?parent=708678"}],"wp:term":[{"taxonomy":"product_brand","embeddable":true,"href":"https:\/\/roveyayinevi.com.tr\/index.php\/wp-json\/wp\/v2\/product_brand?post=708678"},{"taxonomy":"product_cat","embeddable":true,"href":"https:\/\/roveyayinevi.com.tr\/index.php\/wp-json\/wp\/v2\/product_cat?post=708678"},{"taxonomy":"product_tag","embeddable":true,"href":"https:\/\/roveyayinevi.com.tr\/index.php\/wp-json\/wp\/v2\/product_tag?post=708678"}],"curies":[{"name":"wp","href":"https:\/\/api.w.org\/{rel}","templated":true}]}}