{"id":708677,"date":"2025-08-27T16:17:27","date_gmt":"2025-08-27T13:17:27","guid":{"rendered":"https:\/\/roveyayinevi.com.tr\/index.php\/urun\/opera-kahkahasi\/"},"modified":"2026-04-16T02:17:31","modified_gmt":"2026-04-15T23:17:31","slug":"opera-kahkahasi","status":"publish","type":"product","link":"https:\/\/roveyayinevi.com.tr\/index.php\/urun\/opera-kahkahasi\/","title":{"rendered":"Opera Kahkahas\u0131"},"content":{"rendered":"<p>\u00c7a\u011fda\u015f T\u00fcrk \u015fiirinin usta \u015fairi \u00d6zdemir \u0130nce, yeni \u015fiir kitab\u0131 Opera Kahkahas\u0131&#8217;yla g\u00fc\u00e7l\u00fc bir \u015fiir f\u0131rt\u0131nas\u0131 estiriyor. \u00c7a\u011f\u0131na tan\u0131kl\u0131k etmekle kalmay\u0131p m\u00fcdahale eden, aya\u011fa kalkan, direnen, d\u00f6v\u00fc\u015fen, yenileyen&#8230; sars\u0131c\u0131 ve b\u00fcy\u00fck bir \u015fiir.Bin adet bas\u0131lan ve t\u00fcm n\u00fcshalar\u0131 numaralanan kitaptaki \u015fiirlere ressam Ekrem Kahraman&#8217;\u0131n resimleri e\u015flik ediyor.Biri d\u00fcnya nerede diye sormu\u015f,s\u00f6zc\u00fc\u011f\u00fcn i\u00e7indedir demi\u015f \u00f6teki.Yanl\u0131\u015ft\u0131r, kara hurafedir,s\u00f6zc\u00fc\u011f\u00fcn d\u0131\u015f\u0131nda da vard\u0131rd\u00fc\u015f, yani r\u00fcya gibi, bal ar\u0131s\u0131 gibi.Her dilde bir d\u00fc\u015f s\u00f6zc\u00fc\u011f\u00fc vard\u0131r \u2013ama sen d\u00fc\u015fme karamsarl\u0131\u011fa \u2013biri \u00f6tekinin i\u00e7inde ve d\u0131\u015f\u0131nda.Olacaksan d\u00fc\u015f yorumcusu,r\u00e2v\u00ee ol,r\u00fcya ve rivayet mebzuldur memlekette,\u015faman desinler s\u0131fats\u0131z ad\u0131na.Duyarsan, gocunma sak\u0131n.Herkes d\u00fc\u015flerine benzer, derler:Benzesin benzersiz benzesin\u2026 <\/p>\n","protected":false},"excerpt":{"rendered":"<p>\u00c7a\u011fda\u015f T\u00fcrk \u015fiirinin usta \u015fairi \u00d6zdemir \u0130nce, yeni \u015fiir kitab\u0131 Opera Kahkahas\u0131&#8217;yla g\u00fc\u00e7l\u00fc bir \u015fiir f\u0131rt\u0131nas\u0131 estiriyor. \u00c7a\u011f\u0131na tan\u0131kl\u0131k etmekle kalmay\u0131p m\u00fcdahale eden, aya\u011fa kalkan, direnen,<span class=\"excerpt-hellip\"> [\u2026]<\/span><\/p>\n","protected":false},"featured_media":0,"template":"","meta":{"_monsterinsights_skip_tracking":false,"_monsterinsights_sitenote_active":false,"_monsterinsights_sitenote_note":"","_monsterinsights_sitenote_category":0},"product_brand":[],"product_cat":[12291,14825],"product_tag":[],"class_list":{"0":"post-708677","1":"product","2":"type-product","3":"status-publish","5":"product_cat-edebiyat","6":"product_cat-mizah","7":"pa_cilt-ciltsiz","8":"pa_tur-kitap","9":"pa_yayinevi-ve-yayinevi","10":"pa_yazar-ozdemir-ince","12":"first","13":"instock","14":"sale","15":"shipping-taxable","16":"purchasable","17":"product-type-simple"},"_links":{"self":[{"href":"https:\/\/roveyayinevi.com.tr\/index.php\/wp-json\/wp\/v2\/product\/708677","targetHints":{"allow":["GET"]}}],"collection":[{"href":"https:\/\/roveyayinevi.com.tr\/index.php\/wp-json\/wp\/v2\/product"}],"about":[{"href":"https:\/\/roveyayinevi.com.tr\/index.php\/wp-json\/wp\/v2\/types\/product"}],"wp:attachment":[{"href":"https:\/\/roveyayinevi.com.tr\/index.php\/wp-json\/wp\/v2\/media?parent=708677"}],"wp:term":[{"taxonomy":"product_brand","embeddable":true,"href":"https:\/\/roveyayinevi.com.tr\/index.php\/wp-json\/wp\/v2\/product_brand?post=708677"},{"taxonomy":"product_cat","embeddable":true,"href":"https:\/\/roveyayinevi.com.tr\/index.php\/wp-json\/wp\/v2\/product_cat?post=708677"},{"taxonomy":"product_tag","embeddable":true,"href":"https:\/\/roveyayinevi.com.tr\/index.php\/wp-json\/wp\/v2\/product_tag?post=708677"}],"curies":[{"name":"wp","href":"https:\/\/api.w.org\/{rel}","templated":true}]}}