{"id":708676,"date":"2025-08-27T16:17:27","date_gmt":"2025-08-27T13:17:27","guid":{"rendered":"https:\/\/roveyayinevi.com.tr\/index.php\/urun\/dini-bir-veciveyle-pis-bir-ucube\/"},"modified":"2025-11-07T04:10:37","modified_gmt":"2025-11-07T01:10:37","slug":"dini-bir-veciveyle-pis-bir-ucube","status":"publish","type":"product","link":"https:\/\/roveyayinevi.com.tr\/index.php\/urun\/dini-bir-veciveyle-pis-bir-ucube\/","title":{"rendered":"Dini Bir Veciveyle Pis Bir Ucube"},"content":{"rendered":"<p>Ger\u00e7ek a\u015fklara ger\u00e7ek insanlara yazm\u0131\u015ft\u0131m \u015fiirlerimi&#8230; Bana pis bir ucubeymi\u015fim gibi davranan ucubeye&#8230; \u0130nsan hi\u00e7 ucubeye \u015fiir yazar m\u0131 demeyin! Benimki ger\u00e7ek bir a\u015fk hikayesiydi&#8230; \u00d6yle sand\u0131m&#8230;K\u00fc\u00e7\u00fckt\u00fcm&#8230;. Aldand\u0131m&#8230; Hani bize hep anlat\u0131lan kurba\u011fa prens hikayesi var ya; Ben hep kurba\u011fan\u0131n prens olaca\u011f\u0131n\u0131 d\u00fc\u015f\u00fcnm\u00fc\u015ft\u00fcm, ama nereden bilebilirdim prensimin kurba\u011fa \u00e7\u0131kaca\u011f\u0131n\u0131&#8230; Kurba\u011fam\u0131n da yok olaca\u011f\u0131n\u0131&#8230; Bu kitab\u0131m benim gibi kurba\u011fay\u0131 prens zanneden gen\u00e7 k\u0131zlara, incinmi\u015f aldat\u0131lm\u0131\u015f t\u00fcm kad\u0131nlara, terk edilmi\u015f a\u015f\u0131klara ve a\u015fk\u0131 ararken insan\u0131n nas\u0131l ac\u0131 \u00e7ekti\u011fini, her \u015feyini kaybetmi\u015fli\u011fini anlamak isteyen a\u015fk h\u0131rs\u0131zlar\u0131na gelsin&#8230; Ve t\u00fcm \u015fiir dostlar\u0131na&#8230;. Ben k\u00fc\u00e7\u00fck bir k\u0131zd\u0131m, \u00e7ok incindim&#8230; L\u00fctfen siz incinmeyin ve sizi kimsenin incitmesine izin vermeyin&#8230; <\/p>\n","protected":false},"excerpt":{"rendered":"<p>Ger\u00e7ek a\u015fklara ger\u00e7ek insanlara yazm\u0131\u015ft\u0131m \u015fiirlerimi&#8230; Bana pis bir ucubeymi\u015fim gibi davranan ucubeye&#8230; \u0130nsan hi\u00e7 ucubeye \u015fiir yazar m\u0131 demeyin! Benimki ger\u00e7ek bir a\u015fk hikayesiydi&#8230; \u00d6yle<span class=\"excerpt-hellip\"> [\u2026]<\/span><\/p>\n","protected":false},"featured_media":0,"template":"","meta":{"_monsterinsights_skip_tracking":false,"_monsterinsights_sitenote_active":false,"_monsterinsights_sitenote_note":"","_monsterinsights_sitenote_category":0},"product_brand":[],"product_cat":[12291,12509],"product_tag":[],"class_list":{"0":"post-708676","1":"product","2":"type-product","3":"status-publish","5":"product_cat-edebiyat","6":"product_cat-siir","7":"pa_cilt-ciltsiz","8":"pa_tur-kitap","9":"pa_yayinevi-grifon","10":"pa_yazar-selma-mehtap-metin","12":"first","13":"instock","14":"sale","15":"shipping-taxable","16":"purchasable","17":"product-type-simple"},"_links":{"self":[{"href":"https:\/\/roveyayinevi.com.tr\/index.php\/wp-json\/wp\/v2\/product\/708676","targetHints":{"allow":["GET"]}}],"collection":[{"href":"https:\/\/roveyayinevi.com.tr\/index.php\/wp-json\/wp\/v2\/product"}],"about":[{"href":"https:\/\/roveyayinevi.com.tr\/index.php\/wp-json\/wp\/v2\/types\/product"}],"wp:attachment":[{"href":"https:\/\/roveyayinevi.com.tr\/index.php\/wp-json\/wp\/v2\/media?parent=708676"}],"wp:term":[{"taxonomy":"product_brand","embeddable":true,"href":"https:\/\/roveyayinevi.com.tr\/index.php\/wp-json\/wp\/v2\/product_brand?post=708676"},{"taxonomy":"product_cat","embeddable":true,"href":"https:\/\/roveyayinevi.com.tr\/index.php\/wp-json\/wp\/v2\/product_cat?post=708676"},{"taxonomy":"product_tag","embeddable":true,"href":"https:\/\/roveyayinevi.com.tr\/index.php\/wp-json\/wp\/v2\/product_tag?post=708676"}],"curies":[{"name":"wp","href":"https:\/\/api.w.org\/{rel}","templated":true}]}}