{"id":708674,"date":"2025-08-27T16:17:26","date_gmt":"2025-08-27T13:17:26","guid":{"rendered":"https:\/\/roveyayinevi.com.tr\/index.php\/urun\/eski-turk-dini-tarihi\/"},"modified":"2026-04-16T02:17:31","modified_gmt":"2026-04-15T23:17:31","slug":"eski-turk-dini-tarihi","status":"publish","type":"product","link":"https:\/\/roveyayinevi.com.tr\/index.php\/urun\/eski-turk-dini-tarihi\/","title":{"rendered":"Eski T\u00fcrk Dini Tarihi"},"content":{"rendered":"<p>Prof. Abd\u00fclkadir \u0130nan&#8217;\u0131n etnografya, T\u00fcrk Tarihi, T\u00fcrk Leh\u00e7eleri ve T\u00fcrk Filolojisine, T\u00fcrklerin Mill\u00ee Hayat\u0131na ve D\u0131\u015f T\u00fcrklerin M\u00fccadelelerine dair yaz\u0131lar\u0131 kadar, onun, T\u00fcrklerin Dinleri ve inan\u00e7lar\u0131na, Dini Folklora dair de de\u011ferli eserleri vard\u0131r. Bu eserde onun \u015fimdiye kadar yay\u0131nlanmam\u0131\u015f T\u00fcrk Din\u00ee Tarihi&#8217;ne ait uzun bir makalesi ile mevcudu azalm\u0131\u015f Eski T\u00fcrk Dini ile ilgili T\u00fcrk \u015eamanizm\u2019ine ve &#8220;Hurafeler Ve Men\u015feleri&#8221;ne dair \u00f6nemli bro\u015f\u00fcr\u00fc birlikte sunulmaktad\u0131r. Takdim etti\u011fimiz T\u00fcrk Din\u00ee Tarihi ve Dini Folkloruna ait bibliyografya Prof. Abd\u00fclkadir \u0130nan&#8217;\u0131n bu alanda da ne kadar verimli eserler verdi\u011fini g\u00f6sterecektir.Arap\u00e7a, Fars\u00e7a, Rus\u00e7a, Almanca ve b\u00fct\u00fcn T\u00fcrk leh\u00e7elerini bilen Abd\u00fclkadir \u0130nan\u2019\u0131n ilim \u00e2lemindeki, T\u00fcrk K\u00fclt\u00fcr hayat\u0131ndaki yerinin doldurulmas\u0131 pek g\u00fc\u00e7t\u00fcr. Bu itibarla onun eserlerinin ve bibliyografyas\u0131n\u0131n bilinmesinde b\u00fcy\u00fck fayda olaca\u011f\u0131 kanaatindeyiz. <\/p>\n","protected":false},"excerpt":{"rendered":"<p>Prof. Abd\u00fclkadir \u0130nan&#8217;\u0131n etnografya, T\u00fcrk Tarihi, T\u00fcrk Leh\u00e7eleri ve T\u00fcrk Filolojisine, T\u00fcrklerin Mill\u00ee Hayat\u0131na ve D\u0131\u015f T\u00fcrklerin M\u00fccadelelerine dair yaz\u0131lar\u0131 kadar, onun, T\u00fcrklerin Dinleri ve inan\u00e7lar\u0131na,<span class=\"excerpt-hellip\"> [\u2026]<\/span><\/p>\n","protected":false},"featured_media":0,"template":"","meta":{"_monsterinsights_skip_tracking":false,"_monsterinsights_sitenote_active":false,"_monsterinsights_sitenote_note":"","_monsterinsights_sitenote_category":0},"product_brand":[],"product_cat":[12304,13493],"product_tag":[],"class_list":{"0":"post-708674","1":"product","2":"type-product","3":"status-publish","5":"product_cat-tarih","6":"product_cat-turkiye-ve-cumhuriyet-tarihi","7":"pa_cilt-ciltsiz","8":"pa_tur-kitap","9":"pa_yayinevi-altinordu-yayinlari","10":"pa_yazar-abdulkadir-inan","12":"first","13":"instock","14":"sale","15":"shipping-taxable","16":"purchasable","17":"product-type-simple"},"_links":{"self":[{"href":"https:\/\/roveyayinevi.com.tr\/index.php\/wp-json\/wp\/v2\/product\/708674","targetHints":{"allow":["GET"]}}],"collection":[{"href":"https:\/\/roveyayinevi.com.tr\/index.php\/wp-json\/wp\/v2\/product"}],"about":[{"href":"https:\/\/roveyayinevi.com.tr\/index.php\/wp-json\/wp\/v2\/types\/product"}],"wp:attachment":[{"href":"https:\/\/roveyayinevi.com.tr\/index.php\/wp-json\/wp\/v2\/media?parent=708674"}],"wp:term":[{"taxonomy":"product_brand","embeddable":true,"href":"https:\/\/roveyayinevi.com.tr\/index.php\/wp-json\/wp\/v2\/product_brand?post=708674"},{"taxonomy":"product_cat","embeddable":true,"href":"https:\/\/roveyayinevi.com.tr\/index.php\/wp-json\/wp\/v2\/product_cat?post=708674"},{"taxonomy":"product_tag","embeddable":true,"href":"https:\/\/roveyayinevi.com.tr\/index.php\/wp-json\/wp\/v2\/product_tag?post=708674"}],"curies":[{"name":"wp","href":"https:\/\/api.w.org\/{rel}","templated":true}]}}