{"id":708673,"date":"2025-08-27T16:17:25","date_gmt":"2025-08-27T13:17:25","guid":{"rendered":"https:\/\/roveyayinevi.com.tr\/index.php\/urun\/turkoloji-ders-notlari\/"},"modified":"2026-04-16T02:17:31","modified_gmt":"2026-04-15T23:17:31","slug":"turkoloji-ders-notlari","status":"publish","type":"product","link":"https:\/\/roveyayinevi.com.tr\/index.php\/urun\/turkoloji-ders-notlari\/","title":{"rendered":"T\u00fcrkoloji Ders Notlar\u0131"},"content":{"rendered":"<p>\u00c7alkant\u0131l\u0131 ve zorluklarla dolu hayat\u0131na ra\u011fmen Abd\u00fclkadir \u0130nan; gayreti, titizli\u011fi ve hi\u00e7 bitmeyen heyecan\u0131yla, her d\u00f6nemde pek \u00e7ok \u00e7al\u0131\u015fmaya imza atmay\u0131 ba\u015farabilmi\u015ftir. Kendisinin, \u00e7e\u015fitli konularda yay\u0131mlanan \u00fc\u00e7 y\u00fczden fazla makalesi ve on kadar kitab\u0131n\u0131n yan\u0131 s\u0131ra terc\u00fcmeleri de bulunmaktad\u0131r. Gerek tarih\u00ee bir \u00f6neme sahip olu\u015fu ve gerek ihtiva etti\u011fi de\u011ferli bilgilerle bu eser, uzunca bir s\u00fcredir g\u00fcn\u00fcm\u00fcz okuyucular\u0131na ve ara\u015ft\u0131rmac\u0131lar\u0131na yeniden sunulmay\u0131 bekliyordu.Eserde T\u00fcrk dilinin tarihi, yay\u0131l\u0131\u015f alanlar\u0131, d\u00fcnya k\u00fclt\u00fcr tarihinde oynad\u0131\u011f\u0131 roller ve en eski d\u00f6nemleri, T\u00fcrk leh\u00e7elerinin tasnifi, T\u00fcrkoloji\u2019nin tarifi ve tarihi gibi temel konular\u0131n yan\u0131 s\u0131ra K\u0131rg\u0131z T\u00fcrk\u00e7esinin foneti\u011fi, morfolojisi gibi bu leh\u00e7eye y\u00f6nelik hususlar ve metinler de yer almaktad\u0131r. <\/p>\n","protected":false},"excerpt":{"rendered":"<p>\u00c7alkant\u0131l\u0131 ve zorluklarla dolu hayat\u0131na ra\u011fmen Abd\u00fclkadir \u0130nan; gayreti, titizli\u011fi ve hi\u00e7 bitmeyen heyecan\u0131yla, her d\u00f6nemde pek \u00e7ok \u00e7al\u0131\u015fmaya imza atmay\u0131 ba\u015farabilmi\u015ftir. Kendisinin, \u00e7e\u015fitli konularda yay\u0131mlanan<span class=\"excerpt-hellip\"> [\u2026]<\/span><\/p>\n","protected":false},"featured_media":0,"template":"","meta":{"_monsterinsights_skip_tracking":false,"_monsterinsights_sitenote_active":false,"_monsterinsights_sitenote_note":"","_monsterinsights_sitenote_category":0},"product_brand":[],"product_cat":[20225,12291],"product_tag":[],"class_list":{"0":"post-708673","1":"product","2":"type-product","3":"status-publish","5":"product_cat-dil-bilim","6":"product_cat-edebiyat","7":"pa_cilt-ciltsiz","8":"pa_tur-kitap","9":"pa_yayinevi-altinordu-yayinlari","10":"pa_yazar-abdulkadir-inan","12":"first","13":"instock","14":"sale","15":"shipping-taxable","16":"purchasable","17":"product-type-simple"},"_links":{"self":[{"href":"https:\/\/roveyayinevi.com.tr\/index.php\/wp-json\/wp\/v2\/product\/708673","targetHints":{"allow":["GET"]}}],"collection":[{"href":"https:\/\/roveyayinevi.com.tr\/index.php\/wp-json\/wp\/v2\/product"}],"about":[{"href":"https:\/\/roveyayinevi.com.tr\/index.php\/wp-json\/wp\/v2\/types\/product"}],"wp:attachment":[{"href":"https:\/\/roveyayinevi.com.tr\/index.php\/wp-json\/wp\/v2\/media?parent=708673"}],"wp:term":[{"taxonomy":"product_brand","embeddable":true,"href":"https:\/\/roveyayinevi.com.tr\/index.php\/wp-json\/wp\/v2\/product_brand?post=708673"},{"taxonomy":"product_cat","embeddable":true,"href":"https:\/\/roveyayinevi.com.tr\/index.php\/wp-json\/wp\/v2\/product_cat?post=708673"},{"taxonomy":"product_tag","embeddable":true,"href":"https:\/\/roveyayinevi.com.tr\/index.php\/wp-json\/wp\/v2\/product_tag?post=708673"}],"curies":[{"name":"wp","href":"https:\/\/api.w.org\/{rel}","templated":true}]}}