{"id":708672,"date":"2025-08-27T16:17:25","date_gmt":"2025-08-27T13:17:25","guid":{"rendered":"https:\/\/roveyayinevi.com.tr\/index.php\/urun\/kirmizi-kurdele-mavi-papyon-4-hayaletler-nelerden-korkar\/"},"modified":"2026-04-16T02:17:31","modified_gmt":"2026-04-15T23:17:31","slug":"kirmizi-kurdele-mavi-papyon-4-hayaletler-nelerden-korkar","status":"publish","type":"product","link":"https:\/\/roveyayinevi.com.tr\/index.php\/urun\/kirmizi-kurdele-mavi-papyon-4-hayaletler-nelerden-korkar\/","title":{"rendered":"K\u0131rm\u0131z\u0131 Kurdele Mavi Papyon 4 &#8211; Hayaletler Nelerden Korkar?"},"content":{"rendered":"<p>K\u0131rm\u0131z\u0131 Kurdele son zamanlarda zar zor uyuyabiliyordu, \u00e7\u00fcnk\u00fc ne zaman yatma vakti gelse izledi\u011fi \u00e7izgi filmdeki hayaletler akl\u0131na geliyordu. Sabah olunca da uykusunu almam\u0131\u015f oluyordu. Acaba hayaletler ger\u00e7ek mi? Peki K\u0131rm\u0131z\u0131 Kurdele\u2019nin d\u00fc\u015f\u00fcnd\u00fc\u011f\u00fc kadar korkun\u00e7 mu? Bakal\u0131m Mavi Papyon K\u0131rm\u0131z\u0131 Kurdele\u2019ye bu konuda nas\u0131l yard\u0131mc\u0131 olacak? K\u0131rm\u0131z\u0131 Kurdele ile Mavi Papyon\u2019un bu komik hik\u00e2yesi \u00e7ocu\u011funuza korkutucu gelebilecek bir\u00e7ok \u015feyin asl\u0131nda birer hayal \u00fcr\u00fcn\u00fc oldu\u011funu kabul edip olmayan bir \u015feyden korkman\u0131n ne kadar komik oldu\u011funu anlatacak. <\/p>\n","protected":false},"excerpt":{"rendered":"<p>K\u0131rm\u0131z\u0131 Kurdele son zamanlarda zar zor uyuyabiliyordu, \u00e7\u00fcnk\u00fc ne zaman yatma vakti gelse izledi\u011fi \u00e7izgi filmdeki hayaletler akl\u0131na geliyordu. Sabah olunca da uykusunu almam\u0131\u015f oluyordu. Acaba<span class=\"excerpt-hellip\"> [\u2026]<\/span><\/p>\n","protected":false},"featured_media":0,"template":"","meta":{"_monsterinsights_skip_tracking":false,"_monsterinsights_sitenote_active":false,"_monsterinsights_sitenote_note":"","_monsterinsights_sitenote_category":0},"product_brand":[],"product_cat":[12275,12274],"product_tag":[],"class_list":{"0":"post-708672","1":"product","2":"type-product","3":"status-publish","5":"product_cat-6-12-yas-kitaplari","6":"product_cat-cocuk-ve-genclik-kitaplari","7":"pa_cilt-ciltsiz","8":"pa_tur-kitap","9":"pa_yayinevi-mandolin-yayinlari","10":"pa_yazar-aysen-oy","12":"first","13":"instock","14":"sale","15":"shipping-taxable","16":"purchasable","17":"product-type-simple"},"_links":{"self":[{"href":"https:\/\/roveyayinevi.com.tr\/index.php\/wp-json\/wp\/v2\/product\/708672","targetHints":{"allow":["GET"]}}],"collection":[{"href":"https:\/\/roveyayinevi.com.tr\/index.php\/wp-json\/wp\/v2\/product"}],"about":[{"href":"https:\/\/roveyayinevi.com.tr\/index.php\/wp-json\/wp\/v2\/types\/product"}],"wp:attachment":[{"href":"https:\/\/roveyayinevi.com.tr\/index.php\/wp-json\/wp\/v2\/media?parent=708672"}],"wp:term":[{"taxonomy":"product_brand","embeddable":true,"href":"https:\/\/roveyayinevi.com.tr\/index.php\/wp-json\/wp\/v2\/product_brand?post=708672"},{"taxonomy":"product_cat","embeddable":true,"href":"https:\/\/roveyayinevi.com.tr\/index.php\/wp-json\/wp\/v2\/product_cat?post=708672"},{"taxonomy":"product_tag","embeddable":true,"href":"https:\/\/roveyayinevi.com.tr\/index.php\/wp-json\/wp\/v2\/product_tag?post=708672"}],"curies":[{"name":"wp","href":"https:\/\/api.w.org\/{rel}","templated":true}]}}