{"id":708671,"date":"2025-08-27T16:17:24","date_gmt":"2025-08-27T13:17:24","guid":{"rendered":"https:\/\/roveyayinevi.com.tr\/index.php\/urun\/kirmizi-kurdele-mavi-papyon-3-kustum\/"},"modified":"2026-04-16T02:17:31","modified_gmt":"2026-04-15T23:17:31","slug":"kirmizi-kurdele-mavi-papyon-3-kustum","status":"publish","type":"product","link":"https:\/\/roveyayinevi.com.tr\/index.php\/urun\/kirmizi-kurdele-mavi-papyon-3-kustum\/","title":{"rendered":"K\u0131rm\u0131z\u0131 Kurdele Mavi Papyon 3 &#8211; K\u00fcst\u00fcm"},"content":{"rendered":"<p>Mavi Papyon \u00e7ok iyi resim yapmakla kalmaz, att\u0131\u011f\u0131 gollerle de herkesi kendine hayran b\u0131rak\u0131r. Herkesin s\u00fcrekli ondan ve ba\u015far\u0131lar\u0131ndan s\u00f6z etmesi ise K\u0131rm\u0131z\u0131 Kurdele\u2019nin \u00e7ileden \u00e7\u0131kmas\u0131na sebep olur. Acaba bu durum \u00e7ok iyi arkada\u015f olan Mavi Papyon\u2019la K\u0131rm\u0131z\u0131 Kurdele\u2019nin aras\u0131n\u0131 a\u00e7acak m\u0131? K\u0131rm\u0131z\u0131 Kurdele ile Mavi Papyon\u2019un bu komik hik\u00e2yesi \u00e7ocu\u011funuzun hem kendi ba\u015far\u0131lar\u0131yla hem de arkada\u015flar\u0131n\u0131n ba\u015far\u0131lar\u0131yla gurur duymas\u0131n\u0131 sa\u011flayacak. \u00c7ocu\u011funuza arkada\u015flar\u0131na k\u00fcsmek yerine onlarla konu\u015farak soruna \u00e7\u00f6z\u00fcm bulman\u0131n ne kadar \u00f6nemli oldu\u011funu anlatacak <\/p>\n","protected":false},"excerpt":{"rendered":"<p>Mavi Papyon \u00e7ok iyi resim yapmakla kalmaz, att\u0131\u011f\u0131 gollerle de herkesi kendine hayran b\u0131rak\u0131r. Herkesin s\u00fcrekli ondan ve ba\u015far\u0131lar\u0131ndan s\u00f6z etmesi ise K\u0131rm\u0131z\u0131 Kurdele\u2019nin \u00e7ileden \u00e7\u0131kmas\u0131na<span class=\"excerpt-hellip\"> [\u2026]<\/span><\/p>\n","protected":false},"featured_media":0,"template":"","meta":{"_monsterinsights_skip_tracking":false,"_monsterinsights_sitenote_active":false,"_monsterinsights_sitenote_note":"","_monsterinsights_sitenote_category":0},"product_brand":[],"product_cat":[12275,12274],"product_tag":[],"class_list":{"0":"post-708671","1":"product","2":"type-product","3":"status-publish","5":"product_cat-6-12-yas-kitaplari","6":"product_cat-cocuk-ve-genclik-kitaplari","7":"pa_cilt-ciltsiz","8":"pa_tur-kitap","9":"pa_yayinevi-mandolin-yayinlari","10":"pa_yazar-aysen-oy","12":"first","13":"instock","14":"sale","15":"shipping-taxable","16":"purchasable","17":"product-type-simple"},"_links":{"self":[{"href":"https:\/\/roveyayinevi.com.tr\/index.php\/wp-json\/wp\/v2\/product\/708671","targetHints":{"allow":["GET"]}}],"collection":[{"href":"https:\/\/roveyayinevi.com.tr\/index.php\/wp-json\/wp\/v2\/product"}],"about":[{"href":"https:\/\/roveyayinevi.com.tr\/index.php\/wp-json\/wp\/v2\/types\/product"}],"wp:attachment":[{"href":"https:\/\/roveyayinevi.com.tr\/index.php\/wp-json\/wp\/v2\/media?parent=708671"}],"wp:term":[{"taxonomy":"product_brand","embeddable":true,"href":"https:\/\/roveyayinevi.com.tr\/index.php\/wp-json\/wp\/v2\/product_brand?post=708671"},{"taxonomy":"product_cat","embeddable":true,"href":"https:\/\/roveyayinevi.com.tr\/index.php\/wp-json\/wp\/v2\/product_cat?post=708671"},{"taxonomy":"product_tag","embeddable":true,"href":"https:\/\/roveyayinevi.com.tr\/index.php\/wp-json\/wp\/v2\/product_tag?post=708671"}],"curies":[{"name":"wp","href":"https:\/\/api.w.org\/{rel}","templated":true}]}}