{"id":708670,"date":"2025-08-27T16:17:24","date_gmt":"2025-08-27T13:17:24","guid":{"rendered":"https:\/\/roveyayinevi.com.tr\/index.php\/urun\/kirmizi-kurdele-mavi-papyon-2-pijama-partisi\/"},"modified":"2026-04-16T02:17:31","modified_gmt":"2026-04-15T23:17:31","slug":"kirmizi-kurdele-mavi-papyon-2-pijama-partisi","status":"publish","type":"product","link":"https:\/\/roveyayinevi.com.tr\/index.php\/urun\/kirmizi-kurdele-mavi-papyon-2-pijama-partisi\/","title":{"rendered":"K\u0131rm\u0131z\u0131 Kurdele Mavi Papyon 2 &#8211; Pijama Partisi"},"content":{"rendered":"<p>Mavi Papyon evinde bir pijama partisi verir ve bu partiye en sevdi\u011fi arkada\u015flar\u0131ndan K\u0131rm\u0131z\u0131 Kurdele de davetlidir. Partiye davet edildi\u011finden beri K\u0131rm\u0131z\u0131 Kurdele har\u0131l har\u0131l bavul haz\u0131rl\u0131yor\u2026 Bakal\u0131m partide neler ya\u015fanacak? K\u0131rm\u0131z\u0131 Kurdele ile Mavi Papyon\u2019un bu komik hik\u00e2yesi \u00e7ocu\u011funuza mevsiminde ve ortama uygun giyinmenin ne kadar \u00f6nemli oldu\u011funu anlatacak <\/p>\n","protected":false},"excerpt":{"rendered":"<p>Mavi Papyon evinde bir pijama partisi verir ve bu partiye en sevdi\u011fi arkada\u015flar\u0131ndan K\u0131rm\u0131z\u0131 Kurdele de davetlidir. Partiye davet edildi\u011finden beri K\u0131rm\u0131z\u0131 Kurdele har\u0131l har\u0131l bavul<span class=\"excerpt-hellip\"> [\u2026]<\/span><\/p>\n","protected":false},"featured_media":0,"template":"","meta":{"_monsterinsights_skip_tracking":false,"_monsterinsights_sitenote_active":false,"_monsterinsights_sitenote_note":"","_monsterinsights_sitenote_category":0},"product_brand":[],"product_cat":[12275,12274],"product_tag":[],"class_list":{"0":"post-708670","1":"product","2":"type-product","3":"status-publish","5":"product_cat-6-12-yas-kitaplari","6":"product_cat-cocuk-ve-genclik-kitaplari","7":"pa_cilt-ciltsiz","8":"pa_tur-kitap","9":"pa_yayinevi-mandolin-yayinlari","10":"pa_yazar-aysen-oy","12":"first","13":"instock","14":"sale","15":"shipping-taxable","16":"purchasable","17":"product-type-simple"},"_links":{"self":[{"href":"https:\/\/roveyayinevi.com.tr\/index.php\/wp-json\/wp\/v2\/product\/708670","targetHints":{"allow":["GET"]}}],"collection":[{"href":"https:\/\/roveyayinevi.com.tr\/index.php\/wp-json\/wp\/v2\/product"}],"about":[{"href":"https:\/\/roveyayinevi.com.tr\/index.php\/wp-json\/wp\/v2\/types\/product"}],"wp:attachment":[{"href":"https:\/\/roveyayinevi.com.tr\/index.php\/wp-json\/wp\/v2\/media?parent=708670"}],"wp:term":[{"taxonomy":"product_brand","embeddable":true,"href":"https:\/\/roveyayinevi.com.tr\/index.php\/wp-json\/wp\/v2\/product_brand?post=708670"},{"taxonomy":"product_cat","embeddable":true,"href":"https:\/\/roveyayinevi.com.tr\/index.php\/wp-json\/wp\/v2\/product_cat?post=708670"},{"taxonomy":"product_tag","embeddable":true,"href":"https:\/\/roveyayinevi.com.tr\/index.php\/wp-json\/wp\/v2\/product_tag?post=708670"}],"curies":[{"name":"wp","href":"https:\/\/api.w.org\/{rel}","templated":true}]}}