{"id":708669,"date":"2025-08-27T16:17:23","date_gmt":"2025-08-27T13:17:23","guid":{"rendered":"https:\/\/roveyayinevi.com.tr\/index.php\/urun\/kirmizi-kurdele-mavi-papyon-1-kirmizi-kurdelenin-yesil-ayagi\/"},"modified":"2026-04-16T02:17:31","modified_gmt":"2026-04-15T23:17:31","slug":"kirmizi-kurdele-mavi-papyon-1-kirmizi-kurdelenin-yesil-ayagi","status":"publish","type":"product","link":"https:\/\/roveyayinevi.com.tr\/index.php\/urun\/kirmizi-kurdele-mavi-papyon-1-kirmizi-kurdelenin-yesil-ayagi\/","title":{"rendered":"K\u0131rm\u0131z\u0131 Kurdele Mavi Papyon 1 &#8211; K\u0131rm\u0131z\u0131 Kurdele`nin Ye\u015fil Aya\u011f\u0131"},"content":{"rendered":"<p>K\u0131rm\u0131z\u0131 Kurdele i\u00e7in g\u00fcn biraz tuhaf ba\u015flar ama buna \u015fa\u015fmamak laz\u0131m, \u00e7\u00fcnk\u00fc K\u0131rm\u0131z\u0131 Kurdele o kadar da\u011f\u0131n\u0131kt\u0131r ki bu da\u011f\u0131n\u0131kl\u0131\u011f\u0131 y\u00fcz\u00fcnden ba\u015f\u0131na gelmeyen kalmaz. Neyse ki en iyi arkada\u015f\u0131 Mavi Papyon var. Bakal\u0131m o bu konuda K\u0131rm\u0131z\u0131 Kurdele\u2019ye nas\u0131l yard\u0131mc\u0131 olacak? Ne de olsa iyi arkada\u015fl\u0131klar zor g\u00fcnde belli olur\u2026 K\u0131rm\u0131z\u0131 Kurdele ile Mavi Papyon\u2019un bu komik hik\u00e2yesi \u00e7ocu\u011funuza planl\u0131 ya\u015faman\u0131n ne kadar \u00f6nemli oldu\u011funu anlatacak. <\/p>\n","protected":false},"excerpt":{"rendered":"<p>K\u0131rm\u0131z\u0131 Kurdele i\u00e7in g\u00fcn biraz tuhaf ba\u015flar ama buna \u015fa\u015fmamak laz\u0131m, \u00e7\u00fcnk\u00fc K\u0131rm\u0131z\u0131 Kurdele o kadar da\u011f\u0131n\u0131kt\u0131r ki bu da\u011f\u0131n\u0131kl\u0131\u011f\u0131 y\u00fcz\u00fcnden ba\u015f\u0131na gelmeyen kalmaz. Neyse ki<span class=\"excerpt-hellip\"> [\u2026]<\/span><\/p>\n","protected":false},"featured_media":0,"template":"","meta":{"_monsterinsights_skip_tracking":false,"_monsterinsights_sitenote_active":false,"_monsterinsights_sitenote_note":"","_monsterinsights_sitenote_category":0},"product_brand":[],"product_cat":[12275,12274],"product_tag":[],"class_list":{"0":"post-708669","1":"product","2":"type-product","3":"status-publish","5":"product_cat-6-12-yas-kitaplari","6":"product_cat-cocuk-ve-genclik-kitaplari","7":"pa_cilt-ciltsiz","8":"pa_tur-kitap","9":"pa_yayinevi-mandolin-yayinlari","10":"pa_yazar-aysen-oy","12":"first","13":"instock","14":"sale","15":"shipping-taxable","16":"purchasable","17":"product-type-simple"},"_links":{"self":[{"href":"https:\/\/roveyayinevi.com.tr\/index.php\/wp-json\/wp\/v2\/product\/708669","targetHints":{"allow":["GET"]}}],"collection":[{"href":"https:\/\/roveyayinevi.com.tr\/index.php\/wp-json\/wp\/v2\/product"}],"about":[{"href":"https:\/\/roveyayinevi.com.tr\/index.php\/wp-json\/wp\/v2\/types\/product"}],"wp:attachment":[{"href":"https:\/\/roveyayinevi.com.tr\/index.php\/wp-json\/wp\/v2\/media?parent=708669"}],"wp:term":[{"taxonomy":"product_brand","embeddable":true,"href":"https:\/\/roveyayinevi.com.tr\/index.php\/wp-json\/wp\/v2\/product_brand?post=708669"},{"taxonomy":"product_cat","embeddable":true,"href":"https:\/\/roveyayinevi.com.tr\/index.php\/wp-json\/wp\/v2\/product_cat?post=708669"},{"taxonomy":"product_tag","embeddable":true,"href":"https:\/\/roveyayinevi.com.tr\/index.php\/wp-json\/wp\/v2\/product_tag?post=708669"}],"curies":[{"name":"wp","href":"https:\/\/api.w.org\/{rel}","templated":true}]}}