{"id":708666,"date":"2025-08-27T16:17:22","date_gmt":"2025-08-27T13:17:22","guid":{"rendered":"https:\/\/roveyayinevi.com.tr\/index.php\/urun\/yatili-okulda-mukkemel-bir-gun\/"},"modified":"2026-04-16T02:17:31","modified_gmt":"2026-04-15T23:17:31","slug":"yatili-okulda-mukkemel-bir-gun","status":"publish","type":"product","link":"https:\/\/roveyayinevi.com.tr\/index.php\/urun\/yatili-okulda-mukkemel-bir-gun\/","title":{"rendered":"Yat\u0131l\u0131 Okulda M\u00fckkemel Bir G\u00fcn"},"content":{"rendered":"<p>Ya\u015fam m\u00fckemmel g\u00fcnlerle doludur. Her zaman hat\u0131rlanacak bir ba\u015far\u0131n\u0131n elde edildi\u011fi, sevilenlerin sa\u011fl\u0131k haberlerinin al\u0131nd\u0131\u011f\u0131, do\u011fayla i\u00e7 i\u00e7e ge\u00e7en bir g\u00fcnde sular\u0131 berrak bir derenin kenar\u0131nda oturulan ya da arkada\u015flarla s\u0131cac\u0131k birer bardak \u00e7ay\u0131n payla\u015f\u0131ld\u0131\u011f\u0131 g\u00fcn m\u00fckemmeldir. G\u00fczel bir gelecek kurmak i\u00e7in azimle \u00e7al\u0131\u015fan, cesur ve d\u00fcr\u00fcst gen\u00e7lerin duygu dolu an\u0131lar\u0131, okurlar\u0131 bamba\u015fka bir d\u00fcnyaya g\u00f6t\u00fcr\u00fcyor. \ufffcTan\u0131t\u0131m Metni<\/p>\n","protected":false},"excerpt":{"rendered":"<p>Ya\u015fam m\u00fckemmel g\u00fcnlerle doludur. Her zaman hat\u0131rlanacak bir ba\u015far\u0131n\u0131n elde edildi\u011fi, sevilenlerin sa\u011fl\u0131k haberlerinin al\u0131nd\u0131\u011f\u0131, do\u011fayla i\u00e7 i\u00e7e ge\u00e7en bir g\u00fcnde sular\u0131 berrak bir derenin kenar\u0131nda<span class=\"excerpt-hellip\"> [\u2026]<\/span><\/p>\n","protected":false},"featured_media":0,"template":"","meta":{"_monsterinsights_skip_tracking":false,"_monsterinsights_sitenote_active":false,"_monsterinsights_sitenote_note":"","_monsterinsights_sitenote_category":0},"product_brand":[],"product_cat":[12275,12274],"product_tag":[],"class_list":{"0":"post-708666","1":"product","2":"type-product","3":"status-publish","5":"product_cat-6-12-yas-kitaplari","6":"product_cat-cocuk-ve-genclik-kitaplari","7":"pa_cilt-ciltsiz","8":"pa_tur-kitap","9":"pa_yayinevi-is-bankasi-kultur-yayinlari","10":"pa_yazar-polat-onat","12":"first","13":"instock","14":"sale","15":"shipping-taxable","16":"purchasable","17":"product-type-simple"},"_links":{"self":[{"href":"https:\/\/roveyayinevi.com.tr\/index.php\/wp-json\/wp\/v2\/product\/708666","targetHints":{"allow":["GET"]}}],"collection":[{"href":"https:\/\/roveyayinevi.com.tr\/index.php\/wp-json\/wp\/v2\/product"}],"about":[{"href":"https:\/\/roveyayinevi.com.tr\/index.php\/wp-json\/wp\/v2\/types\/product"}],"wp:attachment":[{"href":"https:\/\/roveyayinevi.com.tr\/index.php\/wp-json\/wp\/v2\/media?parent=708666"}],"wp:term":[{"taxonomy":"product_brand","embeddable":true,"href":"https:\/\/roveyayinevi.com.tr\/index.php\/wp-json\/wp\/v2\/product_brand?post=708666"},{"taxonomy":"product_cat","embeddable":true,"href":"https:\/\/roveyayinevi.com.tr\/index.php\/wp-json\/wp\/v2\/product_cat?post=708666"},{"taxonomy":"product_tag","embeddable":true,"href":"https:\/\/roveyayinevi.com.tr\/index.php\/wp-json\/wp\/v2\/product_tag?post=708666"}],"curies":[{"name":"wp","href":"https:\/\/api.w.org\/{rel}","templated":true}]}}