{"id":708662,"date":"2025-08-27T16:17:20","date_gmt":"2025-08-27T13:17:20","guid":{"rendered":"https:\/\/roveyayinevi.com.tr\/index.php\/urun\/bay-mucittas-ve-ailesi\/"},"modified":"2026-04-16T02:17:31","modified_gmt":"2026-04-15T23:17:31","slug":"bay-mucittas-ve-ailesi","status":"publish","type":"product","link":"https:\/\/roveyayinevi.com.tr\/index.php\/urun\/bay-mucittas-ve-ailesi\/","title":{"rendered":"Bay Mucitta\u015f ve Ailesi"},"content":{"rendered":"<p>Kim? Lolo Mucitta\u015fYa\u015fad\u0131\u011f\u0131 D\u00f6nem? Ta\u015f devri.Nerede? Ma\u011farada.Kiminle? E\u015fi Zizu ve o\u011flu Finfo ile.Mesle\u011fi? Mucit.\u0130cat Listesi? Saymakla bitmez. Mutluluk Oran\u0131? Mutlu\u2026 ama o kadar da mutlu de\u011fil. Zihni s\u00fcrekli yepyeni fikirlerle dolup ta\u015fan, zeki, yarat\u0131c\u0131 ve heyecanl\u0131 ki\u015fili\u011fiyle dikkat \u00e7eken Lolo Mucitta\u015f\u2019\u0131n, \u00e7ok sevdi\u011fi e\u015fi Zizu ve o\u011flu Finfo ile mutlu bir hayat\u0131 vard\u0131r. Ama asl\u0131nda pek de mutlu de\u011fildir. \u00c7\u00fcnk\u00fc konforlu bir ya\u015fam s\u00fcrd\u00fcrebilmeleri i\u00e7in icat etmesi gereken say\u0131s\u0131z \u015fey vard\u0131r&#8230;Jabuti \u00d6d\u00fcll\u00fc \u015eair K\u0131sakulak kitab\u0131ndan tan\u0131d\u0131\u011f\u0131n\u0131z Eva Furnari\u2019nin kaleminden, ge\u00e7mi\u015ften g\u00fcn\u00fcm\u00fcze uzanan Bay Mucitta\u015f ve Ailesi, okurlar\u0131n\u0131, t\u00fcketim konusunda bilin\u00e7lendirmeyi ama\u00e7larken, teknoloji ve ileti\u015fim \u00e7a\u011f\u0131ndaki \u00e7ekirdek aile bireylerinin ya\u015fam al\u0131\u015fkanl\u0131klar\u0131n\u0131 incelikli bir mizahla ele\u015ftiriyor.   \u0130nsano\u011flu, ta\u015f devrinden bu yana hep en iyisinin, en g\u00fczelinin, en rahat\u0131n\u0131n pe\u015finde ko\u015fturup duruyor. Daha konforlu, daha mutlu bir ya\u015fam\u0131n izini s\u00fcrerken, \u00e2n\u0131 ya\u015famay\u0131 \u0131skalayarak belirli kal\u0131plar\u0131n k\u0131skac\u0131na giriyor. Peki ya siz, sahip oldu\u011funuz \u015feyler i\u00e7in te\u015fekk\u00fcr edip kendinizi en son ne zaman mutlu hissettiniz? <\/p>\n","protected":false},"excerpt":{"rendered":"<p>Kim? Lolo Mucitta\u015fYa\u015fad\u0131\u011f\u0131 D\u00f6nem? Ta\u015f devri.Nerede? Ma\u011farada.Kiminle? E\u015fi Zizu ve o\u011flu Finfo ile.Mesle\u011fi? Mucit.\u0130cat Listesi? Saymakla bitmez. Mutluluk Oran\u0131? Mutlu\u2026 ama o kadar da mutlu de\u011fil.<span class=\"excerpt-hellip\"> [\u2026]<\/span><\/p>\n","protected":false},"featured_media":0,"template":"","meta":{"_monsterinsights_skip_tracking":false,"_monsterinsights_sitenote_active":false,"_monsterinsights_sitenote_note":"","_monsterinsights_sitenote_category":0},"product_brand":[],"product_cat":[12913,12274],"product_tag":[],"class_list":{"0":"post-708662","1":"product","2":"type-product","3":"status-publish","5":"product_cat-3-6-yas-kitaplari","6":"product_cat-cocuk-ve-genclik-kitaplari","7":"pa_cilt-ciltsiz","8":"pa_tur-kitap","9":"pa_yayinevi-tudem-yayinlari","10":"pa_yazar-eva-furnari","12":"first","13":"instock","14":"sale","15":"shipping-taxable","16":"purchasable","17":"product-type-simple"},"_links":{"self":[{"href":"https:\/\/roveyayinevi.com.tr\/index.php\/wp-json\/wp\/v2\/product\/708662","targetHints":{"allow":["GET"]}}],"collection":[{"href":"https:\/\/roveyayinevi.com.tr\/index.php\/wp-json\/wp\/v2\/product"}],"about":[{"href":"https:\/\/roveyayinevi.com.tr\/index.php\/wp-json\/wp\/v2\/types\/product"}],"wp:attachment":[{"href":"https:\/\/roveyayinevi.com.tr\/index.php\/wp-json\/wp\/v2\/media?parent=708662"}],"wp:term":[{"taxonomy":"product_brand","embeddable":true,"href":"https:\/\/roveyayinevi.com.tr\/index.php\/wp-json\/wp\/v2\/product_brand?post=708662"},{"taxonomy":"product_cat","embeddable":true,"href":"https:\/\/roveyayinevi.com.tr\/index.php\/wp-json\/wp\/v2\/product_cat?post=708662"},{"taxonomy":"product_tag","embeddable":true,"href":"https:\/\/roveyayinevi.com.tr\/index.php\/wp-json\/wp\/v2\/product_tag?post=708662"}],"curies":[{"name":"wp","href":"https:\/\/api.w.org\/{rel}","templated":true}]}}