{"id":708661,"date":"2025-08-27T16:17:19","date_gmt":"2025-08-27T13:17:19","guid":{"rendered":"https:\/\/roveyayinevi.com.tr\/index.php\/urun\/vajinismusun-ustesinden-gelmek\/"},"modified":"2025-11-22T04:06:47","modified_gmt":"2025-11-22T01:06:47","slug":"vajinismusun-ustesinden-gelmek","status":"publish","type":"product","link":"https:\/\/roveyayinevi.com.tr\/index.php\/urun\/vajinismusun-ustesinden-gelmek\/","title":{"rendered":"Vajinismus&#8217;un \u00dcstesinden Gelmek"},"content":{"rendered":"<p>Vajinismus\u00dclkemizde y\u00fczbinlerce \u00e7iftin hayat\u0131n\u0131 alt \u00fcst eden yayg\u0131n bir cinsel i\u015flev bozuklu\u011fu&#8230;Zeynep ve Erg\u00fcnBe\u015f y\u0131l \u00f6nce evlenmi\u015f, vajinismus nedeniyle evliliklerini hala tamamlayamam\u0131\u015f, \u00e7are arayan iki insan&#8230;Cinsel TerapistEvlilik ve cinsellik sorunlar\u0131n\u0131n \u00e7\u00f6z\u00fcm\u00fcnde \u00e7ok deneyimli bir rehber&#8230;Stajyer AdnanKendi evlili\u011finde vajinismusu ya\u015fam\u0131\u015f, Cinsel Terapist olma yolunda ilerleyen, gen\u00e7 ve yetenekli bir sa\u011fl\u0131k profesyoneli&#8230;Vajinismustan kendi kendine kurtulmak isteyenler i\u00e7in.Vajinismuslu dan\u0131\u015fanlarla \u00e7al\u0131\u015fan sa\u011fl\u0131k profesyonelleri i\u00e7in.Vajinismus d\u00fcnyas\u0131n\u0131 merak eden ve anlamak isteyen herkes i\u00e7in.Pratik bir ba\u015fvuru kayna\u011f\u0131.<\/p>\n","protected":false},"excerpt":{"rendered":"<p>Vajinismus\u00dclkemizde y\u00fczbinlerce \u00e7iftin hayat\u0131n\u0131 alt \u00fcst eden yayg\u0131n bir cinsel i\u015flev bozuklu\u011fu&#8230;Zeynep ve Erg\u00fcnBe\u015f y\u0131l \u00f6nce evlenmi\u015f, vajinismus nedeniyle evliliklerini hala tamamlayamam\u0131\u015f, \u00e7are arayan iki insan&#8230;Cinsel<span class=\"excerpt-hellip\"> [\u2026]<\/span><\/p>\n","protected":false},"featured_media":0,"template":"","meta":{"_monsterinsights_skip_tracking":false,"_monsterinsights_sitenote_active":false,"_monsterinsights_sitenote_note":"","_monsterinsights_sitenote_category":0},"product_brand":[],"product_cat":[35288,13365],"product_tag":[],"class_list":{"0":"post-708661","1":"product","2":"type-product","3":"status-publish","5":"product_cat-cinsellik-saglik","6":"product_cat-saglik","7":"pa_cilt-ciltsiz","8":"pa_tur-kitap","9":"pa_yayinevi-pusula-yayinevi-ankara","10":"pa_yazar-a-cem-kece","12":"first","13":"instock","14":"sale","15":"shipping-taxable","16":"purchasable","17":"product-type-simple"},"_links":{"self":[{"href":"https:\/\/roveyayinevi.com.tr\/index.php\/wp-json\/wp\/v2\/product\/708661","targetHints":{"allow":["GET"]}}],"collection":[{"href":"https:\/\/roveyayinevi.com.tr\/index.php\/wp-json\/wp\/v2\/product"}],"about":[{"href":"https:\/\/roveyayinevi.com.tr\/index.php\/wp-json\/wp\/v2\/types\/product"}],"wp:attachment":[{"href":"https:\/\/roveyayinevi.com.tr\/index.php\/wp-json\/wp\/v2\/media?parent=708661"}],"wp:term":[{"taxonomy":"product_brand","embeddable":true,"href":"https:\/\/roveyayinevi.com.tr\/index.php\/wp-json\/wp\/v2\/product_brand?post=708661"},{"taxonomy":"product_cat","embeddable":true,"href":"https:\/\/roveyayinevi.com.tr\/index.php\/wp-json\/wp\/v2\/product_cat?post=708661"},{"taxonomy":"product_tag","embeddable":true,"href":"https:\/\/roveyayinevi.com.tr\/index.php\/wp-json\/wp\/v2\/product_tag?post=708661"}],"curies":[{"name":"wp","href":"https:\/\/api.w.org\/{rel}","templated":true}]}}