{"id":708658,"date":"2025-08-27T16:17:18","date_gmt":"2025-08-27T13:17:18","guid":{"rendered":"https:\/\/roveyayinevi.com.tr\/index.php\/urun\/karanligin-elli-tonu\/"},"modified":"2026-04-16T02:17:30","modified_gmt":"2026-04-15T23:17:30","slug":"karanligin-elli-tonu","status":"publish","type":"product","link":"https:\/\/roveyayinevi.com.tr\/index.php\/urun\/karanligin-elli-tonu\/","title":{"rendered":"Karanl\u0131\u011f\u0131n Elli Tonu"},"content":{"rendered":"<p>Yak\u0131\u015f\u0131kl\u0131, ruhu yaral\u0131 gen\u00e7 i\u015f adam\u0131 Christian Grey\u2019in kendine has erotik zevkleri ve karanl\u0131k s\u0131rlar\u0131 kar\u015f\u0131s\u0131nda pes eden Anastasia Steele ili\u015fkilerine son noktay\u0131 koymu\u015ftur ama duydu\u011fu arzu h\u00e2l\u00e2 d\u00fc\u015f\u00fcncelerini esir etmektedir. Christian yeni bir teklifle \u00e7\u0131kageldi\u011finde kar\u015f\u0131 koyamaz. \u015eehvetli, yak\u0131c\u0131 ili\u015fkileri yeniden alevlenirken, Ana ar\u0131zal\u0131, h\u0131rsl\u0131 ve talepk\u00e2r Elli Ton\u2019unun y\u00fcrek par\u00e7alayan ge\u00e7mi\u015fi hakk\u0131nda daha fazlas\u0131n\u0131 \u00f6\u011frenir. Christian i\u00e7indeki \u015feytanlarla sava\u015f\u0131rken, Ana\u2019n\u0131n da kendi \u00f6fkesiyle ve ondan \u00f6nceki kad\u0131nlara duydu\u011fu k\u0131skan\u00e7l\u0131kla y\u00fczle\u015fip hayat\u0131n\u0131n en \u00f6nemli karar\u0131n\u0131 vermesi gerekecektir.DAHA KARANLIK TONDA B\u0130R \u015eEY G\u0130Y\u0130N <\/p>\n","protected":false},"excerpt":{"rendered":"<p>Yak\u0131\u015f\u0131kl\u0131, ruhu yaral\u0131 gen\u00e7 i\u015f adam\u0131 Christian Grey\u2019in kendine has erotik zevkleri ve karanl\u0131k s\u0131rlar\u0131 kar\u015f\u0131s\u0131nda pes eden Anastasia Steele ili\u015fkilerine son noktay\u0131 koymu\u015ftur ama duydu\u011fu<span class=\"excerpt-hellip\"> [\u2026]<\/span><\/p>\n","protected":false},"featured_media":0,"template":"","meta":{"_monsterinsights_skip_tracking":false,"_monsterinsights_sitenote_active":false,"_monsterinsights_sitenote_note":"","_monsterinsights_sitenote_category":0},"product_brand":[],"product_cat":[12291,12711],"product_tag":[],"class_list":{"0":"post-708658","1":"product","2":"type-product","3":"status-publish","5":"product_cat-edebiyat","6":"product_cat-roman-oyku","7":"pa_cilt-ciltsiz","8":"pa_tur-kitap","9":"pa_yayinevi-dogan-kitap","10":"pa_yazar-e-l-james","12":"first","13":"instock","14":"sale","15":"shipping-taxable","16":"purchasable","17":"product-type-simple"},"_links":{"self":[{"href":"https:\/\/roveyayinevi.com.tr\/index.php\/wp-json\/wp\/v2\/product\/708658","targetHints":{"allow":["GET"]}}],"collection":[{"href":"https:\/\/roveyayinevi.com.tr\/index.php\/wp-json\/wp\/v2\/product"}],"about":[{"href":"https:\/\/roveyayinevi.com.tr\/index.php\/wp-json\/wp\/v2\/types\/product"}],"wp:attachment":[{"href":"https:\/\/roveyayinevi.com.tr\/index.php\/wp-json\/wp\/v2\/media?parent=708658"}],"wp:term":[{"taxonomy":"product_brand","embeddable":true,"href":"https:\/\/roveyayinevi.com.tr\/index.php\/wp-json\/wp\/v2\/product_brand?post=708658"},{"taxonomy":"product_cat","embeddable":true,"href":"https:\/\/roveyayinevi.com.tr\/index.php\/wp-json\/wp\/v2\/product_cat?post=708658"},{"taxonomy":"product_tag","embeddable":true,"href":"https:\/\/roveyayinevi.com.tr\/index.php\/wp-json\/wp\/v2\/product_tag?post=708658"}],"curies":[{"name":"wp","href":"https:\/\/api.w.org\/{rel}","templated":true}]}}