{"id":708657,"date":"2025-08-27T16:17:17","date_gmt":"2025-08-27T13:17:17","guid":{"rendered":"https:\/\/roveyayinevi.com.tr\/index.php\/urun\/evanjelizm\/"},"modified":"2026-04-16T02:17:30","modified_gmt":"2026-04-15T23:17:30","slug":"evanjelizm","status":"publish","type":"product","link":"https:\/\/roveyayinevi.com.tr\/index.php\/urun\/evanjelizm\/","title":{"rendered":"Evanjelizm"},"content":{"rendered":"<p>G\u00fcn\u00fcm\u00fczde tarihte \u00f6rne\u011fine hi\u00e7 rastlanmam\u0131\u015f bir mefhumla kar\u015f\u0131 kar\u015f\u0131yay\u0131z: Farkl\u0131 inan\u00e7lar ayn\u0131 amaca konsantre olmu\u015f durumda. Kral Davud soyundan Yahudilerin bekledi\u011fi Mesih, \u00f6zellikle Evanjelist H\u0131ristiyanlar\u0131n bekledi\u011fi \u0130sa Mesih, ba\u015f\u0131n\u0131 \u0130ran\u2019\u0131n \u00e7ekti\u011fi \u015eii \u0130slam inanc\u0131ndaki M\u00fcsl\u00fcmanlar\u0131n bekledi\u011fi kay\u0131p 12. imam olan Hz. \u0130sa ile bir k\u0131s\u0131m S\u00fcnni M\u00fcsl\u00fcman tarikat ve cemaatlerin bekledi\u011fi Mehdi ve Hz. \u0130sa\u2019n\u0131n geli\u015fine y\u00f6nelik 21. y\u00fczy\u0131l\u0131n ilk \u00e7eyre\u011fine at\u0131f yapan kuvvetli inan\u00e7 ve spek\u00fclatif siyasi atraksiyonlar \u015fa\u015f\u0131lacak derecede \u00f6rt\u00fc\u015f\u00fcyor. Nas\u0131l oluyor da t\u00fcm semavi dinler ayr\u0131 ayr\u0131 ama\u00e7larla ayn\u0131 kurtar\u0131c\u0131y\u0131 bekliyor? Biz kimin neye inand\u0131\u011f\u0131n\u0131 yarg\u0131lam\u0131yoruz. Ancak bu farkl\u0131 inan\u00e7 sahibi y\u00fcz milyonlar nas\u0131l olup da bir nevi mutabakat i\u00e7inde olabiliyorlar? \u0130\u015fin bir ba\u015fka taraf\u0131 da giderek alenile\u015fiyor. Yukar\u0131da sayd\u0131\u011f\u0131m\u0131z Mesih\/Mehdi beklentisi \u00f6yle bir toplumsal histeriye d\u00f6n\u00fc\u015f\u00fcyor ki, taraflar\u0131n hepsi onun bir an \u00f6nce gelmesi i\u00e7in adeta Tanr\u0131\u2019y\u0131 k\u0131yamete \u00e7a\u011f\u0131r\u0131yor. Evanjelizm\u2019in k\u00f6r\u00fckledi\u011fi bu histerinin nas\u0131l vahim sonu\u00e7lara yol a\u00e7abilece\u011fini \u00f6ng\u00f6rmenin pek de m\u00fcmk\u00fcn g\u00f6r\u00fcnmedi\u011fi \u00e7a\u011f\u0131m\u0131zda bu mezhebin do\u011fu\u015fundan g\u00fcn\u00fcm\u00fcze dek y\u00fckseli\u015finin \u00f6yk\u00fcs\u00fcn\u00fc tarihi ger\u00e7eklerin \u0131\u015f\u0131\u011f\u0131 alt\u0131nda okuyacaks\u0131n\u0131z&#8230; <\/p>\n","protected":false},"excerpt":{"rendered":"<p>G\u00fcn\u00fcm\u00fczde tarihte \u00f6rne\u011fine hi\u00e7 rastlanmam\u0131\u015f bir mefhumla kar\u015f\u0131 kar\u015f\u0131yay\u0131z: Farkl\u0131 inan\u00e7lar ayn\u0131 amaca konsantre olmu\u015f durumda. Kral Davud soyundan Yahudilerin bekledi\u011fi Mesih, \u00f6zellikle Evanjelist H\u0131ristiyanlar\u0131n bekledi\u011fi<span class=\"excerpt-hellip\"> [\u2026]<\/span><\/p>\n","protected":false},"featured_media":0,"template":"","meta":{"_monsterinsights_skip_tracking":false,"_monsterinsights_sitenote_active":false,"_monsterinsights_sitenote_note":"","_monsterinsights_sitenote_category":0},"product_brand":[],"product_cat":[19998,12388],"product_tag":[],"class_list":{"0":"post-708657","1":"product","2":"type-product","3":"status-publish","5":"product_cat-din-felsefesi","6":"product_cat-felsefe","7":"pa_cilt-ciltsiz","8":"pa_tur-kitap","9":"pa_yayinevi-destek-yayinlari","10":"pa_yazar-ramazan-kurtoglu","12":"first","13":"instock","14":"sale","15":"shipping-taxable","16":"purchasable","17":"product-type-simple"},"_links":{"self":[{"href":"https:\/\/roveyayinevi.com.tr\/index.php\/wp-json\/wp\/v2\/product\/708657","targetHints":{"allow":["GET"]}}],"collection":[{"href":"https:\/\/roveyayinevi.com.tr\/index.php\/wp-json\/wp\/v2\/product"}],"about":[{"href":"https:\/\/roveyayinevi.com.tr\/index.php\/wp-json\/wp\/v2\/types\/product"}],"wp:attachment":[{"href":"https:\/\/roveyayinevi.com.tr\/index.php\/wp-json\/wp\/v2\/media?parent=708657"}],"wp:term":[{"taxonomy":"product_brand","embeddable":true,"href":"https:\/\/roveyayinevi.com.tr\/index.php\/wp-json\/wp\/v2\/product_brand?post=708657"},{"taxonomy":"product_cat","embeddable":true,"href":"https:\/\/roveyayinevi.com.tr\/index.php\/wp-json\/wp\/v2\/product_cat?post=708657"},{"taxonomy":"product_tag","embeddable":true,"href":"https:\/\/roveyayinevi.com.tr\/index.php\/wp-json\/wp\/v2\/product_tag?post=708657"}],"curies":[{"name":"wp","href":"https:\/\/api.w.org\/{rel}","templated":true}]}}