{"id":708656,"date":"2025-08-27T16:17:17","date_gmt":"2025-08-27T13:17:17","guid":{"rendered":"https:\/\/roveyayinevi.com.tr\/index.php\/urun\/ay-dolandi\/"},"modified":"2026-04-16T02:17:30","modified_gmt":"2026-04-15T23:17:30","slug":"ay-dolandi","status":"publish","type":"product","link":"https:\/\/roveyayinevi.com.tr\/index.php\/urun\/ay-dolandi\/","title":{"rendered":"Ay Doland\u0131"},"content":{"rendered":"<p>Dile ula\u015famayan s\u00f6zc\u00fckler, d\u00f6n\u00fc\u015fen ya\u015famlar&#8230;   Saliha b\u00fct\u00fcn gece yata\u011f\u0131nda oturup, haf\u0131zas\u0131n\u0131 zorlayarak kendisine ait bir s\u0131r arad\u0131. Y\u0131llarca akl\u0131n\u0131n bata\u011f\u0131nda g\u00f6m\u00fcl\u00fc kalm\u0131\u015f bir giz, ba\u015f\u0131na gelmi\u015f bir felaket, kimsenin bilmedi\u011fi bir hastal\u0131k, i\u015fledi\u011fi bir su\u00e7&#8230; Onu di\u011ferlerinden farkl\u0131 yapacak bir \u015fey. Zihninin derinliklerinden b\u00f6yle bir \u015fey bulup \u00e7\u0131karsa, ertesi g\u00fcn gidip Miran\u2019\u0131n oturdu\u011fu taburenin \u00f6n\u00fcnde duracak ve aynen onun yapt\u0131\u011f\u0131n\u0131 yapacakt\u0131. Bak, diyecekti, benim de y\u00fcre\u011fimi sana a\u00e7aca\u011f\u0131m bir meselem var. Ama olmad\u0131. Ne kadar zorlad\u0131ysa da o g\u00fcne kadarki hayat\u0131na dair bir \u015fey bulamad\u0131.     D\u00fcnyan\u0131n u\u011fultusu, merkezden uzakla\u015fanlar\u0131n i\u00e7inde yank\u0131lan\u0131yordu. Uykular\u0131 b\u00f6len bir sessizlikte olup bitiyordu her \u015fey. Sab\u0131rla bekleyenler, \u00e7ekip gidenler, geride kalanlar ve yollara d\u00fc\u015fenler. Bir tek ay \u015fahitti, bir de Saliha&#8230;   \u00c7a\u011fda\u015f edebiyat\u0131m\u0131z\u0131n \u00fcretken yazarlar\u0131ndan Neslihan \u00d6ndero\u011flu, birbirine dolanan ya\u015famlara ve g\u00f6r\u00fcnmeyen yaralara dokunuyor. Hem \u00e7ok farkl\u0131 hem de benzer ya\u015famlar s\u00fcren gen\u00e7lerin duygu d\u00fcnyalar\u0131n\u0131 ve gelecek kayg\u0131lar\u0131n\u0131 anlatan yazar, g\u00fcn\u00fcm\u00fcz T\u00fcrkiye\u2019sini resimliyor. \u0130lk sat\u0131r\u0131ndan itibaren merak uyand\u0131ran roman, konusu, kurgusu ve diliyle her ya\u015ftan okurda iz b\u0131rakacak g\u00fc\u00e7te. <\/p>\n","protected":false},"excerpt":{"rendered":"<p>Dile ula\u015famayan s\u00f6zc\u00fckler, d\u00f6n\u00fc\u015fen ya\u015famlar&#8230; Saliha b\u00fct\u00fcn gece yata\u011f\u0131nda oturup, haf\u0131zas\u0131n\u0131 zorlayarak kendisine ait bir s\u0131r arad\u0131. Y\u0131llarca akl\u0131n\u0131n bata\u011f\u0131nda g\u00f6m\u00fcl\u00fc kalm\u0131\u015f bir giz, ba\u015f\u0131na gelmi\u015f<span class=\"excerpt-hellip\"> [\u2026]<\/span><\/p>\n","protected":false},"featured_media":0,"template":"","meta":{"_monsterinsights_skip_tracking":false,"_monsterinsights_sitenote_active":false,"_monsterinsights_sitenote_note":"","_monsterinsights_sitenote_category":0},"product_brand":[],"product_cat":[12291,12711],"product_tag":[],"class_list":{"0":"post-708656","1":"product","2":"type-product","3":"status-publish","5":"product_cat-edebiyat","6":"product_cat-roman-oyku","7":"pa_cilt-ciltsiz","8":"pa_tur-kitap","9":"pa_yayinevi-on8-kitap","10":"pa_yazar-neslihan-onderoglu","12":"first","13":"instock","14":"sale","15":"shipping-taxable","16":"purchasable","17":"product-type-simple"},"_links":{"self":[{"href":"https:\/\/roveyayinevi.com.tr\/index.php\/wp-json\/wp\/v2\/product\/708656","targetHints":{"allow":["GET"]}}],"collection":[{"href":"https:\/\/roveyayinevi.com.tr\/index.php\/wp-json\/wp\/v2\/product"}],"about":[{"href":"https:\/\/roveyayinevi.com.tr\/index.php\/wp-json\/wp\/v2\/types\/product"}],"wp:attachment":[{"href":"https:\/\/roveyayinevi.com.tr\/index.php\/wp-json\/wp\/v2\/media?parent=708656"}],"wp:term":[{"taxonomy":"product_brand","embeddable":true,"href":"https:\/\/roveyayinevi.com.tr\/index.php\/wp-json\/wp\/v2\/product_brand?post=708656"},{"taxonomy":"product_cat","embeddable":true,"href":"https:\/\/roveyayinevi.com.tr\/index.php\/wp-json\/wp\/v2\/product_cat?post=708656"},{"taxonomy":"product_tag","embeddable":true,"href":"https:\/\/roveyayinevi.com.tr\/index.php\/wp-json\/wp\/v2\/product_tag?post=708656"}],"curies":[{"name":"wp","href":"https:\/\/api.w.org\/{rel}","templated":true}]}}