{"id":708654,"date":"2025-08-27T16:17:16","date_gmt":"2025-08-27T13:17:16","guid":{"rendered":"https:\/\/roveyayinevi.com.tr\/index.php\/urun\/gokdelene-giren-bulut\/"},"modified":"2026-04-16T02:17:30","modified_gmt":"2026-04-15T23:17:30","slug":"gokdelene-giren-bulut","status":"publish","type":"product","link":"https:\/\/roveyayinevi.com.tr\/index.php\/urun\/gokdelene-giren-bulut\/","title":{"rendered":"G\u00f6kdelene Giren Bulut"},"content":{"rendered":"<p>G\u00f6ky\u00fcz\u00fc kocaman bir hayal adas\u0131.Tombi\u015f Kitaplar ve G\u00fcl\u00fcmseten \u00d6yk\u00fcler dizileri kadar, Y\u00fcksek Tansiyonlu \u00c7\u0131nar A\u011fac\u0131 ve Bilyeler adl\u0131 resimli \u00f6yk\u00fc kitaplar\u0131yla da \u00e7ok sevilen yazar ve karikat\u00fcrc\u00fc Behi\u00e7 Ak, okurlar\u0131n\u0131 bu kez bulutlara konduruyor, tepelerde u\u00e7uruyor. Yenilenen tasar\u0131m\u0131yla da, benzersiz bir g\u00f6rsel okuma olana\u011f\u0131 sunan kitap, kent ya\u015fam\u0131n\u0131n bunaltt\u0131\u011f\u0131 insanlar\u0131 hayal d\u00fcnyas\u0131n\u0131n zenginliklerine davet ediyor, \u00e7ocuklara oyun arkada\u015f\u0131 oluyor. Kitap, reng\u00e2renk desenlerin aras\u0131nda, \u00e7ocuklarla birlikte nitelikli zaman ge\u00e7irmek i\u00e7in birebir.G\u00f6kdelenin tepesinde ya\u015fayan Minik Koko ve k\u00f6pe\u011fi Bonbon, a\u015fa\u011f\u0131daki hayata \u00e7ok \u00f6zenmektedirler. Bir g\u00fcn, pencereden i\u00e7eriye bir bulut s\u00fcz\u00fcl\u00fcr. \u015eekilden \u015fekile giren bu yumu\u015fac\u0131k bulut, u\u00e7ak \u015feklini al\u0131p iki arkada\u015f\u0131 p\u0131rrr diye u\u00e7uruverir. Koko ve Bonbon&#8217;u masmavi, pufuduk bir macera beklemektedir&#8230;Behi\u00e7 Ak: Samsun&#8217;da do\u011fdu, \u0130stanbul&#8217;da mimarl\u0131k \u00f6\u011frenimi g\u00f6rd\u00fc. 1982&#8217;den beri Cumhuriyet gazetesinde bant karikat\u00fcr \u00e7iziyor. \u00c7ocuk kitab\u0131 yazarl\u0131\u011f\u0131 ve \u00e7izerli\u011fi, oyun yazarl\u0131\u011f\u0131n\u0131n yan\u0131 s\u0131ra belgesel film alan\u0131nda da \u00e7al\u0131\u015fmalar\u0131 var. \u0130lk yay\u0131mland\u0131\u011f\u0131 Japonya&#8217;da \u00f6d\u00fcl kazanan Y\u00fcksek Tansiyonlu \u00c7\u0131nar A\u011fac\u0131 adl\u0131 resimli \u00e7ocuk kitab\u0131, G\u00fcn\u0131\u015f\u0131\u011f\u0131 Kitapl\u0131\u011f\u0131 taraf\u0131ndan \u00f6zg\u00fcn bir tasar\u0131mla yenilendi ve \u00c7ince&#8217;ye \u00e7evrildi (2014). Okumaya yeni ba\u015flayanlar i\u00e7in felsefeye giri\u015f niteli\u011findeki &#8220;Tombi\u015f Kitaplar&#8221; dizisi, Benim Bir Kar\u0131\u015f\u0131m&#8217;la ba\u015flad\u0131, Ben Ne Zaman Do\u011fdum?&#8217;la s\u00fcr\u00fcyor. Otuz be\u015f y\u0131ll\u0131k karikat\u00fcr birikimini Karikat\u00fcr Kitab\u0131 adl\u0131 \u00f6zel bir alb\u00fcmle \u00e7ocuklara sunan sanat\u00e7\u0131n\u0131n, &#8220;G\u00fcl\u00fcmseten \u00d6yk\u00fcler&#8221; ad\u0131 alt\u0131nda yaz\u0131p \u00e7izdi\u011fi G\u00fcne\u015fi Bile Tamir Eden Adam, Alaaddin&#8217;in Geveze Su Borular\u0131 gibi kitaplar her ya\u015ftan okurun ilgisini topluyor. Ya\u015fas\u0131n \u00c7 Harfi Karde\u015fli\u011fi! adl\u0131 \u00e7ocuk roman\u0131 Ankara \u00dcniversitesi \u00c7ocuk ve Gen\u00e7lik Edebiyat\u0131 Uygulama ve Ara\u015ft\u0131rma Merkezi&#8217;nin (\u00c7OGEM) 2014 \u00c7ocuk ve Gen\u00e7lik Edebiyat\u0131 Roman \u00d6d\u00fcl\u00fc&#8217;ne ve \u00c7ocuk ve Gen\u00e7lik Yay\u0131nlar\u0131 Derne\u011fi&#8217;nin (\u00c7GYD) 2013 Y\u0131l\u0131n \u00c7ocuk Roman\u0131 \u00d6d\u00fcl\u00fc&#8217;ne de\u011fer g\u00f6r\u00fcld\u00fc. Sanat\u00e7\u0131n\u0131n son \u00e7ocuk roman\u0131, \u00c7at\u0131daki Gezegen (2016). Bilyeler (2014) gibi, ilgi g\u00f6ren resimli \u00e7ocuk kitab\u0131 G\u00f6kdelene Giren Bulut (2017) da G\u00fcn\u0131\u015f\u0131\u011f\u0131 Kitapl\u0131\u011f\u0131 taraf\u0131ndan yenilendi. <\/p>\n","protected":false},"excerpt":{"rendered":"<p>G\u00f6ky\u00fcz\u00fc kocaman bir hayal adas\u0131.Tombi\u015f Kitaplar ve G\u00fcl\u00fcmseten \u00d6yk\u00fcler dizileri kadar, Y\u00fcksek Tansiyonlu \u00c7\u0131nar A\u011fac\u0131 ve Bilyeler adl\u0131 resimli \u00f6yk\u00fc kitaplar\u0131yla da \u00e7ok sevilen yazar ve<span class=\"excerpt-hellip\"> [\u2026]<\/span><\/p>\n","protected":false},"featured_media":0,"template":"","meta":{"_monsterinsights_skip_tracking":false,"_monsterinsights_sitenote_active":false,"_monsterinsights_sitenote_note":"","_monsterinsights_sitenote_category":0},"product_brand":[],"product_cat":[12913,12274],"product_tag":[],"class_list":{"0":"post-708654","1":"product","2":"type-product","3":"status-publish","5":"product_cat-3-6-yas-kitaplari","6":"product_cat-cocuk-ve-genclik-kitaplari","7":"pa_cilt-ciltsiz","8":"pa_tur-kitap","9":"pa_yayinevi-gunisigi-kitapligi","10":"pa_yazar-behic-ak","12":"first","13":"instock","14":"sale","15":"shipping-taxable","16":"purchasable","17":"product-type-simple"},"_links":{"self":[{"href":"https:\/\/roveyayinevi.com.tr\/index.php\/wp-json\/wp\/v2\/product\/708654","targetHints":{"allow":["GET"]}}],"collection":[{"href":"https:\/\/roveyayinevi.com.tr\/index.php\/wp-json\/wp\/v2\/product"}],"about":[{"href":"https:\/\/roveyayinevi.com.tr\/index.php\/wp-json\/wp\/v2\/types\/product"}],"wp:attachment":[{"href":"https:\/\/roveyayinevi.com.tr\/index.php\/wp-json\/wp\/v2\/media?parent=708654"}],"wp:term":[{"taxonomy":"product_brand","embeddable":true,"href":"https:\/\/roveyayinevi.com.tr\/index.php\/wp-json\/wp\/v2\/product_brand?post=708654"},{"taxonomy":"product_cat","embeddable":true,"href":"https:\/\/roveyayinevi.com.tr\/index.php\/wp-json\/wp\/v2\/product_cat?post=708654"},{"taxonomy":"product_tag","embeddable":true,"href":"https:\/\/roveyayinevi.com.tr\/index.php\/wp-json\/wp\/v2\/product_tag?post=708654"}],"curies":[{"name":"wp","href":"https:\/\/api.w.org\/{rel}","templated":true}]}}