{"id":708652,"date":"2025-08-27T16:17:15","date_gmt":"2025-08-27T13:17:15","guid":{"rendered":"https:\/\/roveyayinevi.com.tr\/index.php\/urun\/babaya-mektup-3\/"},"modified":"2026-04-16T02:17:30","modified_gmt":"2026-04-15T23:17:30","slug":"babaya-mektup-3","status":"publish","type":"product","link":"https:\/\/roveyayinevi.com.tr\/index.php\/urun\/babaya-mektup-3\/","title":{"rendered":"Babaya Mektup"},"content":{"rendered":"<p>20. y\u00fczy\u0131l edebiyat tarihinin en b\u00fcy\u00fck itiraflar\u0131ndan biri say\u0131lan bu kitap, Kafka\u2019n\u0131n sahibine hi\u00e7 ula\u015fmam\u0131\u015f bir mektubu asl\u0131nda. Franz Kafka, 1919\u2019da dinlenmek \u00fczere gitti\u011fi Schelesen\u2019de Pragl\u0131 sekreter Julie Wohryzek ile tan\u0131\u015f\u0131r ve ni\u015fanlan\u0131r. Babaya Mektup yazar\u0131n bu evlilik karar\u0131na kar\u015f\u0131 \u00e7\u0131kan babas\u0131na olan duygu ve d\u00fc\u015f\u00fcncelerini dile getirirken, di\u011fer yandan bize Kafka\u2019n\u0131n ya\u015fam \u00f6yk\u00fcs\u00fcnden ipu\u00e7lar\u0131 da sunmaktad\u0131r. Franz Kafka\u2019n\u0131n yazarl\u0131\u011f\u0131na, kendi var olu\u015funa ili\u015fkin ayr\u0131nt\u0131larla bezeli yap\u0131t, kurmaca hik\u00e2yelere dayal\u0131 di\u011fer eserleriyle kar\u015f\u0131la\u015ft\u0131r\u0131ld\u0131\u011f\u0131nda belgesel bir nitelik de ta\u015f\u0131maktad\u0131r. Baba o\u011ful aras\u0131ndaki \u00e7at\u0131\u015fmadan yola \u00e7\u0131kan Babaya Mektup asl\u0131nda Kafka\u2019n\u0131n burjuva toplumlar\u0131n\u0131 belirleyen g\u00fc\u00e7l\u00fc ve g\u00fc\u00e7s\u00fcz kavramlar\u0131na bir serzeni\u015fidir. \ufffcTan\u0131t\u0131m Metni<\/p>\n","protected":false},"excerpt":{"rendered":"<p>20. y\u00fczy\u0131l edebiyat tarihinin en b\u00fcy\u00fck itiraflar\u0131ndan biri say\u0131lan bu kitap, Kafka\u2019n\u0131n sahibine hi\u00e7 ula\u015fmam\u0131\u015f bir mektubu asl\u0131nda. Franz Kafka, 1919\u2019da dinlenmek \u00fczere gitti\u011fi Schelesen\u2019de Pragl\u0131<span class=\"excerpt-hellip\"> [\u2026]<\/span><\/p>\n","protected":false},"featured_media":0,"template":"","meta":{"_monsterinsights_skip_tracking":false,"_monsterinsights_sitenote_active":false,"_monsterinsights_sitenote_note":"","_monsterinsights_sitenote_category":0},"product_brand":[],"product_cat":[13701,12291],"product_tag":[],"class_list":{"0":"post-708652","1":"product","2":"type-product","3":"status-publish","5":"product_cat-ani-mektup-gunluk","6":"product_cat-edebiyat","7":"pa_cilt-ciltsiz","8":"pa_tur-kitap","9":"pa_yayinevi-indigo-kitap","10":"pa_yazar-franz-kafka","12":"first","13":"instock","14":"sale","15":"shipping-taxable","16":"purchasable","17":"product-type-simple"},"_links":{"self":[{"href":"https:\/\/roveyayinevi.com.tr\/index.php\/wp-json\/wp\/v2\/product\/708652","targetHints":{"allow":["GET"]}}],"collection":[{"href":"https:\/\/roveyayinevi.com.tr\/index.php\/wp-json\/wp\/v2\/product"}],"about":[{"href":"https:\/\/roveyayinevi.com.tr\/index.php\/wp-json\/wp\/v2\/types\/product"}],"wp:attachment":[{"href":"https:\/\/roveyayinevi.com.tr\/index.php\/wp-json\/wp\/v2\/media?parent=708652"}],"wp:term":[{"taxonomy":"product_brand","embeddable":true,"href":"https:\/\/roveyayinevi.com.tr\/index.php\/wp-json\/wp\/v2\/product_brand?post=708652"},{"taxonomy":"product_cat","embeddable":true,"href":"https:\/\/roveyayinevi.com.tr\/index.php\/wp-json\/wp\/v2\/product_cat?post=708652"},{"taxonomy":"product_tag","embeddable":true,"href":"https:\/\/roveyayinevi.com.tr\/index.php\/wp-json\/wp\/v2\/product_tag?post=708652"}],"curies":[{"name":"wp","href":"https:\/\/api.w.org\/{rel}","templated":true}]}}