{"id":708651,"date":"2025-08-27T16:17:14","date_gmt":"2025-08-27T13:17:14","guid":{"rendered":"https:\/\/roveyayinevi.com.tr\/index.php\/urun\/donusum-13\/"},"modified":"2026-04-12T02:20:37","modified_gmt":"2026-04-11T23:20:37","slug":"donusum-13","status":"publish","type":"product","link":"https:\/\/roveyayinevi.com.tr\/index.php\/urun\/donusum-13\/","title":{"rendered":"D\u00f6n\u00fc\u015f\u00fcm"},"content":{"rendered":"<p>\u0130lk olarak 1915&#8217;te yay\u0131mlanan D\u00f6n\u00fc\u015f\u00fcm, hikayenin kahraman\u0131 Gregor Samsa&#8217;n\u0131n kendini bir sabah dev bir b\u00f6ce\u011fe d\u00f6n\u00fc\u015fm\u00fc\u015f halde bulmas\u0131yla ba\u015flar ve hayat\u0131ndaki de\u011fi\u015fiklikleri aktararak devam eder. Edebiyat d\u00fcnyas\u0131nda Kafka&#8217;n\u0131n en pop\u00fcler eserlerinden biri say\u0131lan yap\u0131t, sade bir dille okuyucuya toplumun farkl\u0131 olanlara yapt\u0131\u011f\u0131 muamele hakk\u0131nda bir fikir kazand\u0131r\u0131rken, di\u011fer yandan k\u00fc\u00e7\u00fck burjuva toplumlar\u0131ndaki aile yap\u0131lar\u0131n\u0131 en ince ayr\u0131nt\u0131s\u0131na kadar g\u00f6zler \u00f6n\u00fcne sermektedir. D\u00f6n\u00fc\u015f\u00fcm ile Kafka bir insan\u0131n b\u00f6ce\u011fe d\u00f6n\u00fc\u015fmesini soyut bir kavram olmaktan \u00e7ok bu s\u00fcrecin sosyal ve felsefi etkileriyle ele alm\u0131\u015ft\u0131r. Kafka, Gregor&#8217;un annesi, babas\u0131, k\u0131z karde\u015fi Grete, hizmet\u00e7ileri, patronu, yaratt\u0131\u011f\u0131 di\u011fer karakterleri ve tema \u00e7e\u015fitlili\u011fi ile okuyucuyu kendine bir kez daha hayran b\u0131rakm\u0131\u015ft\u0131r. <\/p>\n","protected":false},"excerpt":{"rendered":"<p>\u0130lk olarak 1915&#8217;te yay\u0131mlanan D\u00f6n\u00fc\u015f\u00fcm, hikayenin kahraman\u0131 Gregor Samsa&#8217;n\u0131n kendini bir sabah dev bir b\u00f6ce\u011fe d\u00f6n\u00fc\u015fm\u00fc\u015f halde bulmas\u0131yla ba\u015flar ve hayat\u0131ndaki de\u011fi\u015fiklikleri aktararak devam eder. Edebiyat<span class=\"excerpt-hellip\"> [\u2026]<\/span><\/p>\n","protected":false},"featured_media":0,"template":"","meta":{"_monsterinsights_skip_tracking":false,"_monsterinsights_sitenote_active":false,"_monsterinsights_sitenote_note":"","_monsterinsights_sitenote_category":0},"product_brand":[],"product_cat":[12291,12711],"product_tag":[],"class_list":{"0":"post-708651","1":"product","2":"type-product","3":"status-publish","5":"product_cat-edebiyat","6":"product_cat-roman-oyku","7":"pa_cilt-ciltsiz","8":"pa_tur-kitap","9":"pa_yayinevi-indigo-kitap","10":"pa_yazar-franz-kafka","12":"first","13":"instock","14":"sale","15":"shipping-taxable","16":"purchasable","17":"product-type-simple"},"_links":{"self":[{"href":"https:\/\/roveyayinevi.com.tr\/index.php\/wp-json\/wp\/v2\/product\/708651","targetHints":{"allow":["GET"]}}],"collection":[{"href":"https:\/\/roveyayinevi.com.tr\/index.php\/wp-json\/wp\/v2\/product"}],"about":[{"href":"https:\/\/roveyayinevi.com.tr\/index.php\/wp-json\/wp\/v2\/types\/product"}],"wp:attachment":[{"href":"https:\/\/roveyayinevi.com.tr\/index.php\/wp-json\/wp\/v2\/media?parent=708651"}],"wp:term":[{"taxonomy":"product_brand","embeddable":true,"href":"https:\/\/roveyayinevi.com.tr\/index.php\/wp-json\/wp\/v2\/product_brand?post=708651"},{"taxonomy":"product_cat","embeddable":true,"href":"https:\/\/roveyayinevi.com.tr\/index.php\/wp-json\/wp\/v2\/product_cat?post=708651"},{"taxonomy":"product_tag","embeddable":true,"href":"https:\/\/roveyayinevi.com.tr\/index.php\/wp-json\/wp\/v2\/product_tag?post=708651"}],"curies":[{"name":"wp","href":"https:\/\/api.w.org\/{rel}","templated":true}]}}