{"id":708650,"date":"2025-08-27T16:17:13","date_gmt":"2025-08-27T13:17:13","guid":{"rendered":"https:\/\/roveyayinevi.com.tr\/index.php\/urun\/ugh\/"},"modified":"2026-04-16T02:17:30","modified_gmt":"2026-04-15T23:17:30","slug":"ugh","status":"publish","type":"product","link":"https:\/\/roveyayinevi.com.tr\/index.php\/urun\/ugh\/","title":{"rendered":"Ugh!"},"content":{"rendered":"<p>T\u00fcrkiye\u2019de pek \u00e7ok yenili\u011fi b\u00fcy\u00fck bir cesaretle ba\u015flatan, dokundu\u011fu her \u015feyi sanata, edebiyata \u00e7eviren, \u00e7ok okunan kaliteli dergilerin beyefendisi MET\u0130N \u00dcST\u00dcNDA\u011e\u2019\u0131n (k\u0131saca: MET \u00dcST) uzun s\u00fcredir kitap\u00e7\u0131larda bulunamayan kitab\u0131 ugh!\u2019un yeni bask\u0131s\u0131 yay\u0131mland\u0131\u2026 Mizah ve k\u00fclt\u00fcr sanat d\u00fcnyam\u0131z\u0131n bir nevi Pele&#8217;si, Maradona\u2019s\u0131, Messi&#8217;siMetin Oktay&#8217;\u0131, Takoz Recep&#8217;i, Metin Kurt&#8217;u ve Hami&#8217;si MET \u00dcST\u2019\u00fcn \u2018b\u00fct\u00fcn eserleri\u2019nin \u00c7\u0131nar Yay\u0131nlar\u0131 taraf\u0131ndan yay\u0131mlanaca\u011f\u0131n\u0131 iki ay \u00f6nce m\u00fcjdelemi\u015ftik. \u00c7\u0131nar Yay\u0131nlar\u0131 olarak Bir Delinin Mal Beyan\u0131\u2019yla ba\u015flad\u0131\u011f\u0131m\u0131z MET \u00dcST\u2019\u00fcn \u2018b\u00fct\u00fcn eserleri\u2019ne bir ba\u015fka efsane kitapla devam ediyoruz: ugh! ugh!\u2019ta, \u201cG\u00fcn gelir mutlulu\u011fu buluruz\u201d diyerek erteleyip durdu\u011fumuz biricik hayat\u0131m\u0131z\u0131n elimizden nas\u0131l kay\u0131p gitti\u011fini kendine has \u00fcslubuyla \u015fiirle\u015ftiriyor MET \u00dcST.   beyaz adam i\u015flerine g\u00f6re kurar ya\u015fant\u0131s\u0131n\u0131..   k\u0131z\u0131lderili ise d\u00fc\u015flerine g\u00f6re her \u015fey biraz eksik kal\u0131yor.. UGH! <\/p>\n","protected":false},"excerpt":{"rendered":"<p>T\u00fcrkiye\u2019de pek \u00e7ok yenili\u011fi b\u00fcy\u00fck bir cesaretle ba\u015flatan, dokundu\u011fu her \u015feyi sanata, edebiyata \u00e7eviren, \u00e7ok okunan kaliteli dergilerin beyefendisi MET\u0130N \u00dcST\u00dcNDA\u011e\u2019\u0131n (k\u0131saca: MET \u00dcST) uzun s\u00fcredir<span class=\"excerpt-hellip\"> [\u2026]<\/span><\/p>\n","protected":false},"featured_media":0,"template":"","meta":{"_monsterinsights_skip_tracking":false,"_monsterinsights_sitenote_active":false,"_monsterinsights_sitenote_note":"","_monsterinsights_sitenote_category":0},"product_brand":[],"product_cat":[12291,14825],"product_tag":[],"class_list":{"0":"post-708650","1":"product","2":"type-product","3":"status-publish","5":"product_cat-edebiyat","6":"product_cat-mizah","7":"pa_cilt-ciltsiz","8":"pa_tur-kitap","9":"pa_yayinevi-cinar-yayinlari","10":"pa_yazar-mehmet-ustundag","12":"first","13":"instock","14":"sale","15":"shipping-taxable","16":"purchasable","17":"product-type-simple"},"_links":{"self":[{"href":"https:\/\/roveyayinevi.com.tr\/index.php\/wp-json\/wp\/v2\/product\/708650","targetHints":{"allow":["GET"]}}],"collection":[{"href":"https:\/\/roveyayinevi.com.tr\/index.php\/wp-json\/wp\/v2\/product"}],"about":[{"href":"https:\/\/roveyayinevi.com.tr\/index.php\/wp-json\/wp\/v2\/types\/product"}],"wp:attachment":[{"href":"https:\/\/roveyayinevi.com.tr\/index.php\/wp-json\/wp\/v2\/media?parent=708650"}],"wp:term":[{"taxonomy":"product_brand","embeddable":true,"href":"https:\/\/roveyayinevi.com.tr\/index.php\/wp-json\/wp\/v2\/product_brand?post=708650"},{"taxonomy":"product_cat","embeddable":true,"href":"https:\/\/roveyayinevi.com.tr\/index.php\/wp-json\/wp\/v2\/product_cat?post=708650"},{"taxonomy":"product_tag","embeddable":true,"href":"https:\/\/roveyayinevi.com.tr\/index.php\/wp-json\/wp\/v2\/product_tag?post=708650"}],"curies":[{"name":"wp","href":"https:\/\/api.w.org\/{rel}","templated":true}]}}