{"id":708649,"date":"2025-08-27T16:17:13","date_gmt":"2025-08-27T13:17:13","guid":{"rendered":"https:\/\/roveyayinevi.com.tr\/index.php\/urun\/analitik-felsefeye-giris\/"},"modified":"2026-04-16T02:17:30","modified_gmt":"2026-04-15T23:17:30","slug":"analitik-felsefeye-giris","status":"publish","type":"product","link":"https:\/\/roveyayinevi.com.tr\/index.php\/urun\/analitik-felsefeye-giris\/","title":{"rendered":"Analitik Felsefeye Giri\u015f"},"content":{"rendered":"<p>Analitik Felsefeye Giri\u015f, \u201cKad\u0131n ni\u00e7in \u00f6ld\u00fc?\u201d sorusu ile ba\u015flay\u0131p \u201cHayvanlarla ili\u015fkilerimiz nas\u0131l olmal\u0131?\u201d sorusuyla bitiyor. Bu iki soru, kitab\u0131n \u00e7ok dinamik bir i\u00e7eri\u011fe sahip oldu\u011funu ve her g\u00fcn kar\u015f\u0131 kar\u015f\u0131ya oldu\u011fumuz sorunlara y\u00f6neldi\u011fini g\u00f6steriyor.Felsefe, merak uyand\u0131rmas\u0131na ra\u011fmen zor bir alan olarak g\u00f6r\u00fcl\u00fcyor. Kitaplar, bazen bu zorlu\u011fu gidermek i\u00e7in felsefenin y\u00f6ntem ve sorunlar\u0131n\u0131n d\u0131\u015f\u0131na \u00e7\u0131k\u0131yor. Bu durumda tarih anlat\u0131lar\u0131, filozof hayatlar\u0131 veya kavram bilgileri ile dolu s\u0131k\u0131c\u0131 kitaplar ortaya \u00e7\u0131k\u0131yor. Bu arada felsefe, hem heyecans\u0131z hale geliyor hem de amac\u0131ndan uzakla\u015f\u0131yor; filozoflar canl\u0131 kal\u0131yor, fikirler \u00f6l\u00fc hale geliyor.John Hospers, felsefeyi anlaman\u0131n zor oldu\u011funu d\u00fc\u015f\u00fcnen okuyuculara anla\u015f\u0131l\u0131r bir giri\u015f kitab\u0131 sunmakta; bizlere \u00f6l\u00fc olanlar\u0131n fikirler de\u011fil filozoflar oldu\u011funu g\u00f6stermektedir.Kitab\u0131n i\u00e7inde neler var?\u2022 Okuyuculara odaklanmalar\u0131 gereken noktalar\u0131 g\u00f6steren sorular\u2022 Felsefe sorunlar\u0131n\u0131 anlamay\u0131 ve \u00e7\u00f6z\u00fcmlemeyi ama\u00e7layan diyaloglar\u2022 Kar\u015f\u0131t g\u00f6r\u00fc\u015fleri savunanlar\u0131n iddialar\u0131n\u0131 i\u00e7eren tart\u0131\u015fmalar\u2022 \u00d6\u011frencileri felsefe konu\u015fmalar\u0131na al\u0131\u015ft\u0131racak olan etkinlikler\u2022 Sorunlar, kuramlar, k\u0131sa tan\u0131mlar, kavramlar ve filozoflarHangi sorulara cevap aran\u0131yor?\u2022 Bizler neleri bilebiliriz?\u2022 D\u00fcnyan\u0131n ve hayat\u0131n bir amac\u0131 var m\u0131d\u0131r?\u2022 Bilim, evrim ve yaratma tart\u0131\u015fmas\u0131n\u0131n mahiyeti nedir?\u2022 Olgular ve de\u011ferler aras\u0131nda mant\u0131ksal ili\u015fki var m\u0131d\u0131r?\u2022 Zihin ve beden ili\u015fkisi \u00fczerine neler s\u00f6yleniyor?\u2022 Bizler, sadece beden mi, zihin mi; yoksa ikisi birden miyiz?\ufffc<\/p>\n","protected":false},"excerpt":{"rendered":"<p>Analitik Felsefeye Giri\u015f, \u201cKad\u0131n ni\u00e7in \u00f6ld\u00fc?\u201d sorusu ile ba\u015flay\u0131p \u201cHayvanlarla ili\u015fkilerimiz nas\u0131l olmal\u0131?\u201d sorusuyla bitiyor. Bu iki soru, kitab\u0131n \u00e7ok dinamik bir i\u00e7eri\u011fe sahip oldu\u011funu ve<span class=\"excerpt-hellip\"> [\u2026]<\/span><\/p>\n","protected":false},"featured_media":0,"template":"","meta":{"_monsterinsights_skip_tracking":false,"_monsterinsights_sitenote_active":false,"_monsterinsights_sitenote_note":"","_monsterinsights_sitenote_category":0},"product_brand":[],"product_cat":[16038,12388],"product_tag":[],"class_list":{"0":"post-708649","1":"product","2":"type-product","3":"status-publish","5":"product_cat-arastirma-inceleme-referans-felsefe","6":"product_cat-felsefe","7":"pa_cilt-ciltsiz","8":"pa_tur-kitap","9":"pa_yayinevi-adres-yayinlari","10":"pa_yazar-john-hospers","12":"first","13":"instock","14":"sale","15":"shipping-taxable","16":"purchasable","17":"product-type-simple"},"_links":{"self":[{"href":"https:\/\/roveyayinevi.com.tr\/index.php\/wp-json\/wp\/v2\/product\/708649","targetHints":{"allow":["GET"]}}],"collection":[{"href":"https:\/\/roveyayinevi.com.tr\/index.php\/wp-json\/wp\/v2\/product"}],"about":[{"href":"https:\/\/roveyayinevi.com.tr\/index.php\/wp-json\/wp\/v2\/types\/product"}],"wp:attachment":[{"href":"https:\/\/roveyayinevi.com.tr\/index.php\/wp-json\/wp\/v2\/media?parent=708649"}],"wp:term":[{"taxonomy":"product_brand","embeddable":true,"href":"https:\/\/roveyayinevi.com.tr\/index.php\/wp-json\/wp\/v2\/product_brand?post=708649"},{"taxonomy":"product_cat","embeddable":true,"href":"https:\/\/roveyayinevi.com.tr\/index.php\/wp-json\/wp\/v2\/product_cat?post=708649"},{"taxonomy":"product_tag","embeddable":true,"href":"https:\/\/roveyayinevi.com.tr\/index.php\/wp-json\/wp\/v2\/product_tag?post=708649"}],"curies":[{"name":"wp","href":"https:\/\/api.w.org\/{rel}","templated":true}]}}