{"id":708645,"date":"2025-08-27T16:17:11","date_gmt":"2025-08-27T13:17:11","guid":{"rendered":"https:\/\/roveyayinevi.com.tr\/index.php\/urun\/antik-cag-imparatorluklari\/"},"modified":"2026-04-16T02:17:30","modified_gmt":"2026-04-15T23:17:30","slug":"antik-cag-imparatorluklari","status":"publish","type":"product","link":"https:\/\/roveyayinevi.com.tr\/index.php\/urun\/antik-cag-imparatorluklari\/","title":{"rendered":"Antik \u00c7a\u011f \u0130mparatorluklar\u0131"},"content":{"rendered":"<p>Antik\u00e7a\u011f \u0130mparatorluklar\u0131 Yunan-Roma d\u00fcnyas\u0131, ge\u00e7 antik\u00e7a\u011f ve \u0130slamiyet\u2019in ilk d\u00f6nemi dahil Yak\u0131ndo\u011fu, Akdeniz ve Avrupa tarihini i\u00e7eren, nispeten k\u0131sa ama kapsaml\u0131 bir inceleme. \u0130mparatorluklar ve emperyalizmin yan\u0131 s\u0131ra kar\u015f\u0131 cephede olu\u015fan direni\u015f ve tepkiler \u00fczerinde de durmas\u0131, g\u00fcn\u00fcm\u00fczdeki d\u00fczen, adalet ve ba\u011f\u0131ms\u0131zl\u0131k kavramlar\u0131na \u0131\u015f\u0131k tutuyor. Kitapta, antik\u00e7a\u011fda b\u00fcy\u00fck imparatorluklara direnen halklar\u0131n geli\u015ftirdi\u011fi en kal\u0131c\u0131 fikirler, de\u011fer yarg\u0131lar\u0131 ve kurumlar sergileniyor. Gerek imparatorluklar\u0131n olu\u015fumuyla, gerekse kom\u015fu devletlerin bu olu\u015fumlara direni\u015fiyle ilgili temel politik ve ideolojik sorunlar de\u011ferlendiriliyor. Her imparatorlukta ve direni\u015f grubunda g\u00f6zlemlenen ideolojik, ekonomik, askeri ve politik g\u00fc\u00e7ler aras\u0131ndaki ba\u011flant\u0131lar \u00fczerinde duruluyor. Emperyalizmin, hedef ald\u0131\u011f\u0131 halk ya da devletlerin konsolide olmas\u0131 sonucunu do\u011furdu\u011funu ileri s\u00fcren bu kitab\u0131, ge\u00e7mi\u015f ile g\u00fcn\u00fcm\u00fcz aras\u0131nda pek \u00e7ok ba\u011flant\u0131 kurarak ilgiyle okuyaca\u011f\u0131n\u0131z\u0131 d\u00fc\u015f\u00fcn\u00fcyoruz. <\/p>\n","protected":false},"excerpt":{"rendered":"<p>Antik\u00e7a\u011f \u0130mparatorluklar\u0131 Yunan-Roma d\u00fcnyas\u0131, ge\u00e7 antik\u00e7a\u011f ve \u0130slamiyet\u2019in ilk d\u00f6nemi dahil Yak\u0131ndo\u011fu, Akdeniz ve Avrupa tarihini i\u00e7eren, nispeten k\u0131sa ama kapsaml\u0131 bir inceleme. \u0130mparatorluklar ve emperyalizmin<span class=\"excerpt-hellip\"> [\u2026]<\/span><\/p>\n","protected":false},"featured_media":0,"template":"","meta":{"_monsterinsights_skip_tracking":false,"_monsterinsights_sitenote_active":false,"_monsterinsights_sitenote_note":"","_monsterinsights_sitenote_category":0},"product_brand":[],"product_cat":[12370,12304],"product_tag":[],"class_list":{"0":"post-708645","1":"product","2":"type-product","3":"status-publish","5":"product_cat-arastirma-inceleme","6":"product_cat-tarih","7":"pa_cilt-ciltsiz","8":"pa_tur-kitap","9":"pa_yayinevi-say-yayinlari","10":"pa_yazar-eric-h-cline","12":"first","13":"instock","14":"sale","15":"shipping-taxable","16":"purchasable","17":"product-type-simple"},"_links":{"self":[{"href":"https:\/\/roveyayinevi.com.tr\/index.php\/wp-json\/wp\/v2\/product\/708645","targetHints":{"allow":["GET"]}}],"collection":[{"href":"https:\/\/roveyayinevi.com.tr\/index.php\/wp-json\/wp\/v2\/product"}],"about":[{"href":"https:\/\/roveyayinevi.com.tr\/index.php\/wp-json\/wp\/v2\/types\/product"}],"wp:attachment":[{"href":"https:\/\/roveyayinevi.com.tr\/index.php\/wp-json\/wp\/v2\/media?parent=708645"}],"wp:term":[{"taxonomy":"product_brand","embeddable":true,"href":"https:\/\/roveyayinevi.com.tr\/index.php\/wp-json\/wp\/v2\/product_brand?post=708645"},{"taxonomy":"product_cat","embeddable":true,"href":"https:\/\/roveyayinevi.com.tr\/index.php\/wp-json\/wp\/v2\/product_cat?post=708645"},{"taxonomy":"product_tag","embeddable":true,"href":"https:\/\/roveyayinevi.com.tr\/index.php\/wp-json\/wp\/v2\/product_tag?post=708645"}],"curies":[{"name":"wp","href":"https:\/\/api.w.org\/{rel}","templated":true}]}}