{"id":708643,"date":"2025-08-27T16:17:10","date_gmt":"2025-08-27T13:17:10","guid":{"rendered":"https:\/\/roveyayinevi.com.tr\/index.php\/urun\/kucuk-kara-balik-8\/"},"modified":"2026-04-16T02:17:30","modified_gmt":"2026-04-15T23:17:30","slug":"kucuk-kara-balik-8","status":"publish","type":"product","link":"https:\/\/roveyayinevi.com.tr\/index.php\/urun\/kucuk-kara-balik-8\/","title":{"rendered":"K\u00fc\u00e7\u00fck Kara Bal\u0131k"},"content":{"rendered":"<p>\u0130\u00e7inde ya\u015fad\u0131\u011f\u0131 nehrin sonunda ne oldu\u011funu merak eden ve bu nedenle uzun bir yolculu\u011fa \u00e7\u0131kan K\u00fc\u00e7\u00fck Kara Bal\u0131k&#8217;\u0131n ba\u015f\u0131ndan ge\u00e7enleri anlatan bu hik\u00e2ye, en g\u00fczel ve en anlaml\u0131 Samed Behrengi hik\u00e2yelerinden biridir. Hangi \u00fclkede ya\u015f\u0131yor ve hangi dilde konu\u015fuyor olursa olsun Behrengi, b\u00fct\u00fcn \u00e7ocuklara ve hatta yeti\u015fkinlere, yar\u0131n\u0131n ba\u015fka t\u00fcrl\u00fc olabilece\u011fini, k\u00fc\u00e7\u00fck bal\u0131klar\u0131n b\u00fcy\u00fck bal\u0131klara kar\u015f\u0131 durabilece\u011fini, \u00f6zg\u00fcr olman\u0131n m\u00fcmk\u00fcnl\u00fc\u011f\u00fcn\u00fc anlat\u0131r. Umudu elden b\u0131rakmaman\u0131n ve asla vazge\u00e7memenin ilk kural oldu\u011funu bizlere g\u00f6sterir. \u201cBal\u0131klar\u0131n \u00e7o\u011fu ya\u015fland\u0131klar\u0131 zaman \u00f6m\u00fcrlerini bo\u015fu bo\u015funa ge\u00e7irdiklerinden yak\u0131n\u0131rlar. S\u00fcrekli s\u0131zlan\u0131r, lanet okur, her \u015feyden \u015fik\u00e2yet ederler. Ben bilmek istiyorum; ger\u00e7ekten de ya\u015famak dedi\u011fimiz \u015fey \u015fu bir avu\u00e7 yerde ya\u015flan\u0131ncaya kadar dola\u015f\u0131p durmaktan m\u0131 ibaret; yoksa d\u00fcnyada ba\u015fka \u015fekilde ya\u015famak da m\u00fcmk\u00fcn m\u00fc?\u201d <\/p>\n","protected":false},"excerpt":{"rendered":"<p>\u0130\u00e7inde ya\u015fad\u0131\u011f\u0131 nehrin sonunda ne oldu\u011funu merak eden ve bu nedenle uzun bir yolculu\u011fa \u00e7\u0131kan K\u00fc\u00e7\u00fck Kara Bal\u0131k&#8217;\u0131n ba\u015f\u0131ndan ge\u00e7enleri anlatan bu hik\u00e2ye, en g\u00fczel ve<span class=\"excerpt-hellip\"> [\u2026]<\/span><\/p>\n","protected":false},"featured_media":0,"template":"","meta":{"_monsterinsights_skip_tracking":false,"_monsterinsights_sitenote_active":false,"_monsterinsights_sitenote_note":"","_monsterinsights_sitenote_category":0},"product_brand":[],"product_cat":[12913,12274],"product_tag":[],"class_list":{"0":"post-708643","1":"product","2":"type-product","3":"status-publish","5":"product_cat-3-6-yas-kitaplari","6":"product_cat-cocuk-ve-genclik-kitaplari","7":"pa_cilt-ciltsiz","8":"pa_tur-kitap","9":"pa_yayinevi-say-cocuk","10":"pa_yazar-samed-behrengi","12":"first","13":"instock","14":"sale","15":"shipping-taxable","16":"purchasable","17":"product-type-simple"},"_links":{"self":[{"href":"https:\/\/roveyayinevi.com.tr\/index.php\/wp-json\/wp\/v2\/product\/708643","targetHints":{"allow":["GET"]}}],"collection":[{"href":"https:\/\/roveyayinevi.com.tr\/index.php\/wp-json\/wp\/v2\/product"}],"about":[{"href":"https:\/\/roveyayinevi.com.tr\/index.php\/wp-json\/wp\/v2\/types\/product"}],"wp:attachment":[{"href":"https:\/\/roveyayinevi.com.tr\/index.php\/wp-json\/wp\/v2\/media?parent=708643"}],"wp:term":[{"taxonomy":"product_brand","embeddable":true,"href":"https:\/\/roveyayinevi.com.tr\/index.php\/wp-json\/wp\/v2\/product_brand?post=708643"},{"taxonomy":"product_cat","embeddable":true,"href":"https:\/\/roveyayinevi.com.tr\/index.php\/wp-json\/wp\/v2\/product_cat?post=708643"},{"taxonomy":"product_tag","embeddable":true,"href":"https:\/\/roveyayinevi.com.tr\/index.php\/wp-json\/wp\/v2\/product_tag?post=708643"}],"curies":[{"name":"wp","href":"https:\/\/api.w.org\/{rel}","templated":true}]}}