{"id":708642,"date":"2025-08-27T16:17:10","date_gmt":"2025-08-27T13:17:10","guid":{"rendered":"https:\/\/roveyayinevi.com.tr\/index.php\/urun\/veys\/"},"modified":"2026-04-16T02:17:30","modified_gmt":"2026-04-15T23:17:30","slug":"veys","status":"publish","type":"product","link":"https:\/\/roveyayinevi.com.tr\/index.php\/urun\/veys\/","title":{"rendered":"Veys"},"content":{"rendered":"<p>Turgut Uyar, \u015fiirin imk\u00e2nlar\u0131yla \u015fa\u015f\u0131rtmay\u0131, d\u00fc\u015f\u00fcnd\u00fcrmeyi s\u00fcrd\u00fcr\u00fcyor.Turgut Uyar\u2019\u0131n sa\u011fl\u0131\u011f\u0131nda yay\u0131nlamad\u0131\u011f\u0131, bir nedenle yay\u0131nlamay\u0131 tercih etmedi\u011fi, \u201cad\u0131 konmam\u0131\u015f, tarihsiz\u201d \u2013yaz\u0131l\u0131\u015f\u0131n\u0131n \u00fczerinden tahminen yar\u0131m as\u0131r ge\u00e7mi\u015f\u2013 oyunu Veys, y\u0131llarca gizlenmeyi ya da yazan\u0131 taraf\u0131ndan unutulmay\u0131 g\u00f6ze alm\u0131\u015f, B\u00fcy\u00fck Saat\u2019in zembere\u011fiyle kurulmu\u015f, \u015fa\u015f\u0131rt\u0131c\u0131, d\u00fc\u015f\u00fcnd\u00fcren bir metin.ADAM: Asl\u0131n\u0131 ararsan zaten hi\u00e7 gere\u011fi yok,Hi\u00e7 gere\u011fi yok d\u00fcnyada yalva\u00e7lar\u0131n,ve hamam nal\u0131nlar\u0131n\u0131n.Nas\u0131l olsa \u0131slanmak i\u00e7in girmi\u015fsek oraya.S\u00f6yle, Tanr\u0131 ad\u0131na s\u00f6yle, var m\u0131 bir yol g\u00f6stereni,bir yalva\u00e7\u0131 ku\u015flar\u0131n a\u011fa\u00e7lar\u0131n..O ne dinginlik bay\u0131m, o ne erin\u00e7, o ne bilgelik.Hi\u00e7 aldatt\u0131\u011f\u0131 g\u00f6r\u00fclm\u00fc\u015f m\u00fcd\u00fcr insanlar\u0131,hatta affedersiniz ay\u0131lar\u0131 ay\u0131lar\u0131Bir armut a\u011fac\u0131n\u0131n aldatt\u0131\u011f\u0131..Do\u011frusunu ister misiniz, ben anlam\u0131yorum,mayonezli \u00f6l\u00fc bal\u0131klar\u0131, y\u00fcz katl\u0131 yap\u0131lar\u0131..Garson!..Oturun, oturun, otural\u0131m.VEYS: \u0130\u015fte demin de s\u00f6yledim, biraz kar\u0131\u015f\u0131k,iki d\u00fczeni kar\u015f\u0131la\u015ft\u0131rmak..A\u011fa\u00e7lar, ku\u015flar farketmez belki, hele ku\u015flar hi\u00e7bazan yerin sars\u0131ld\u0131\u011f\u0131n\u0131. <\/p>\n","protected":false},"excerpt":{"rendered":"<p>Turgut Uyar, \u015fiirin imk\u00e2nlar\u0131yla \u015fa\u015f\u0131rtmay\u0131, d\u00fc\u015f\u00fcnd\u00fcrmeyi s\u00fcrd\u00fcr\u00fcyor.Turgut Uyar\u2019\u0131n sa\u011fl\u0131\u011f\u0131nda yay\u0131nlamad\u0131\u011f\u0131, bir nedenle yay\u0131nlamay\u0131 tercih etmedi\u011fi, \u201cad\u0131 konmam\u0131\u015f, tarihsiz\u201d \u2013yaz\u0131l\u0131\u015f\u0131n\u0131n \u00fczerinden tahminen yar\u0131m as\u0131r ge\u00e7mi\u015f\u2013 oyunu Veys,<span class=\"excerpt-hellip\"> [\u2026]<\/span><\/p>\n","protected":false},"featured_media":0,"template":"","meta":{"_monsterinsights_skip_tracking":false,"_monsterinsights_sitenote_active":false,"_monsterinsights_sitenote_note":"","_monsterinsights_sitenote_category":0},"product_brand":[],"product_cat":[12364],"product_tag":[],"class_list":{"0":"post-708642","1":"product","2":"type-product","3":"status-publish","5":"product_cat-genel-konular","6":"pa_cilt-ciltsiz","7":"pa_tur-kitap","8":"pa_yayinevi-yapi-kredi-yayinlari","9":"pa_yazar-turgut-uyar","11":"first","12":"instock","13":"sale","14":"shipping-taxable","15":"purchasable","16":"product-type-simple"},"_links":{"self":[{"href":"https:\/\/roveyayinevi.com.tr\/index.php\/wp-json\/wp\/v2\/product\/708642","targetHints":{"allow":["GET"]}}],"collection":[{"href":"https:\/\/roveyayinevi.com.tr\/index.php\/wp-json\/wp\/v2\/product"}],"about":[{"href":"https:\/\/roveyayinevi.com.tr\/index.php\/wp-json\/wp\/v2\/types\/product"}],"wp:attachment":[{"href":"https:\/\/roveyayinevi.com.tr\/index.php\/wp-json\/wp\/v2\/media?parent=708642"}],"wp:term":[{"taxonomy":"product_brand","embeddable":true,"href":"https:\/\/roveyayinevi.com.tr\/index.php\/wp-json\/wp\/v2\/product_brand?post=708642"},{"taxonomy":"product_cat","embeddable":true,"href":"https:\/\/roveyayinevi.com.tr\/index.php\/wp-json\/wp\/v2\/product_cat?post=708642"},{"taxonomy":"product_tag","embeddable":true,"href":"https:\/\/roveyayinevi.com.tr\/index.php\/wp-json\/wp\/v2\/product_tag?post=708642"}],"curies":[{"name":"wp","href":"https:\/\/api.w.org\/{rel}","templated":true}]}}