{"id":708635,"date":"2025-08-27T16:16:32","date_gmt":"2025-08-27T13:16:32","guid":{"rendered":"https:\/\/roveyayinevi.com.tr\/index.php\/urun\/kemer-sikmak-tehlikeli-bir-fikrin-tarihi\/"},"modified":"2026-04-16T02:17:30","modified_gmt":"2026-04-15T23:17:30","slug":"kemer-sikmak-tehlikeli-bir-fikrin-tarihi","status":"publish","type":"product","link":"https:\/\/roveyayinevi.com.tr\/index.php\/urun\/kemer-sikmak-tehlikeli-bir-fikrin-tarihi\/","title":{"rendered":"Kemer S\u0131kmak &#8211; Tehlikeli Bir Fikrin Tarihi"},"content":{"rendered":"<p>\u00c7ok fazla borcun varsa harcamay\u0131 kes! Gayet mant\u0131kl\u0131, de\u011fil mi? Ac\u0131 re\u00e7eteler sunan kemer s\u0131kma politikalar\u0131 s\u00f6z konusu oldu\u011funda da bu \u015fekilde d\u00fc\u015f\u00fcnmek m\u00fcmk\u00fcn m\u00fcd\u00fcr? Kemer s\u0131kma g\u00f6r\u00fc\u015f\u00fcn\u00fc hem hassas bir ekonomi politikas\u0131 hem de iktisat fikirleri a\u00e7\u0131s\u0131ndan ele alan Mark Blyth, kendi i\u00e7inde patlayan ABD finans sekt\u00f6r\u00fc krizinin avro b\u00f6lgesine ve \u00f6tesine yay\u0131larak, nas\u0131l bir kamu krizine d\u00f6n\u00fc\u015ft\u00fc\u011f\u00fcn\u00fc ve sonu\u00e7lar\u0131n\u0131 inceliyor. Bankac\u0131l\u0131k sekt\u00f6r\u00fcnde olu\u015fan \u00f6zel borcun nas\u0131l olup da \u201cdevlet borcu krizi\u201d olarak yeniden adland\u0131r\u0131ld\u0131\u011f\u0131 ve krizin insanl\u0131k tarihinin en b\u00fcy\u00fck \u015fa\u015f\u0131rtma hik\u00e2yesini olu\u015fturdu\u011fu \u00fczerinde durarak kemer s\u0131kma fikrinin tarihini sorguluyor. Locke, Smith, Hume ve Keynes\u2019in d\u00fc\u015f\u00fcnceleri ve \u00e7al\u0131\u015fmalar\u0131 aras\u0131nda gezinerek kemer s\u0131kman\u0131n entelekt\u00fcel tarihini ele ald\u0131ktan sonra kemer s\u0131kman\u0131n ger\u00e7ek tarihine bak\u0131yor. 1930\u2019lardan alt\u0131 (ABD, \u0130ngiltere, Almanya, Japonya ve Fransa), 1980\u2019lerden d\u00f6rt (Danimarka, \u0130rlanda, Avusturya ve \u0130sve\u00e7) \u00f6rnek vakay\u0131 ve sonunda kemer s\u0131kman\u0131n yeni umudu REBLL ittifak\u0131 \u00fclkeleri (Romanya, Estonya, Bulgaristan, Letonya ve Litvanya) senaryolar\u0131n\u0131 analiz ederek kemer s\u0131kman\u0131n uygulamada nas\u0131l \u00e7al\u0131\u015ft\u0131\u011f\u0131n\u0131, milyonlarca insan\u0131n ya\u015fam\u0131n\u0131 etkileyen kemer s\u0131kma uygulamalar\u0131ndan ne gibi dersler almam\u0131z gerekti\u011fini ortaya koyuyor. Mark Blyth, Brown \u00dcniversitesi\u2019nde uluslararas\u0131 siyasal ekonomi profes\u00f6r\u00fc. <\/p>\n","protected":false},"excerpt":{"rendered":"<p>\u00c7ok fazla borcun varsa harcamay\u0131 kes! Gayet mant\u0131kl\u0131, de\u011fil mi? Ac\u0131 re\u00e7eteler sunan kemer s\u0131kma politikalar\u0131 s\u00f6z konusu oldu\u011funda da bu \u015fekilde d\u00fc\u015f\u00fcnmek m\u00fcmk\u00fcn m\u00fcd\u00fcr? Kemer<span class=\"excerpt-hellip\"> [\u2026]<\/span><\/p>\n","protected":false},"featured_media":0,"template":"","meta":{"_monsterinsights_skip_tracking":false,"_monsterinsights_sitenote_active":false,"_monsterinsights_sitenote_note":"","_monsterinsights_sitenote_category":0},"product_brand":[],"product_cat":[12364],"product_tag":[],"class_list":{"0":"post-708635","1":"product","2":"type-product","3":"status-publish","5":"product_cat-genel-konular","6":"pa_cilt-ciltsiz","7":"pa_tur-kitap","8":"pa_yayinevi-koc-universitesi-yayinlari","9":"pa_yazar-mark-blyth","11":"first","12":"instock","13":"sale","14":"shipping-taxable","15":"purchasable","16":"product-type-simple"},"_links":{"self":[{"href":"https:\/\/roveyayinevi.com.tr\/index.php\/wp-json\/wp\/v2\/product\/708635","targetHints":{"allow":["GET"]}}],"collection":[{"href":"https:\/\/roveyayinevi.com.tr\/index.php\/wp-json\/wp\/v2\/product"}],"about":[{"href":"https:\/\/roveyayinevi.com.tr\/index.php\/wp-json\/wp\/v2\/types\/product"}],"wp:attachment":[{"href":"https:\/\/roveyayinevi.com.tr\/index.php\/wp-json\/wp\/v2\/media?parent=708635"}],"wp:term":[{"taxonomy":"product_brand","embeddable":true,"href":"https:\/\/roveyayinevi.com.tr\/index.php\/wp-json\/wp\/v2\/product_brand?post=708635"},{"taxonomy":"product_cat","embeddable":true,"href":"https:\/\/roveyayinevi.com.tr\/index.php\/wp-json\/wp\/v2\/product_cat?post=708635"},{"taxonomy":"product_tag","embeddable":true,"href":"https:\/\/roveyayinevi.com.tr\/index.php\/wp-json\/wp\/v2\/product_tag?post=708635"}],"curies":[{"name":"wp","href":"https:\/\/api.w.org\/{rel}","templated":true}]}}