{"id":708634,"date":"2025-08-27T16:16:32","date_gmt":"2025-08-27T13:16:32","guid":{"rendered":"https:\/\/roveyayinevi.com.tr\/index.php\/urun\/butun-siirleri-ve-fragmanlari\/"},"modified":"2026-04-16T02:17:30","modified_gmt":"2026-04-15T23:17:30","slug":"butun-siirleri-ve-fragmanlari","status":"publish","type":"product","link":"https:\/\/roveyayinevi.com.tr\/index.php\/urun\/butun-siirleri-ve-fragmanlari\/","title":{"rendered":"B\u00fct\u00fcn \u015eiirleri ve Fragmanlar\u0131"},"content":{"rendered":"<p>Bakkhylides \u0130skenderiye K\u00fct\u00fcphanesi\u2019nin \u00e2limleri taraf\u0131ndan antik Yunan lirik \u015fiirinin dokuz b\u00fcy\u00fck isminden biri kabul edilmi\u015ftir. Bu dokuz b\u00fcy\u00fck \u015fairin aras\u0131nda yer alan Simonides\u2019in ye\u011feni, Pindaros\u2019unsa \u00e7a\u011fda\u015f\u0131d\u0131r. Epinikion(atletik m\u00fcsabakalar\u0131n galiplerini \u00f6vmek amac\u0131yla yaz\u0131lan \u201czafer \u015fark\u0131lar\u0131\u201d) yaz\u0131m\u0131ndaki rakibi ve \u00e7a\u011f\u0131n\u0131n en \u00fcnl\u00fc \u015fairi Pindaros\u2019un g\u00f6steri\u015fli \u00fcslubunun aksine, Bakkhylides\u2019in \u015fiirlerinin ay\u0131rt edici \u00f6zelli\u011fi dilinin sadeli\u011fi ve ak\u0131c\u0131l\u0131\u011f\u0131d\u0131r. Elinizdeki kitap, Bakkhylides\u2019in b\u00fct\u00fcn epinikion\u2019lar\u0131n\u0131n ve dithyrambos\u2019lar\u0131n\u0131n (ba\u011fbozumu \u015fenliklerinde okunan Dionysos ilahileri) yan\u0131 s\u0131ra di\u011fer t\u00fcrlerdeki \u015fiirlerini ve fragmanlar\u0131n\u0131 bir araya getiriyor. <\/p>\n","protected":false},"excerpt":{"rendered":"<p>Bakkhylides \u0130skenderiye K\u00fct\u00fcphanesi\u2019nin \u00e2limleri taraf\u0131ndan antik Yunan lirik \u015fiirinin dokuz b\u00fcy\u00fck isminden biri kabul edilmi\u015ftir. Bu dokuz b\u00fcy\u00fck \u015fairin aras\u0131nda yer alan Simonides\u2019in ye\u011feni, Pindaros\u2019unsa \u00e7a\u011fda\u015f\u0131d\u0131r.<span class=\"excerpt-hellip\"> [\u2026]<\/span><\/p>\n","protected":false},"featured_media":0,"template":"","meta":{"_monsterinsights_skip_tracking":false,"_monsterinsights_sitenote_active":false,"_monsterinsights_sitenote_note":"","_monsterinsights_sitenote_category":0},"product_brand":[],"product_cat":[12291,12509],"product_tag":[],"class_list":{"0":"post-708634","1":"product","2":"type-product","3":"status-publish","5":"product_cat-edebiyat","6":"product_cat-siir","7":"pa_cilt-ciltsiz","8":"pa_tur-kitap","9":"pa_yayinevi-yapi-kredi-yayinlari","10":"pa_yazar-bakkhylides","12":"first","13":"instock","14":"sale","15":"shipping-taxable","16":"purchasable","17":"product-type-simple"},"_links":{"self":[{"href":"https:\/\/roveyayinevi.com.tr\/index.php\/wp-json\/wp\/v2\/product\/708634","targetHints":{"allow":["GET"]}}],"collection":[{"href":"https:\/\/roveyayinevi.com.tr\/index.php\/wp-json\/wp\/v2\/product"}],"about":[{"href":"https:\/\/roveyayinevi.com.tr\/index.php\/wp-json\/wp\/v2\/types\/product"}],"wp:attachment":[{"href":"https:\/\/roveyayinevi.com.tr\/index.php\/wp-json\/wp\/v2\/media?parent=708634"}],"wp:term":[{"taxonomy":"product_brand","embeddable":true,"href":"https:\/\/roveyayinevi.com.tr\/index.php\/wp-json\/wp\/v2\/product_brand?post=708634"},{"taxonomy":"product_cat","embeddable":true,"href":"https:\/\/roveyayinevi.com.tr\/index.php\/wp-json\/wp\/v2\/product_cat?post=708634"},{"taxonomy":"product_tag","embeddable":true,"href":"https:\/\/roveyayinevi.com.tr\/index.php\/wp-json\/wp\/v2\/product_tag?post=708634"}],"curies":[{"name":"wp","href":"https:\/\/api.w.org\/{rel}","templated":true}]}}