{"id":708632,"date":"2025-08-27T16:16:31","date_gmt":"2025-08-27T13:16:31","guid":{"rendered":"https:\/\/roveyayinevi.com.tr\/index.php\/urun\/jane-eyre-5\/"},"modified":"2026-04-16T02:17:30","modified_gmt":"2026-04-15T23:17:30","slug":"jane-eyre-5","status":"publish","type":"product","link":"https:\/\/roveyayinevi.com.tr\/index.php\/urun\/jane-eyre-5\/","title":{"rendered":"Jane Eyre"},"content":{"rendered":"<p>Yazar\u0131 Charlotte Bronte\u2019nin kendi hayat\u0131ndan izler ta\u015f\u0131yan Jane Eyre, 170 y\u0131l \u00f6nce ilk yay\u0131mland\u0131\u011f\u0131 g\u00fcnden bu yana herkesin be\u011fenisini kazanm\u0131\u015ft\u0131r.   Zorlu ge\u00e7en bir \u00e7ocukluk d\u00f6neminin ard\u0131ndan \u00f6\u011fretmen olan Jane Eyre, Bay Rochester\u2019la evlenmek \u00fczereyken ge\u00e7mi\u015ften gelen karanl\u0131k bir s\u0131r onlara engel olur. Jane sonunda mutlulu\u011fu yakalayabilecek mi? <\/p>\n","protected":false},"excerpt":{"rendered":"<p>Yazar\u0131 Charlotte Bronte\u2019nin kendi hayat\u0131ndan izler ta\u015f\u0131yan Jane Eyre, 170 y\u0131l \u00f6nce ilk yay\u0131mland\u0131\u011f\u0131 g\u00fcnden bu yana herkesin be\u011fenisini kazanm\u0131\u015ft\u0131r. Zorlu ge\u00e7en bir \u00e7ocukluk d\u00f6neminin ard\u0131ndan<span class=\"excerpt-hellip\"> [\u2026]<\/span><\/p>\n","protected":false},"featured_media":0,"template":"","meta":{"_monsterinsights_skip_tracking":false,"_monsterinsights_sitenote_active":false,"_monsterinsights_sitenote_note":"","_monsterinsights_sitenote_category":0},"product_brand":[],"product_cat":[12275,12274],"product_tag":[],"class_list":{"0":"post-708632","1":"product","2":"type-product","3":"status-publish","5":"product_cat-6-12-yas-kitaplari","6":"product_cat-cocuk-ve-genclik-kitaplari","7":"pa_cilt-ciltsiz","8":"pa_tur-kitap","9":"pa_yayinevi-arkadas-yayinlari","10":"pa_yazar-charlotte-bronte","12":"first","13":"instock","14":"sale","15":"shipping-taxable","16":"purchasable","17":"product-type-simple"},"_links":{"self":[{"href":"https:\/\/roveyayinevi.com.tr\/index.php\/wp-json\/wp\/v2\/product\/708632","targetHints":{"allow":["GET"]}}],"collection":[{"href":"https:\/\/roveyayinevi.com.tr\/index.php\/wp-json\/wp\/v2\/product"}],"about":[{"href":"https:\/\/roveyayinevi.com.tr\/index.php\/wp-json\/wp\/v2\/types\/product"}],"wp:attachment":[{"href":"https:\/\/roveyayinevi.com.tr\/index.php\/wp-json\/wp\/v2\/media?parent=708632"}],"wp:term":[{"taxonomy":"product_brand","embeddable":true,"href":"https:\/\/roveyayinevi.com.tr\/index.php\/wp-json\/wp\/v2\/product_brand?post=708632"},{"taxonomy":"product_cat","embeddable":true,"href":"https:\/\/roveyayinevi.com.tr\/index.php\/wp-json\/wp\/v2\/product_cat?post=708632"},{"taxonomy":"product_tag","embeddable":true,"href":"https:\/\/roveyayinevi.com.tr\/index.php\/wp-json\/wp\/v2\/product_tag?post=708632"}],"curies":[{"name":"wp","href":"https:\/\/api.w.org\/{rel}","templated":true}]}}