{"id":708631,"date":"2025-08-27T16:16:30","date_gmt":"2025-08-27T13:16:30","guid":{"rendered":"https:\/\/roveyayinevi.com.tr\/index.php\/urun\/gelecegi-kesfedenler\/"},"modified":"2026-04-16T02:17:30","modified_gmt":"2026-04-15T23:17:30","slug":"gelecegi-kesfedenler","status":"publish","type":"product","link":"https:\/\/roveyayinevi.com.tr\/index.php\/urun\/gelecegi-kesfedenler\/","title":{"rendered":"Gelece\u011fi Ke\u015ffedenler"},"content":{"rendered":"<p>Walter Isaacson, d\u00fcnya \u00e7ap\u0131nda yank\u0131 yaratan Steve Jobs biyografisinin ard\u0131ndan en az onun kadar ilham verici bir kitapla geri d\u00f6n\u00fcyor. GELECE\u011e\u0130 KE\u015eFEDENLER, makinelerin insanlar\u0131n zihin d\u00fcnyas\u0131na ortak olaca\u011f\u0131 bir gelece\u011fi hayal ederek yola \u00e7\u0131km\u0131\u015f ve ad\u0131m ad\u0131m i\u00e7inde ya\u015fad\u0131\u011f\u0131m\u0131z dijital \u00e7a\u011f\u0131 in\u015fa etmi\u015f d\u00e2hilerin, yenilik\u00e7ilerin, hacker\u2019lar\u0131n, giri\u015fimcilerin hik\u00e2yesi. Kimdi bu insanlar? Kafalar\u0131 nas\u0131l \u00e7al\u0131\u015f\u0131yordu? Tavan aras\u0131 ya da garajlar\u0131na kapan\u0131p her \u015feyi tek ba\u015f\u0131na yapm\u0131\u015f d\u00e2hilerden mi bahsediyoruz yoksa onlar\u0131 farkl\u0131 yapan, yan yana gelip \u201cortak deha\u201d yaratma becerileri miydi? Isaacson\u2019un benzersiz \u00f6yk\u00fclendirme becerisi sayesinde s\u00fcr\u00fckleyici bir roman tad\u0131nda akan kitap, Lord Byron\u2019\u0131n yakla\u015f\u0131k iki y\u00fczy\u0131l \u00f6nce ya\u015fam\u0131\u015f olmas\u0131na ra\u011fmen ilk yaz\u0131l\u0131mc\u0131 kabul edilen k\u0131z\u0131 Ada Lovelace ile ba\u015fl\u0131yor ve Charles Babbage, Alan Turing, John von Neumann, Robert Noyce, Bill Gates, Steve Wozniak, Steve Jobs, Larry Page gibi pek \u00e7ok etkileyici \u015fahsiyetle devam ediyor. Gelece\u011fi Ke\u015ffedenler, yarat\u0131c\u0131l\u0131\u011f\u0131n ve d\u00fcnyay\u0131 de\u011fi\u015ftiren fikirlerin hangi ko\u015fullar bir araya geldi\u011finde ye\u015ferebildi\u011fini ortaya koyan muazzam bir rehber. <\/p>\n","protected":false},"excerpt":{"rendered":"<p>Walter Isaacson, d\u00fcnya \u00e7ap\u0131nda yank\u0131 yaratan Steve Jobs biyografisinin ard\u0131ndan en az onun kadar ilham verici bir kitapla geri d\u00f6n\u00fcyor. GELECE\u011e\u0130 KE\u015eFEDENLER, makinelerin insanlar\u0131n zihin d\u00fcnyas\u0131na<span class=\"excerpt-hellip\"> [\u2026]<\/span><\/p>\n","protected":false},"featured_media":0,"template":"","meta":{"_monsterinsights_skip_tracking":false,"_monsterinsights_sitenote_active":false,"_monsterinsights_sitenote_note":"","_monsterinsights_sitenote_category":0},"product_brand":[],"product_cat":[14009,12291],"product_tag":[],"class_list":{"0":"post-708631","1":"product","2":"type-product","3":"status-publish","5":"product_cat-biyografi-otobiyografi-edebiyat","6":"product_cat-edebiyat","7":"pa_cilt-ciltsiz","8":"pa_tur-kitap","9":"pa_yayinevi-domingo-yayinevi","10":"pa_yazar-walter-isaacson","12":"first","13":"instock","14":"sale","15":"shipping-taxable","16":"purchasable","17":"product-type-simple"},"_links":{"self":[{"href":"https:\/\/roveyayinevi.com.tr\/index.php\/wp-json\/wp\/v2\/product\/708631","targetHints":{"allow":["GET"]}}],"collection":[{"href":"https:\/\/roveyayinevi.com.tr\/index.php\/wp-json\/wp\/v2\/product"}],"about":[{"href":"https:\/\/roveyayinevi.com.tr\/index.php\/wp-json\/wp\/v2\/types\/product"}],"wp:attachment":[{"href":"https:\/\/roveyayinevi.com.tr\/index.php\/wp-json\/wp\/v2\/media?parent=708631"}],"wp:term":[{"taxonomy":"product_brand","embeddable":true,"href":"https:\/\/roveyayinevi.com.tr\/index.php\/wp-json\/wp\/v2\/product_brand?post=708631"},{"taxonomy":"product_cat","embeddable":true,"href":"https:\/\/roveyayinevi.com.tr\/index.php\/wp-json\/wp\/v2\/product_cat?post=708631"},{"taxonomy":"product_tag","embeddable":true,"href":"https:\/\/roveyayinevi.com.tr\/index.php\/wp-json\/wp\/v2\/product_tag?post=708631"}],"curies":[{"name":"wp","href":"https:\/\/api.w.org\/{rel}","templated":true}]}}