{"id":708627,"date":"2025-08-27T16:16:28","date_gmt":"2025-08-27T13:16:28","guid":{"rendered":"https:\/\/roveyayinevi.com.tr\/index.php\/urun\/everest-dagi-ne-nerede-serisi\/"},"modified":"2026-04-16T02:17:30","modified_gmt":"2026-04-15T23:17:30","slug":"everest-dagi-ne-nerede-serisi","status":"publish","type":"product","link":"https:\/\/roveyayinevi.com.tr\/index.php\/urun\/everest-dagi-ne-nerede-serisi\/","title":{"rendered":"Everest Da\u011f\u0131 &#8211; Ne Nerede? Serisi"},"content":{"rendered":"<p>A\u015fa\u011f\u0131dakilerin hangisi do\u011frudur?Yakla\u015f\u0131k elli milyon ya\u015f\u0131ndad\u0131r.D\u00f6rt binden fazla insan zirvesine ula\u015fm\u0131\u015ft\u0131r.D\u00fcnyan\u0131n en y\u00fcksek da\u011f\u0131d\u0131r ve en tehlikelilerinden biridir.Yukar\u0131dakilerin hepsi!Bu ilgin\u00e7 ve resimli kitapla Everest Da\u011f\u0131 hakk\u0131nda daha \u00e7ok \u015fey \u00f6\u011frenin!Kitapta, katlanm\u0131\u015f harita da yer almaktad\u0131r.<\/p>\n","protected":false},"excerpt":{"rendered":"<p>A\u015fa\u011f\u0131dakilerin hangisi do\u011frudur?Yakla\u015f\u0131k elli milyon ya\u015f\u0131ndad\u0131r.D\u00f6rt binden fazla insan zirvesine ula\u015fm\u0131\u015ft\u0131r.D\u00fcnyan\u0131n en y\u00fcksek da\u011f\u0131d\u0131r ve en tehlikelilerinden biridir.Yukar\u0131dakilerin hepsi!Bu ilgin\u00e7 ve resimli kitapla Everest Da\u011f\u0131 hakk\u0131nda<span class=\"excerpt-hellip\"> [\u2026]<\/span><\/p>\n","protected":false},"featured_media":0,"template":"","meta":{"_monsterinsights_skip_tracking":false,"_monsterinsights_sitenote_active":false,"_monsterinsights_sitenote_note":"","_monsterinsights_sitenote_category":0},"product_brand":[],"product_cat":[12274,15842],"product_tag":[],"class_list":{"0":"post-708627","1":"product","2":"type-product","3":"status-publish","5":"product_cat-cocuk-ve-genclik-kitaplari","6":"product_cat-egitici-kitaplar","7":"pa_cilt-ciltsiz","8":"pa_tur-kitap","9":"pa_yayinevi-beyaz-balina-yayinlari","10":"pa_yazar-kollektif","12":"first","13":"instock","14":"sale","15":"shipping-taxable","16":"purchasable","17":"product-type-simple"},"_links":{"self":[{"href":"https:\/\/roveyayinevi.com.tr\/index.php\/wp-json\/wp\/v2\/product\/708627","targetHints":{"allow":["GET"]}}],"collection":[{"href":"https:\/\/roveyayinevi.com.tr\/index.php\/wp-json\/wp\/v2\/product"}],"about":[{"href":"https:\/\/roveyayinevi.com.tr\/index.php\/wp-json\/wp\/v2\/types\/product"}],"wp:attachment":[{"href":"https:\/\/roveyayinevi.com.tr\/index.php\/wp-json\/wp\/v2\/media?parent=708627"}],"wp:term":[{"taxonomy":"product_brand","embeddable":true,"href":"https:\/\/roveyayinevi.com.tr\/index.php\/wp-json\/wp\/v2\/product_brand?post=708627"},{"taxonomy":"product_cat","embeddable":true,"href":"https:\/\/roveyayinevi.com.tr\/index.php\/wp-json\/wp\/v2\/product_cat?post=708627"},{"taxonomy":"product_tag","embeddable":true,"href":"https:\/\/roveyayinevi.com.tr\/index.php\/wp-json\/wp\/v2\/product_tag?post=708627"}],"curies":[{"name":"wp","href":"https:\/\/api.w.org\/{rel}","templated":true}]}}