{"id":708626,"date":"2025-08-27T16:16:27","date_gmt":"2025-08-27T13:16:27","guid":{"rendered":"https:\/\/roveyayinevi.com.tr\/index.php\/urun\/ne-nerede-serisi-cin-seddi\/"},"modified":"2026-04-16T02:17:30","modified_gmt":"2026-04-15T23:17:30","slug":"ne-nerede-serisi-cin-seddi","status":"publish","type":"product","link":"https:\/\/roveyayinevi.com.tr\/index.php\/urun\/ne-nerede-serisi-cin-seddi\/","title":{"rendered":"Ne Nerede? Serisi \u00c7in Seddi"},"content":{"rendered":"<p>A\u015fa\u011f\u0131dakilerin hangisi do\u011frudur?Kuzey \u00c7in\u2019deki \u00c7in Seddi\u2019nin uzunlu\u011fu alt\u0131 bin be\u015f y\u00fcz kilometreden fazlad\u0131r.D\u00fcnya \u00fczerinde insan eliyle in\u015fa edilmi\u015f en b\u00fcy\u00fck yap\u0131d\u0131r.\u0130n\u015faat\u0131 s\u0131ras\u0131nda yakla\u015f\u0131k bir milyon \u00c7inli \u00f6lm\u00fc\u015ft\u00fcr.Yukar\u0131dakilerin hepsi!Bu ilgin\u00e7 ve resimli kitapla \u00c7in Seddi hakk\u0131nda daha \u00e7ok \u015fey \u00f6\u011frenin!Kitapta, katlanm\u0131\u015f harita da yer almaktad\u0131r.<\/p>\n","protected":false},"excerpt":{"rendered":"<p>A\u015fa\u011f\u0131dakilerin hangisi do\u011frudur?Kuzey \u00c7in\u2019deki \u00c7in Seddi\u2019nin uzunlu\u011fu alt\u0131 bin be\u015f y\u00fcz kilometreden fazlad\u0131r.D\u00fcnya \u00fczerinde insan eliyle in\u015fa edilmi\u015f en b\u00fcy\u00fck yap\u0131d\u0131r.\u0130n\u015faat\u0131 s\u0131ras\u0131nda yakla\u015f\u0131k bir milyon \u00c7inli<span class=\"excerpt-hellip\"> [\u2026]<\/span><\/p>\n","protected":false},"featured_media":0,"template":"","meta":{"_monsterinsights_skip_tracking":false,"_monsterinsights_sitenote_active":false,"_monsterinsights_sitenote_note":"","_monsterinsights_sitenote_category":0},"product_brand":[],"product_cat":[12274,15842],"product_tag":[],"class_list":{"0":"post-708626","1":"product","2":"type-product","3":"status-publish","5":"product_cat-cocuk-ve-genclik-kitaplari","6":"product_cat-egitici-kitaplar","7":"pa_cilt-ciltsiz","8":"pa_tur-kitap","9":"pa_yayinevi-beyaz-balina-yayinlari","10":"pa_yazar-kollektif","12":"first","13":"instock","14":"sale","15":"shipping-taxable","16":"purchasable","17":"product-type-simple"},"_links":{"self":[{"href":"https:\/\/roveyayinevi.com.tr\/index.php\/wp-json\/wp\/v2\/product\/708626","targetHints":{"allow":["GET"]}}],"collection":[{"href":"https:\/\/roveyayinevi.com.tr\/index.php\/wp-json\/wp\/v2\/product"}],"about":[{"href":"https:\/\/roveyayinevi.com.tr\/index.php\/wp-json\/wp\/v2\/types\/product"}],"wp:attachment":[{"href":"https:\/\/roveyayinevi.com.tr\/index.php\/wp-json\/wp\/v2\/media?parent=708626"}],"wp:term":[{"taxonomy":"product_brand","embeddable":true,"href":"https:\/\/roveyayinevi.com.tr\/index.php\/wp-json\/wp\/v2\/product_brand?post=708626"},{"taxonomy":"product_cat","embeddable":true,"href":"https:\/\/roveyayinevi.com.tr\/index.php\/wp-json\/wp\/v2\/product_cat?post=708626"},{"taxonomy":"product_tag","embeddable":true,"href":"https:\/\/roveyayinevi.com.tr\/index.php\/wp-json\/wp\/v2\/product_tag?post=708626"}],"curies":[{"name":"wp","href":"https:\/\/api.w.org\/{rel}","templated":true}]}}