{"id":708624,"date":"2025-08-27T16:16:26","date_gmt":"2025-08-27T13:16:26","guid":{"rendered":"https:\/\/roveyayinevi.com.tr\/index.php\/urun\/klasik-muzik-masallari-mozart\/"},"modified":"2026-04-16T02:17:30","modified_gmt":"2026-04-15T23:17:30","slug":"klasik-muzik-masallari-mozart","status":"publish","type":"product","link":"https:\/\/roveyayinevi.com.tr\/index.php\/urun\/klasik-muzik-masallari-mozart\/","title":{"rendered":"Klasik M\u00fczik Masallar\u0131- Mozart"},"content":{"rendered":"<p>Bu diziyle \u00e7ocuklar, klasik m\u00fczik d\u00fcnyas\u0131na ad\u0131m atacak. Resimli masallarla Vivaldi, Bach, Mozart, Beethoven, \u00c7aykovski ve Chopin\u2019i tan\u0131ma f\u0131rsat\u0131 bulacak.Kitaba e\u015flik eden CD\u2019deki m\u00fczikleri dinlerken de \u00fcnl\u00fc bestecilerin eserlerini ke\u015ffedecek.Bay Maj\u00f6r\u2019le sihirli m\u00fczik yolculu\u011funa var m\u0131s\u0131n\u0131z?Oku, dinle, e\u011flen, \u00f6\u011fren&#8230;<\/p>\n","protected":false},"excerpt":{"rendered":"<p>Bu diziyle \u00e7ocuklar, klasik m\u00fczik d\u00fcnyas\u0131na ad\u0131m atacak. Resimli masallarla Vivaldi, Bach, Mozart, Beethoven, \u00c7aykovski ve Chopin\u2019i tan\u0131ma f\u0131rsat\u0131 bulacak.Kitaba e\u015flik eden CD\u2019deki m\u00fczikleri dinlerken de<span class=\"excerpt-hellip\"> [\u2026]<\/span><\/p>\n","protected":false},"featured_media":0,"template":"","meta":{"_monsterinsights_skip_tracking":false,"_monsterinsights_sitenote_active":false,"_monsterinsights_sitenote_note":"","_monsterinsights_sitenote_category":0},"product_brand":[],"product_cat":[12274,12649],"product_tag":[],"class_list":{"0":"post-708624","1":"product","2":"type-product","3":"status-publish","5":"product_cat-cocuk-ve-genclik-kitaplari","6":"product_cat-hobi-muzik","7":"pa_cilt-ciltsiz","8":"pa_tur-kitap","9":"pa_yayinevi-dogan-egmont-yayincilik","10":"pa_yazar-kollektif","12":"first","13":"instock","14":"sale","15":"shipping-taxable","16":"purchasable","17":"product-type-simple"},"_links":{"self":[{"href":"https:\/\/roveyayinevi.com.tr\/index.php\/wp-json\/wp\/v2\/product\/708624","targetHints":{"allow":["GET"]}}],"collection":[{"href":"https:\/\/roveyayinevi.com.tr\/index.php\/wp-json\/wp\/v2\/product"}],"about":[{"href":"https:\/\/roveyayinevi.com.tr\/index.php\/wp-json\/wp\/v2\/types\/product"}],"wp:attachment":[{"href":"https:\/\/roveyayinevi.com.tr\/index.php\/wp-json\/wp\/v2\/media?parent=708624"}],"wp:term":[{"taxonomy":"product_brand","embeddable":true,"href":"https:\/\/roveyayinevi.com.tr\/index.php\/wp-json\/wp\/v2\/product_brand?post=708624"},{"taxonomy":"product_cat","embeddable":true,"href":"https:\/\/roveyayinevi.com.tr\/index.php\/wp-json\/wp\/v2\/product_cat?post=708624"},{"taxonomy":"product_tag","embeddable":true,"href":"https:\/\/roveyayinevi.com.tr\/index.php\/wp-json\/wp\/v2\/product_tag?post=708624"}],"curies":[{"name":"wp","href":"https:\/\/api.w.org\/{rel}","templated":true}]}}