{"id":708620,"date":"2025-08-27T16:16:24","date_gmt":"2025-08-27T13:16:24","guid":{"rendered":"https:\/\/roveyayinevi.com.tr\/index.php\/urun\/karaca-ve-yuruyen-kosk\/"},"modified":"2026-04-16T02:17:30","modified_gmt":"2026-04-15T23:17:30","slug":"karaca-ve-yuruyen-kosk","status":"publish","type":"product","link":"https:\/\/roveyayinevi.com.tr\/index.php\/urun\/karaca-ve-yuruyen-kosk\/","title":{"rendered":"Karaca ve Y\u00fcr\u00fcyen K\u00f6\u015fk"},"content":{"rendered":"<p>Karaca, bir g\u00fcn eve sevin\u00e7 i\u00e7inde gelir. Ailesine, Yalova&#8217;ya yap\u0131lacak okul gezisini haber verir. Ald\u0131\u011f\u0131 iznin heyecan\u0131yla bavulunu haz\u0131rlar. Tarih \u00f6\u011fretmeninin s\u00f6yledi\u011fine g\u00f6re t\u00fcm \u00f6\u011frencileri, s\u00fcrprizlerle dolu bir gezi beklemektedir. \u00d6m\u00fcr Kurt, ger\u00e7ek olaylardan yola \u00e7\u0131karak yazd\u0131\u011f\u0131 bu kitapta, hem Y\u00fcr\u00fcyen K\u00f6\u015fk ve S\u0131\u011f\u0131rtma\u00e7 Mustafa&#8217;n\u0131n \u00f6yk\u00fcs\u00fcn\u00fc anlat\u0131yor hem de okurlar\u0131 unutamayacaklar\u0131 tarihi bir yolculu\u011fa \u00e7\u0131kar\u0131yor. <\/p>\n","protected":false},"excerpt":{"rendered":"<p>Karaca, bir g\u00fcn eve sevin\u00e7 i\u00e7inde gelir. Ailesine, Yalova&#8217;ya yap\u0131lacak okul gezisini haber verir. Ald\u0131\u011f\u0131 iznin heyecan\u0131yla bavulunu haz\u0131rlar. Tarih \u00f6\u011fretmeninin s\u00f6yledi\u011fine g\u00f6re t\u00fcm \u00f6\u011frencileri, s\u00fcrprizlerle<span class=\"excerpt-hellip\"> [\u2026]<\/span><\/p>\n","protected":false},"featured_media":0,"template":"","meta":{"_monsterinsights_skip_tracking":false,"_monsterinsights_sitenote_active":false,"_monsterinsights_sitenote_note":"","_monsterinsights_sitenote_category":0},"product_brand":[],"product_cat":[12275,12274],"product_tag":[],"class_list":{"0":"post-708620","1":"product","2":"type-product","3":"status-publish","5":"product_cat-6-12-yas-kitaplari","6":"product_cat-cocuk-ve-genclik-kitaplari","7":"pa_cilt-ciltsiz","8":"pa_tur-kitap","9":"pa_yayinevi-dogan-egmont-yayincilik","10":"pa_yazar-omur-kurt","12":"first","13":"instock","14":"sale","15":"shipping-taxable","16":"purchasable","17":"product-type-simple"},"_links":{"self":[{"href":"https:\/\/roveyayinevi.com.tr\/index.php\/wp-json\/wp\/v2\/product\/708620","targetHints":{"allow":["GET"]}}],"collection":[{"href":"https:\/\/roveyayinevi.com.tr\/index.php\/wp-json\/wp\/v2\/product"}],"about":[{"href":"https:\/\/roveyayinevi.com.tr\/index.php\/wp-json\/wp\/v2\/types\/product"}],"wp:attachment":[{"href":"https:\/\/roveyayinevi.com.tr\/index.php\/wp-json\/wp\/v2\/media?parent=708620"}],"wp:term":[{"taxonomy":"product_brand","embeddable":true,"href":"https:\/\/roveyayinevi.com.tr\/index.php\/wp-json\/wp\/v2\/product_brand?post=708620"},{"taxonomy":"product_cat","embeddable":true,"href":"https:\/\/roveyayinevi.com.tr\/index.php\/wp-json\/wp\/v2\/product_cat?post=708620"},{"taxonomy":"product_tag","embeddable":true,"href":"https:\/\/roveyayinevi.com.tr\/index.php\/wp-json\/wp\/v2\/product_tag?post=708620"}],"curies":[{"name":"wp","href":"https:\/\/api.w.org\/{rel}","templated":true}]}}