{"id":708618,"date":"2025-08-27T16:16:23","date_gmt":"2025-08-27T13:16:23","guid":{"rendered":"https:\/\/roveyayinevi.com.tr\/index.php\/urun\/tanrinin-bilinebilirligi\/"},"modified":"2026-04-16T02:17:30","modified_gmt":"2026-04-15T23:17:30","slug":"tanrinin-bilinebilirligi","status":"publish","type":"product","link":"https:\/\/roveyayinevi.com.tr\/index.php\/urun\/tanrinin-bilinebilirligi\/","title":{"rendered":"Tanr\u0131&#8217;n\u0131n Bilinebilirli\u011fi"},"content":{"rendered":"<p>Tanr\u0131&#8217;y\u0131 tan\u0131mlamada kullan\u0131lan s\u0131fatlar\u0131n anlam\u0131n\u0131n menfi, m\u00fcspet veya \u015fahs\u0131na m\u00fcnhas\u0131r olu\u015fu, O&#8217;nun mahiyetinin tam olarak kavranamamas\u0131na sebep olmu\u015ftur. Tanr\u0131&#8217;ya &#8211; See more at: https:\/\/www.kitapambari.com\/tanrinin-bilinebilirligi-mehmet-ata-az#sthash.9uYzmXSj.dpuf <\/p>\n","protected":false},"excerpt":{"rendered":"<p>Tanr\u0131&#8217;y\u0131 tan\u0131mlamada kullan\u0131lan s\u0131fatlar\u0131n anlam\u0131n\u0131n menfi, m\u00fcspet veya \u015fahs\u0131na m\u00fcnhas\u0131r olu\u015fu, O&#8217;nun mahiyetinin tam olarak kavranamamas\u0131na sebep olmu\u015ftur. Tanr\u0131&#8217;ya &#8211; See more at: https:\/\/www.kitapambari.com\/tanrinin-bilinebilirligi-mehmet-ata-az#sthash.9uYzmXSj.dpuf<\/p>\n","protected":false},"featured_media":0,"template":"","meta":{"_monsterinsights_skip_tracking":false,"_monsterinsights_sitenote_active":false,"_monsterinsights_sitenote_note":"","_monsterinsights_sitenote_category":0},"product_brand":[],"product_cat":[12718,12858],"product_tag":[],"class_list":{"0":"post-708618","1":"product","2":"type-product","3":"status-publish","5":"product_cat-din","6":"product_cat-mitolojiler","7":"pa_cilt-ciltsiz","8":"pa_tur-kitap","9":"pa_yayinevi-otto-yayinlari","10":"pa_yazar-mehmet-ata-az","12":"first","13":"instock","14":"sale","15":"shipping-taxable","16":"purchasable","17":"product-type-simple"},"_links":{"self":[{"href":"https:\/\/roveyayinevi.com.tr\/index.php\/wp-json\/wp\/v2\/product\/708618","targetHints":{"allow":["GET"]}}],"collection":[{"href":"https:\/\/roveyayinevi.com.tr\/index.php\/wp-json\/wp\/v2\/product"}],"about":[{"href":"https:\/\/roveyayinevi.com.tr\/index.php\/wp-json\/wp\/v2\/types\/product"}],"wp:attachment":[{"href":"https:\/\/roveyayinevi.com.tr\/index.php\/wp-json\/wp\/v2\/media?parent=708618"}],"wp:term":[{"taxonomy":"product_brand","embeddable":true,"href":"https:\/\/roveyayinevi.com.tr\/index.php\/wp-json\/wp\/v2\/product_brand?post=708618"},{"taxonomy":"product_cat","embeddable":true,"href":"https:\/\/roveyayinevi.com.tr\/index.php\/wp-json\/wp\/v2\/product_cat?post=708618"},{"taxonomy":"product_tag","embeddable":true,"href":"https:\/\/roveyayinevi.com.tr\/index.php\/wp-json\/wp\/v2\/product_tag?post=708618"}],"curies":[{"name":"wp","href":"https:\/\/api.w.org\/{rel}","templated":true}]}}