{"id":708617,"date":"2025-08-27T16:16:23","date_gmt":"2025-08-27T13:16:23","guid":{"rendered":"https:\/\/roveyayinevi.com.tr\/index.php\/urun\/siyaset-kisa-bir-giris\/"},"modified":"2026-04-16T02:17:30","modified_gmt":"2026-04-15T23:17:30","slug":"siyaset-kisa-bir-giris","status":"publish","type":"product","link":"https:\/\/roveyayinevi.com.tr\/index.php\/urun\/siyaset-kisa-bir-giris\/","title":{"rendered":"Siyaset K\u0131sa Bir Giri\u015f"},"content":{"rendered":"<p>Siyaset, insan hayat\u0131n\u0131n g\u00fc\u00e7lendirildi\u011fi bir faaliyet alan\u0131d\u0131r; hayat\u0131n kendisi de\u011fildir ve zor da olsa, i\u00e7erisinde birbirimizle konu\u015fabildi\u011fimiz ortak bir d\u00fcnyan\u0131n temellerini g\u00fc\u00e7lendirir. Tecr\u00fcbelerimiz, hayata bir\u00e7ok y\u00f6nden m\u00fcdahele edebilme kapasitesi nedeniyle siyasetin maceralar\u0131ndan uzak durmas\u0131 gerekti\u011fini g\u00f6stermektedir.Kenneth Minogue, siyasetin pek \u00e7ok farkl\u0131 boyutunu bir noktada toplamakta; g\u00fcnl\u00fck demokrasi nutuklar\u0131 ile \u00f6zg\u00fcrl\u00fck ve adalet gibi y\u00fcksek idealleri birlikte ele almaktad\u0131r. <\/p>\n","protected":false},"excerpt":{"rendered":"<p>Siyaset, insan hayat\u0131n\u0131n g\u00fc\u00e7lendirildi\u011fi bir faaliyet alan\u0131d\u0131r; hayat\u0131n kendisi de\u011fildir ve zor da olsa, i\u00e7erisinde birbirimizle konu\u015fabildi\u011fimiz ortak bir d\u00fcnyan\u0131n temellerini g\u00fc\u00e7lendirir. Tecr\u00fcbelerimiz, hayata bir\u00e7ok y\u00f6nden<span class=\"excerpt-hellip\"> [\u2026]<\/span><\/p>\n","protected":false},"featured_media":0,"template":"","meta":{"_monsterinsights_skip_tracking":false,"_monsterinsights_sitenote_active":false,"_monsterinsights_sitenote_note":"","_monsterinsights_sitenote_category":0},"product_brand":[],"product_cat":[12965,12337],"product_tag":[],"class_list":{"0":"post-708617","1":"product","2":"type-product","3":"status-publish","5":"product_cat-genel-politika","6":"product_cat-politika-siyaset","7":"pa_cilt-ciltsiz","8":"pa_tur-kitap","9":"pa_yayinevi-liberte-yayinlari","10":"pa_yazar-kenneth-minogue","12":"first","13":"instock","14":"sale","15":"shipping-taxable","16":"purchasable","17":"product-type-simple"},"_links":{"self":[{"href":"https:\/\/roveyayinevi.com.tr\/index.php\/wp-json\/wp\/v2\/product\/708617","targetHints":{"allow":["GET"]}}],"collection":[{"href":"https:\/\/roveyayinevi.com.tr\/index.php\/wp-json\/wp\/v2\/product"}],"about":[{"href":"https:\/\/roveyayinevi.com.tr\/index.php\/wp-json\/wp\/v2\/types\/product"}],"wp:attachment":[{"href":"https:\/\/roveyayinevi.com.tr\/index.php\/wp-json\/wp\/v2\/media?parent=708617"}],"wp:term":[{"taxonomy":"product_brand","embeddable":true,"href":"https:\/\/roveyayinevi.com.tr\/index.php\/wp-json\/wp\/v2\/product_brand?post=708617"},{"taxonomy":"product_cat","embeddable":true,"href":"https:\/\/roveyayinevi.com.tr\/index.php\/wp-json\/wp\/v2\/product_cat?post=708617"},{"taxonomy":"product_tag","embeddable":true,"href":"https:\/\/roveyayinevi.com.tr\/index.php\/wp-json\/wp\/v2\/product_tag?post=708617"}],"curies":[{"name":"wp","href":"https:\/\/api.w.org\/{rel}","templated":true}]}}