{"id":708616,"date":"2025-08-27T16:16:22","date_gmt":"2025-08-27T13:16:22","guid":{"rendered":"https:\/\/roveyayinevi.com.tr\/index.php\/urun\/sanli-direnis-15-temmuz\/"},"modified":"2026-04-16T02:17:30","modified_gmt":"2026-04-15T23:17:30","slug":"sanli-direnis-15-temmuz","status":"publish","type":"product","link":"https:\/\/roveyayinevi.com.tr\/index.php\/urun\/sanli-direnis-15-temmuz\/","title":{"rendered":"\u015eanl\u0131 Direni\u015f 15 Temmuz"},"content":{"rendered":"<p>15 Temmuz, baz\u0131 akl\u0131n\u0131 yitirmi\u015flerin iddia etti\u011fi gibi bir tiyatro, mizansen, iktidar taraf\u0131ndan tezg\u00e2hlanan bir oyun de\u011fildi; aksine d\u00f6rt ba\u015f\u0131 mamur, \u00e7ok iyi planlanm\u0131\u015f ve \u00f6rg\u00fctlenmi\u015f, i\u00e7 ve d\u0131\u015f ayaklar\u0131 haz\u0131rlanm\u0131\u015f kanl\u0131 bir darbe giri\u015fimiydi. 15 Temmuz, kar\u015f\u0131s\u0131nda milli iradeyi buldu. Se\u00e7menler, oylar\u0131na ve onurlar\u0131na sahip \u00e7\u0131kt\u0131lar. Darbe te\u015febb\u00fcs\u00fc, \u015fanl\u0131 bir direni\u015fle p\u00fcsk\u00fcrt\u00fcld\u00fc. \u015eanl\u0131 Direni\u015f: 15 Temmuz kitab\u0131, darbecilerin mi yoksa direni\u015f\u00e7ilerin mi kazanaca\u011f\u0131n\u0131 beklemeden fiili ve fikri mukavemetle o geceye tan\u0131kl\u0131k etmi\u015f sa\u011fduyulu ve ferasetli bir sesin yaz\u0131da cisimle\u015fmi\u015f halidir.Atilla Yayla, elinizdeki bu kitapta 15 Temmuz\u2019u, T\u00fcrkiye demokrasisine kar\u015f\u0131 yap\u0131lan daha \u00f6nceki m\u00fcdahalelerle mukayese ederek bir\u00e7ok a\u00e7\u0131dan ele al\u0131yor. \u015eanl\u0131 Direni\u015f: 15 Temmuz, bizim i\u00e7in canlar\u0131n\u0131 feda edenlerin, aziz hat\u0131ralar\u0131n\u0131n unutulmamas\u0131 ve bize emanet ettikleri de\u011ferlere bir daha sald\u0131r\u0131 olmamas\u0131 i\u00e7in tarihe d\u00fc\u015f\u00fclm\u00fc\u015f notlard\u0131r. <\/p>\n","protected":false},"excerpt":{"rendered":"<p>15 Temmuz, baz\u0131 akl\u0131n\u0131 yitirmi\u015flerin iddia etti\u011fi gibi bir tiyatro, mizansen, iktidar taraf\u0131ndan tezg\u00e2hlanan bir oyun de\u011fildi; aksine d\u00f6rt ba\u015f\u0131 mamur, \u00e7ok iyi planlanm\u0131\u015f ve \u00f6rg\u00fctlenmi\u015f,<span class=\"excerpt-hellip\"> [\u2026]<\/span><\/p>\n","protected":false},"featured_media":0,"template":"","meta":{"_monsterinsights_skip_tracking":false,"_monsterinsights_sitenote_active":false,"_monsterinsights_sitenote_note":"","_monsterinsights_sitenote_category":0},"product_brand":[],"product_cat":[12337,14543],"product_tag":[],"class_list":{"0":"post-708616","1":"product","2":"type-product","3":"status-publish","5":"product_cat-politika-siyaset","6":"product_cat-turkiye-siyaseti-ve-politikasi","7":"pa_cilt-ciltsiz","8":"pa_tur-kitap","9":"pa_yayinevi-liberte-yayinlari","10":"pa_yazar-atilla-yayla","12":"first","13":"instock","14":"sale","15":"shipping-taxable","16":"purchasable","17":"product-type-simple"},"_links":{"self":[{"href":"https:\/\/roveyayinevi.com.tr\/index.php\/wp-json\/wp\/v2\/product\/708616","targetHints":{"allow":["GET"]}}],"collection":[{"href":"https:\/\/roveyayinevi.com.tr\/index.php\/wp-json\/wp\/v2\/product"}],"about":[{"href":"https:\/\/roveyayinevi.com.tr\/index.php\/wp-json\/wp\/v2\/types\/product"}],"wp:attachment":[{"href":"https:\/\/roveyayinevi.com.tr\/index.php\/wp-json\/wp\/v2\/media?parent=708616"}],"wp:term":[{"taxonomy":"product_brand","embeddable":true,"href":"https:\/\/roveyayinevi.com.tr\/index.php\/wp-json\/wp\/v2\/product_brand?post=708616"},{"taxonomy":"product_cat","embeddable":true,"href":"https:\/\/roveyayinevi.com.tr\/index.php\/wp-json\/wp\/v2\/product_cat?post=708616"},{"taxonomy":"product_tag","embeddable":true,"href":"https:\/\/roveyayinevi.com.tr\/index.php\/wp-json\/wp\/v2\/product_tag?post=708616"}],"curies":[{"name":"wp","href":"https:\/\/api.w.org\/{rel}","templated":true}]}}