{"id":708615,"date":"2025-08-27T16:16:22","date_gmt":"2025-08-27T13:16:22","guid":{"rendered":"https:\/\/roveyayinevi.com.tr\/index.php\/urun\/son-dilek\/"},"modified":"2026-04-16T02:17:29","modified_gmt":"2026-04-15T23:17:29","slug":"son-dilek","status":"publish","type":"product","link":"https:\/\/roveyayinevi.com.tr\/index.php\/urun\/son-dilek\/","title":{"rendered":"Son Dilek"},"content":{"rendered":"<p>\u0130ngiltere i\u00e7in Tolkien, Amerika i\u00e7in George R. R. Martin neyse Do\u011fu Avrupa i\u00e7in Sapkowski odur.   Rivyal\u0131 Geralt bir Witcher\u2019d\u0131r. Hen\u00fcz k\u00fc\u00e7\u00fck bir \u00e7ocukken se\u00e7ilmi\u015f, e\u011fitilmi\u015f, b\u00fcy\u00fclerle donat\u0131lm\u0131\u015f ve mutasyon ge\u00e7irmi\u015f bir canavar avc\u0131s\u0131. Ac\u0131mas\u0131z, tekinsiz, karanl\u0131k ve canavarlarla dolu bir d\u00fcnyada ya\u015far. Onun d\u00fcnyas\u0131nda peri masallar\u0131 hi\u00e7 de saf de\u011fildir. Pamuk Prenses bir haydut \u00e7etesinin ba\u015f\u0131ndad\u0131r. G\u00fczel ve \u00c7irkin\u2019deki roller \u00e7ok farkl\u0131d\u0131r. \u00dc\u00e7 dilek hakk\u0131 sunan cinlerle kar\u015f\u0131la\u015fmak bile istemezsiniz. Masumlar\u0131n savunucusu Geralt, k\u0131zlar\u0131 canavara d\u00f6n\u00fc\u015fm\u00fc\u015f ensest krallarla, intikam h\u0131rs\u0131yla yanan cinlerle, \u00e2\u015f\u0131k vampirlerle ve daha nicesiyle kar\u015f\u0131la\u015f\u0131yor. Hepsi \u00e7ok tehlikeli ve hi\u00e7biri g\u00f6r\u00fcnd\u00fc\u011f\u00fc gibi de\u011fil. \u201cMieville ve Neil Gaiman gibi Sapkowski de eskiyi al\u0131p yeniliyor\u2026 Fantastik t\u00fcrde taze bir a\u00e7\u0131l\u0131m.\u201d Foundation \u201cBu kitab\u0131 ger\u00e7ekten, ger\u00e7ekten \u00e7ok be\u011fendim\u2026 Sapkowski\u2019nin d\u00fcnyas\u0131ndaki hi\u00e7bir karakter siyah-beyaz de\u011fil. Geralt ve canavarlar d\u00e2hil herkes grinin bir tonu.\u201d The Deckled Edge \u201cD\u00fcnyadan b\u0131km\u0131\u015fl\u0131\u011f\u0131 ve say\u0131s\u0131z sava\u015fta geli\u015ftirilmi\u015f g\u00fc\u00e7leri, Geralt\u2019\u0131 b\u00f6ylesine ilgin\u00e7 bir karakter yap\u0131yor.\u201d Edge  \u201cSapkowski\u2019nin Witcher evreni, modern fantastik edebiyat d\u00fcnyas\u0131n\u0131n en detayl\u0131lar\u0131ndan biridir ve bir\u00e7ok yenilik\u00e7i fikir sunar. Karma\u015f\u0131k karakter ili\u015fkileri bu d\u00fcnyay\u0131 daha da zenginle\u015ftirir\u2026 Fantastik edebiyat hayranlar\u0131n\u0131n el \u00fcst\u00fcnde tutaca\u011f\u0131 bir seri.\u201d B&amp;N \u201cOkudu\u011fum en iyi ve en ilgin\u00e7 fantastik edebiyat serilerinden biri. Sapkowski hi\u00e7 kimseye benzemeyen bir tasar\u0131mc\u0131.\u201d Nerds of a Feather \u201cSapkowski\u2019nin roman\u0131, karma\u015f\u0131k bir b\u00fcy\u00fc gibi; fantastik malzemeler, entelekt\u00fcel diskur ve ince bir mizah\u0131n kar\u0131\u015f\u0131m\u0131.\u201d Time  \u201cArt\u0131k eskimi\u015f bir t\u00fcrde yeni bir soluk. Sak\u0131n ka\u00e7\u0131rmay\u0131n.\u201d Dreamwatch \u201cSapkowski\u2019nin m\u00fcthi\u015f \u00fcslubu, sansasyonel olaylar ve ilgi \u00e7ekici bir atmosfer yaratmadaki bulunmaz yetene\u011fi, gerilimi ve mizah\u0131 usta bir harmanda birle\u015ftirebilmesi onu e\u015fsiz k\u0131l\u0131yor.\u201d Polityka \u201cSapkowski ilgin\u00e7 ve ola\u011fan\u00fcst\u00fc derinlikte karakterler yaratmakta usta. Son Dilek melankoli ve mizah dolu bir roman.\u201d The Wertzone \u201cPolonyal\u0131 yazar Andrzej Sapkowski\u2019nin karakter bazl\u0131 muhte\u015fem yaz\u0131lm\u0131\u015f eseri t\u00fcr\u00fcn\u00fcn en \u00f6nde gelen romanlar\u0131ndan.\u201d The Specusphere  \u201cTan\u0131d\u0131k hik\u00e2yelerin b\u00f6yle farkl\u0131 ele al\u0131nmas\u0131 \u00e7ok sevindirici. Son Dilek\u2019in \u00e7o\u011fu bir peri masal\u0131 gibi.\u201d SFX \u201cDo\u011fu Avrupa folkloru ve efsaneleri ile g\u00fczel prensesler ve huysuz \u015feytanlar bir arada. Son Dilek\u2019te hi\u00e7bir \u015fey g\u00f6r\u00fcnd\u00fc\u011f\u00fc gibi de\u011fil. Ba\u015flad\u0131\u011f\u0131n\u0131z zaman b\u0131rakamayacaks\u0131n\u0131z.\u201d Waterstones<\/p>\n","protected":false},"excerpt":{"rendered":"<p>\u0130ngiltere i\u00e7in Tolkien, Amerika i\u00e7in George R. R. Martin neyse Do\u011fu Avrupa i\u00e7in Sapkowski odur. Rivyal\u0131 Geralt bir Witcher\u2019d\u0131r. Hen\u00fcz k\u00fc\u00e7\u00fck bir \u00e7ocukken se\u00e7ilmi\u015f, e\u011fitilmi\u015f, b\u00fcy\u00fclerle<span class=\"excerpt-hellip\"> [\u2026]<\/span><\/p>\n","protected":false},"featured_media":0,"template":"","meta":{"_monsterinsights_skip_tracking":false,"_monsterinsights_sitenote_active":false,"_monsterinsights_sitenote_note":"","_monsterinsights_sitenote_category":0},"product_brand":[],"product_cat":[12291,14777],"product_tag":[],"class_list":{"0":"post-708615","1":"product","2":"type-product","3":"status-publish","5":"product_cat-edebiyat","6":"product_cat-fantastik","7":"pa_cilt-ciltsiz","8":"pa_tur-kitap","9":"pa_yayinevi-pegasus-yayinlari","10":"pa_yazar-andrzej-sapkowski","12":"first","13":"instock","14":"sale","15":"shipping-taxable","16":"purchasable","17":"product-type-simple"},"_links":{"self":[{"href":"https:\/\/roveyayinevi.com.tr\/index.php\/wp-json\/wp\/v2\/product\/708615","targetHints":{"allow":["GET"]}}],"collection":[{"href":"https:\/\/roveyayinevi.com.tr\/index.php\/wp-json\/wp\/v2\/product"}],"about":[{"href":"https:\/\/roveyayinevi.com.tr\/index.php\/wp-json\/wp\/v2\/types\/product"}],"wp:attachment":[{"href":"https:\/\/roveyayinevi.com.tr\/index.php\/wp-json\/wp\/v2\/media?parent=708615"}],"wp:term":[{"taxonomy":"product_brand","embeddable":true,"href":"https:\/\/roveyayinevi.com.tr\/index.php\/wp-json\/wp\/v2\/product_brand?post=708615"},{"taxonomy":"product_cat","embeddable":true,"href":"https:\/\/roveyayinevi.com.tr\/index.php\/wp-json\/wp\/v2\/product_cat?post=708615"},{"taxonomy":"product_tag","embeddable":true,"href":"https:\/\/roveyayinevi.com.tr\/index.php\/wp-json\/wp\/v2\/product_tag?post=708615"}],"curies":[{"name":"wp","href":"https:\/\/api.w.org\/{rel}","templated":true}]}}