{"id":708612,"date":"2025-08-27T16:16:20","date_gmt":"2025-08-27T13:16:20","guid":{"rendered":"https:\/\/roveyayinevi.com.tr\/index.php\/urun\/kardesim-ve-ben\/"},"modified":"2026-04-16T02:17:29","modified_gmt":"2026-04-15T23:17:29","slug":"kardesim-ve-ben","status":"publish","type":"product","link":"https:\/\/roveyayinevi.com.tr\/index.php\/urun\/kardesim-ve-ben\/","title":{"rendered":"Karde\u015fim ve Ben"},"content":{"rendered":"<p>\u201cAh, ke\u015fke bir karde\u015fim olsa,\u201d diye hayal kuranlara k\u00fc\u00e7\u00fck bir uyar\u0131: Ya do\u011facak karde\u015fin d\u00fc\u015fledi\u011fin gibi biri de\u011fil de seninle s\u00fcrekli didi\u015fip duran biri olursa!?..Anna, \u201ck\u0131z karde\u015f istiyorum\u201d diye ortal\u0131kta ko\u015fturup dururken, k\u0131z karde\u015fi Amara\u2019n\u0131n kendisinin tam z\u0131tt\u0131 bir ki\u015fili\u011fe sahip olaca\u011f\u0131n\u0131 tahmin bile edemezdi. \u201cDans edelim mi?\u201d Hay\u0131r. \u201cGiyinmece?\u201d Hay\u0131r. \u201cResim yapal\u0131m?\u201d Hay\u0131r. Yok, yok, yok, yok, yok, yoooook!!!Zaman ge\u00e7iyor, karde\u015fler b\u00fcy\u00fcyor, fakat Anna ile Amara\u2019n\u0131n at\u0131\u015fmalar\u0131 bir t\u00fcrl\u00fc dinmek bilmiyor. \u0130lk gen\u00e7li\u011fe ad\u0131m atmaya haz\u0131rlanan Anna i\u00e7in evdeki ya\u015fam her ge\u00e7en g\u00fcn biraz daha zorla\u015f\u0131yor. Hele ki, hep birlikte ayn\u0131 arabada \u00fc\u00e7 hafta s\u00fcrecek bir yolculu\u011fa \u00e7\u0131kmaya haz\u0131rlan\u0131rken\u2026D\u00fcnya \u00e7ap\u0131nda b\u00fcy\u00fck yank\u0131 uyand\u0131ran G\u00fcl\u00fcmse kitab\u0131n\u0131n yarat\u0131c\u0131s\u0131 Raina Telgemeier\u2019in, Will Eisner Madalyas\u0131\u2019na lay\u0131k g\u00f6r\u00fclen Karde\u015fim ve Ben isimli grafik roman\u0131, ailece \u00e7\u0131k\u0131lan bir araba yolculu\u011fu etraf\u0131nda \u015fekillenen, \u00e7e\u015fitli ge\u00e7mi\u015fe d\u00f6n\u00fc\u015flerle hareketlendirilmi\u015f, mizah dolu, ger\u00e7ek bir hik\u00e2ye.Yay\u0131mlan\u0131r yay\u0131mlanmaz New York Times \u00c7ok Satanlar Listesine girmeyi ba\u015faran Karde\u015fim ve Ben, karde\u015fler aras\u0131ndaki ileti\u015fimsizli\u011fin sebeplerini sorgularken, aile i\u00e7i ili\u015fkilerde d\u0131\u015f etkenlerin ne denli \u00f6nemli rol \u00fcstlendi\u011fini vurguluyor. <\/p>\n","protected":false},"excerpt":{"rendered":"<p>\u201cAh, ke\u015fke bir karde\u015fim olsa,\u201d diye hayal kuranlara k\u00fc\u00e7\u00fck bir uyar\u0131: Ya do\u011facak karde\u015fin d\u00fc\u015fledi\u011fin gibi biri de\u011fil de seninle s\u00fcrekli didi\u015fip duran biri olursa!?..Anna, \u201ck\u0131z<span class=\"excerpt-hellip\"> [\u2026]<\/span><\/p>\n","protected":false},"featured_media":0,"template":"","meta":{"_monsterinsights_skip_tracking":false,"_monsterinsights_sitenote_active":false,"_monsterinsights_sitenote_note":"","_monsterinsights_sitenote_category":0},"product_brand":[],"product_cat":[12275,12274],"product_tag":[],"class_list":{"0":"post-708612","1":"product","2":"type-product","3":"status-publish","5":"product_cat-6-12-yas-kitaplari","6":"product_cat-cocuk-ve-genclik-kitaplari","7":"pa_cilt-ciltsiz","8":"pa_tur-kitap","9":"pa_yayinevi-desen-yayinlari","10":"pa_yazar-raina-telgemeier","12":"first","13":"instock","14":"sale","15":"shipping-taxable","16":"purchasable","17":"product-type-simple"},"_links":{"self":[{"href":"https:\/\/roveyayinevi.com.tr\/index.php\/wp-json\/wp\/v2\/product\/708612","targetHints":{"allow":["GET"]}}],"collection":[{"href":"https:\/\/roveyayinevi.com.tr\/index.php\/wp-json\/wp\/v2\/product"}],"about":[{"href":"https:\/\/roveyayinevi.com.tr\/index.php\/wp-json\/wp\/v2\/types\/product"}],"wp:attachment":[{"href":"https:\/\/roveyayinevi.com.tr\/index.php\/wp-json\/wp\/v2\/media?parent=708612"}],"wp:term":[{"taxonomy":"product_brand","embeddable":true,"href":"https:\/\/roveyayinevi.com.tr\/index.php\/wp-json\/wp\/v2\/product_brand?post=708612"},{"taxonomy":"product_cat","embeddable":true,"href":"https:\/\/roveyayinevi.com.tr\/index.php\/wp-json\/wp\/v2\/product_cat?post=708612"},{"taxonomy":"product_tag","embeddable":true,"href":"https:\/\/roveyayinevi.com.tr\/index.php\/wp-json\/wp\/v2\/product_tag?post=708612"}],"curies":[{"name":"wp","href":"https:\/\/api.w.org\/{rel}","templated":true}]}}