{"id":708610,"date":"2025-08-27T16:16:19","date_gmt":"2025-08-27T13:16:19","guid":{"rendered":"https:\/\/roveyayinevi.com.tr\/index.php\/urun\/sabahin-bir-devami-vardi\/"},"modified":"2026-04-16T02:17:29","modified_gmt":"2026-04-15T23:17:29","slug":"sabahin-bir-devami-vardi","status":"publish","type":"product","link":"https:\/\/roveyayinevi.com.tr\/index.php\/urun\/sabahin-bir-devami-vardi\/","title":{"rendered":"Sabah\u0131n Bir Devam\u0131 Vard\u0131"},"content":{"rendered":"<p>Baz\u0131 d\u00fc\u015f\u00fcnceler k\u00fc\u00e7\u00fck \u015fim\u015feklere benzer, yan\u0131p s\u00f6nmeler halinde ilerliyor. \u00d6rne\u011fin ayr\u0131l\u0131k d\u00fc\u015f\u00fcncesinin sar\u0131 olmas\u0131 gibi\u2026  Sapsar\u0131 bir evin sar\u0131 perdeleri var. Akl\u0131n sar\u0131 \u00e7al\u0131\u015f\u0131yor. \u2018\u2018Seni asla unutmayaca\u011f\u0131m!\u2019\u2019 diyor biri. S\u00f6ylenirken ye\u015filimsi olan bu s\u00f6zc\u00fckler k\u0131sa bir zaman sonra sarar\u0131yor. As\u0131l renkleri bu. D\u00fc\u015f\u00fcncelerin ayar\u0131n\u0131 duygular yap\u0131yor yine de.   G\u00fcne\u015f Sepeti kitab\u0131yla ge\u00e7ti\u011fimiz y\u0131l Sait Faik Hik\u00e2ye Arma\u011fan\u0131\u2019na de\u011fer g\u00f6r\u00fclen Muzaffer Kale\u2019nin yeni \u00f6yk\u00fcleri, Sabah\u0131n Bir Devam\u0131 Vard\u0131\u2019da bir araya geliyor. D\u00fcnyan\u0131n \u00fczerimizde iz b\u0131rakt\u0131\u011f\u0131 anlar vard\u0131r, yaln\u0131zca ya\u015fant\u0131m\u0131z\u0131n de\u011fil, g\u00f6ky\u00fcz\u00fcn\u00fcn, bulutlar\u0131n, ku\u015flar\u0131n ve meteorlar\u0131n sesiyle uyan\u0131r\u0131z. Kale, g\u00fcnl\u00fck konu\u015fmalar\u0131n, bak\u0131\u015flar\u0131n yaratt\u0131\u011f\u0131 k\u0131r\u0131lma anlar\u0131n\u0131 \u00f6yk\u00fcs\u00fcne ta\u015f\u0131yor, son y\u0131llarda ya\u015fanan toplumsal de\u011fi\u015fimleri de not d\u00fc\u015ferek\u2026 <\/p>\n","protected":false},"excerpt":{"rendered":"<p>Baz\u0131 d\u00fc\u015f\u00fcnceler k\u00fc\u00e7\u00fck \u015fim\u015feklere benzer, yan\u0131p s\u00f6nmeler halinde ilerliyor. \u00d6rne\u011fin ayr\u0131l\u0131k d\u00fc\u015f\u00fcncesinin sar\u0131 olmas\u0131 gibi\u2026 Sapsar\u0131 bir evin sar\u0131 perdeleri var. Akl\u0131n sar\u0131 \u00e7al\u0131\u015f\u0131yor. \u2018\u2018Seni asla<span class=\"excerpt-hellip\"> [\u2026]<\/span><\/p>\n","protected":false},"featured_media":0,"template":"","meta":{"_monsterinsights_skip_tracking":false,"_monsterinsights_sitenote_active":false,"_monsterinsights_sitenote_note":"","_monsterinsights_sitenote_category":0},"product_brand":[],"product_cat":[12777,12291],"product_tag":[],"class_list":{"0":"post-708610","1":"product","2":"type-product","3":"status-publish","5":"product_cat-deneme","6":"product_cat-edebiyat","7":"pa_cilt-ciltsiz","8":"pa_tur-kitap","9":"pa_yayinevi-can-yayinlari","10":"pa_yazar-muzaffer-kale","12":"first","13":"instock","14":"sale","15":"shipping-taxable","16":"purchasable","17":"product-type-simple"},"_links":{"self":[{"href":"https:\/\/roveyayinevi.com.tr\/index.php\/wp-json\/wp\/v2\/product\/708610","targetHints":{"allow":["GET"]}}],"collection":[{"href":"https:\/\/roveyayinevi.com.tr\/index.php\/wp-json\/wp\/v2\/product"}],"about":[{"href":"https:\/\/roveyayinevi.com.tr\/index.php\/wp-json\/wp\/v2\/types\/product"}],"wp:attachment":[{"href":"https:\/\/roveyayinevi.com.tr\/index.php\/wp-json\/wp\/v2\/media?parent=708610"}],"wp:term":[{"taxonomy":"product_brand","embeddable":true,"href":"https:\/\/roveyayinevi.com.tr\/index.php\/wp-json\/wp\/v2\/product_brand?post=708610"},{"taxonomy":"product_cat","embeddable":true,"href":"https:\/\/roveyayinevi.com.tr\/index.php\/wp-json\/wp\/v2\/product_cat?post=708610"},{"taxonomy":"product_tag","embeddable":true,"href":"https:\/\/roveyayinevi.com.tr\/index.php\/wp-json\/wp\/v2\/product_tag?post=708610"}],"curies":[{"name":"wp","href":"https:\/\/api.w.org\/{rel}","templated":true}]}}