{"id":708608,"date":"2025-08-27T16:16:18","date_gmt":"2025-08-27T13:16:18","guid":{"rendered":"https:\/\/roveyayinevi.com.tr\/index.php\/urun\/kayip-haftasonu\/"},"modified":"2026-04-16T02:17:29","modified_gmt":"2026-04-15T23:17:29","slug":"kayip-haftasonu","status":"publish","type":"product","link":"https:\/\/roveyayinevi.com.tr\/index.php\/urun\/kayip-haftasonu\/","title":{"rendered":"Kay\u0131p Haftasonu"},"content":{"rendered":"<p>Bunlar\u0131n hi\u00e7bir \u00f6nemi yoktu, sadece tek bir ger\u00e7ek vard\u0131: \u0130\u00e7iyordun ve bu seni \u00f6ld\u00fcr\u00fcyordu. Neden? \u00c7\u00fcnk\u00fc alkolle ba\u015fa \u00e7\u0131kam\u0131yordun, alkol seni alt etmi\u015fti. Neden? \u00c7\u00fcnk\u00fc \u00f6yle bir noktaya gelmi\u015ftin ki bir i\u00e7ki \u00e7ok, y\u00fczlercesi ise yetersizdi. Kay\u0131p Hafta Sonu, alkol batakl\u0131\u011f\u0131nda \u00e7\u0131rp\u0131nan, \u00e7\u0131rp\u0131nd\u0131k\u00e7a daha da dibe batan bir adam\u0131n hik\u00e2yesi. Karde\u015fini atlat\u0131p \u015fehirde be\u015f g\u00fcn boyunca tek ba\u015f\u0131na i\u00e7ki \u00e2lemine dalan Don Birnam\u2019\u0131n ki\u015fili\u011finde, ba\u011f\u0131ml\u0131l\u0131\u011f\u0131n getirdi\u011fi \u00e2cizli\u011fi ve ba\u011f\u0131ml\u0131n\u0131n \u201cgururunu\u201d anlat\u0131yor Charles Jackson. Sadece bir ayya\u015f\u0131n de\u011fil, \u201cideal\u201d insan\u0131n da hazmetmekte zorlanaca\u011f\u0131 ger\u00e7eklerle y\u00fczle\u015fmesine, kimi zaman da y\u00fczle\u015fmemeyi tercih ederek kendini aldatmas\u0131na tan\u0131k oluyoruz  bu c\u00fcretk\u00e2r ve d\u00fcr\u00fcst romanda. Yazar\u0131n en \u00f6nemli eseri olarak g\u00f6r\u00fclen ve hayat\u0131ndan derin izler ta\u015f\u0131yan Kay\u0131p Hafta Sonu, yay\u0131mlan\u0131r yay\u0131mlanmaz b\u00fcy\u00fck ilgi g\u00f6rm\u00fc\u015f, Billy Wilder taraf\u0131ndan ayn\u0131 isimle beyazperdeye aktar\u0131lm\u0131\u015ft\u0131. \u201c\u00d6yle \u00e7arp\u0131c\u0131 ve ger\u00e7ek\u00e7i ki okurlar sonuna kadar koltuklar\u0131na m\u0131hlanm\u0131\u015f kalacaklar. (&#8230;) Bir gizem \u00f6yk\u00fcs\u00fc, bir korku \u00f6yk\u00fcs\u00fc, insan\u0131 harekete ge\u00e7iren g\u00fcc\u00fc g\u00f6zler \u00f6n\u00fcne seren bir \u00f6yk\u00fc; korkuya, u\u00e7uruma yolculuk.\u201d  \u2013 Saturday Review of Literature <\/p>\n","protected":false},"excerpt":{"rendered":"<p>Bunlar\u0131n hi\u00e7bir \u00f6nemi yoktu, sadece tek bir ger\u00e7ek vard\u0131: \u0130\u00e7iyordun ve bu seni \u00f6ld\u00fcr\u00fcyordu. Neden? \u00c7\u00fcnk\u00fc alkolle ba\u015fa \u00e7\u0131kam\u0131yordun, alkol seni alt etmi\u015fti. Neden? \u00c7\u00fcnk\u00fc \u00f6yle<span class=\"excerpt-hellip\"> [\u2026]<\/span><\/p>\n","protected":false},"featured_media":0,"template":"","meta":{"_monsterinsights_skip_tracking":false,"_monsterinsights_sitenote_active":false,"_monsterinsights_sitenote_note":"","_monsterinsights_sitenote_category":0},"product_brand":[],"product_cat":[12291,12711],"product_tag":[],"class_list":{"0":"post-708608","1":"product","2":"type-product","3":"status-publish","5":"product_cat-edebiyat","6":"product_cat-roman-oyku","7":"pa_cilt-ciltsiz","8":"pa_tur-kitap","9":"pa_yayinevi-can-yayinlari","10":"pa_yazar-charles-jackson","12":"first","13":"instock","14":"sale","15":"shipping-taxable","16":"purchasable","17":"product-type-simple"},"_links":{"self":[{"href":"https:\/\/roveyayinevi.com.tr\/index.php\/wp-json\/wp\/v2\/product\/708608","targetHints":{"allow":["GET"]}}],"collection":[{"href":"https:\/\/roveyayinevi.com.tr\/index.php\/wp-json\/wp\/v2\/product"}],"about":[{"href":"https:\/\/roveyayinevi.com.tr\/index.php\/wp-json\/wp\/v2\/types\/product"}],"wp:attachment":[{"href":"https:\/\/roveyayinevi.com.tr\/index.php\/wp-json\/wp\/v2\/media?parent=708608"}],"wp:term":[{"taxonomy":"product_brand","embeddable":true,"href":"https:\/\/roveyayinevi.com.tr\/index.php\/wp-json\/wp\/v2\/product_brand?post=708608"},{"taxonomy":"product_cat","embeddable":true,"href":"https:\/\/roveyayinevi.com.tr\/index.php\/wp-json\/wp\/v2\/product_cat?post=708608"},{"taxonomy":"product_tag","embeddable":true,"href":"https:\/\/roveyayinevi.com.tr\/index.php\/wp-json\/wp\/v2\/product_tag?post=708608"}],"curies":[{"name":"wp","href":"https:\/\/api.w.org\/{rel}","templated":true}]}}