{"id":708607,"date":"2025-08-27T16:16:17","date_gmt":"2025-08-27T13:16:17","guid":{"rendered":"https:\/\/roveyayinevi.com.tr\/index.php\/urun\/kugu-ve-caka-l-ciltli\/"},"modified":"2026-04-16T02:17:29","modified_gmt":"2026-04-15T23:17:29","slug":"kugu-ve-caka-l-ciltli","status":"publish","type":"product","link":"https:\/\/roveyayinevi.com.tr\/index.php\/urun\/kugu-ve-caka-l-ciltli\/","title":{"rendered":"Ku\u011fu ve \u00c7aka l (Ciltli )"},"content":{"rendered":"<p>\u201cMuazzam bir kitap daha\u201d \u2013 The Book Enthusiast \u201cKesinlikle \u00e7ok \u00e7arp\u0131c\u0131. Beklentilerimin \u00e7ok \u00f6tesinde.\u201d -Nikki Arivel Larazo \u201cBa\u015f\u0131ndan sonuna kadar harikayd\u0131. Bir sonraki kitab\u0131 d\u00f6rt g\u00f6zle bekliyorum.\u201d -Catherine Duffy Fredrik Gustavsson hi\u00e7bir zaman a\u015fka inanmam\u0131\u015f ve kimsenin karanl\u0131k hayat\u0131n\u0131 kabul edebilece\u011fini d\u00fc\u015f\u00fcnmemi\u015ftir. Ta ki en az kendisi kadar tekinsiz Seraphina\u2019yla kar\u015f\u0131la\u015fana dek&#8230; Fredrik ve Seraphina beraber dopdolu iki sene ge\u00e7irmi\u015f ve a\u015fk\u0131n en karanl\u0131k halini tatm\u0131\u015ft\u0131r. Fakat bir g\u00fcn Seraphina Fredrik\u2019i geride b\u0131rak\u0131p kay\u0131plara kar\u0131\u015f\u0131r. Gelgelelim Fredrik Seraphina\u2019y\u0131 bulmaya kararl\u0131d\u0131r.  Fredrik\u2019in elindeki tek koz ise Cassia ad\u0131nda, haf\u0131za kayb\u0131 ya\u015fayan masum bir k\u0131zdan ba\u015fkas\u0131 de\u011fildir. Fredrik\u2019in Cassia\u2019n\u0131n ya\u015fananlar\u0131 hat\u0131rlamas\u0131 i\u00e7in \u00e7abalamaktan ba\u015fka \u015fans\u0131 yoktur. Ve bu esnada hi\u00e7 umulmad\u0131k olaylar ya\u015fan\u0131r ve Fredrik kendini t\u00fcrl\u00fc a\u00e7maz\u0131n i\u00e7inde bulur. Katiller \u00c7etesi\u2019nde macera Sarai ve Izabel\u2019in ard\u0131ndan devam ediyor, gerilim iyiden iyiye t\u0131rman\u0131yor. Ku\u011fu ve \u00c7akal J.A. Redmerski\u2019nin d\u00fcnya \u00e7ap\u0131nda b\u00fcy\u00fck yank\u0131 uyand\u0131ran serisinin \u00fc\u00e7\u00fcnc\u00fc kitab\u0131. <\/p>\n","protected":false},"excerpt":{"rendered":"<p>\u201cMuazzam bir kitap daha\u201d \u2013 The Book Enthusiast \u201cKesinlikle \u00e7ok \u00e7arp\u0131c\u0131. Beklentilerimin \u00e7ok \u00f6tesinde.\u201d -Nikki Arivel Larazo \u201cBa\u015f\u0131ndan sonuna kadar harikayd\u0131. Bir sonraki kitab\u0131 d\u00f6rt g\u00f6zle<span class=\"excerpt-hellip\"> [\u2026]<\/span><\/p>\n","protected":false},"featured_media":0,"template":"","meta":{"_monsterinsights_skip_tracking":false,"_monsterinsights_sitenote_active":false,"_monsterinsights_sitenote_note":"","_monsterinsights_sitenote_category":0},"product_brand":[],"product_cat":[12803,12291],"product_tag":[],"class_list":{"0":"post-708607","1":"product","2":"type-product","3":"status-publish","5":"product_cat-aksiyon-macera","6":"product_cat-edebiyat","7":"pa_cilt-ciltli","8":"pa_tur-kitap","9":"pa_yayinevi-ephesus-yayinlari","10":"pa_yazar-j-a-redmerski","12":"first","13":"instock","14":"sale","15":"shipping-taxable","16":"purchasable","17":"product-type-simple"},"_links":{"self":[{"href":"https:\/\/roveyayinevi.com.tr\/index.php\/wp-json\/wp\/v2\/product\/708607","targetHints":{"allow":["GET"]}}],"collection":[{"href":"https:\/\/roveyayinevi.com.tr\/index.php\/wp-json\/wp\/v2\/product"}],"about":[{"href":"https:\/\/roveyayinevi.com.tr\/index.php\/wp-json\/wp\/v2\/types\/product"}],"wp:attachment":[{"href":"https:\/\/roveyayinevi.com.tr\/index.php\/wp-json\/wp\/v2\/media?parent=708607"}],"wp:term":[{"taxonomy":"product_brand","embeddable":true,"href":"https:\/\/roveyayinevi.com.tr\/index.php\/wp-json\/wp\/v2\/product_brand?post=708607"},{"taxonomy":"product_cat","embeddable":true,"href":"https:\/\/roveyayinevi.com.tr\/index.php\/wp-json\/wp\/v2\/product_cat?post=708607"},{"taxonomy":"product_tag","embeddable":true,"href":"https:\/\/roveyayinevi.com.tr\/index.php\/wp-json\/wp\/v2\/product_tag?post=708607"}],"curies":[{"name":"wp","href":"https:\/\/api.w.org\/{rel}","templated":true}]}}