{"id":708602,"date":"2025-08-27T16:16:15","date_gmt":"2025-08-27T13:16:15","guid":{"rendered":"https:\/\/roveyayinevi.com.tr\/index.php\/urun\/muhtesem-misirlilar\/"},"modified":"2026-04-16T02:17:29","modified_gmt":"2026-04-15T23:17:29","slug":"muhtesem-misirlilar","status":"publish","type":"product","link":"https:\/\/roveyayinevi.com.tr\/index.php\/urun\/muhtesem-misirlilar\/","title":{"rendered":"Muhte\u015fem M\u0131s\u0131rl\u0131lar"},"content":{"rendered":"<p>Piramitlerin neden yap\u0131ld\u0131\u011f\u0131n\u0131, i\u00e7lerine neler gizlendi\u011fini, gelmi\u015f ge\u00e7mi\u015f firavunlar\u0131, firavunlar\u0131n neden ve nas\u0131l mumyaland\u0131\u011f\u0131n\u0131, piramitte nas\u0131l bir hazinenin gizli oldu\u011funu, hazineyi bulmaya \u00e7al\u0131\u015fan h\u0131rs\u0131zlar\u0131n ba\u015flar\u0131na gelenleri ve daha pek \u00e7ok esrarengiz bilgiyi merak ediyor musunuz? \u00d6yleyse sayfalar\u0131 \u00e7evir! \ufffcTan\u0131t\u0131m Metni<\/p>\n","protected":false},"excerpt":{"rendered":"<p>Piramitlerin neden yap\u0131ld\u0131\u011f\u0131n\u0131, i\u00e7lerine neler gizlendi\u011fini, gelmi\u015f ge\u00e7mi\u015f firavunlar\u0131, firavunlar\u0131n neden ve nas\u0131l mumyaland\u0131\u011f\u0131n\u0131, piramitte nas\u0131l bir hazinenin gizli oldu\u011funu, hazineyi bulmaya \u00e7al\u0131\u015fan h\u0131rs\u0131zlar\u0131n ba\u015flar\u0131na gelenleri<span class=\"excerpt-hellip\"> [\u2026]<\/span><\/p>\n","protected":false},"featured_media":0,"template":"","meta":{"_monsterinsights_skip_tracking":false,"_monsterinsights_sitenote_active":false,"_monsterinsights_sitenote_note":"","_monsterinsights_sitenote_category":0},"product_brand":[],"product_cat":[12275,12274],"product_tag":[],"class_list":{"0":"post-708602","1":"product","2":"type-product","3":"status-publish","5":"product_cat-6-12-yas-kitaplari","6":"product_cat-cocuk-ve-genclik-kitaplari","7":"pa_cilt-ciltsiz","8":"pa_tur-kitap","9":"pa_yayinevi-timas-cocuk","10":"pa_yazar-terry-deary","12":"first","13":"instock","14":"sale","15":"shipping-taxable","16":"purchasable","17":"product-type-simple"},"_links":{"self":[{"href":"https:\/\/roveyayinevi.com.tr\/index.php\/wp-json\/wp\/v2\/product\/708602","targetHints":{"allow":["GET"]}}],"collection":[{"href":"https:\/\/roveyayinevi.com.tr\/index.php\/wp-json\/wp\/v2\/product"}],"about":[{"href":"https:\/\/roveyayinevi.com.tr\/index.php\/wp-json\/wp\/v2\/types\/product"}],"wp:attachment":[{"href":"https:\/\/roveyayinevi.com.tr\/index.php\/wp-json\/wp\/v2\/media?parent=708602"}],"wp:term":[{"taxonomy":"product_brand","embeddable":true,"href":"https:\/\/roveyayinevi.com.tr\/index.php\/wp-json\/wp\/v2\/product_brand?post=708602"},{"taxonomy":"product_cat","embeddable":true,"href":"https:\/\/roveyayinevi.com.tr\/index.php\/wp-json\/wp\/v2\/product_cat?post=708602"},{"taxonomy":"product_tag","embeddable":true,"href":"https:\/\/roveyayinevi.com.tr\/index.php\/wp-json\/wp\/v2\/product_tag?post=708602"}],"curies":[{"name":"wp","href":"https:\/\/api.w.org\/{rel}","templated":true}]}}