{"id":708601,"date":"2025-08-27T16:16:14","date_gmt":"2025-08-27T13:16:14","guid":{"rendered":"https:\/\/roveyayinevi.com.tr\/index.php\/urun\/gulucuk-renkli-kelebek\/"},"modified":"2026-04-16T02:17:29","modified_gmt":"2026-04-15T23:17:29","slug":"gulucuk-renkli-kelebek","status":"publish","type":"product","link":"https:\/\/roveyayinevi.com.tr\/index.php\/urun\/gulucuk-renkli-kelebek\/","title":{"rendered":"G\u00fcl\u00fcc\u00fck Renkli Kelebek"},"content":{"rendered":"<p>\u0130nsanl\u0131k ku\u0308ltu\u0308ru\u0308nden ger\u00e7eklerinden ve hayallerinden beslenen masallar hepimize \u0131\u015f\u0131k tutan ku\u0308ltu\u0308rel \u00f6gelerden bir tanesi. Gerek derin, i\u00e7eri\u011fi, gerek vermeye \u00e7al\u0131\u015ft\u0131\u011f\u0131 mesajlar\u0131, gerekse zengin anlat\u0131m\u0131 ile ya\u015fam\u0131m\u0131za binbir \u00e7e\u015fit renk ve derin anlamlar kat\u0131yor. Hele \u00e7ocuk du\u0308nyas\u0131 onlars\u0131z asla olmuyor. \u00c7ocuklar\u0131n tu\u0308rlu\u0308 \u00e7e\u015fit hayallerine ve ru\u0308yalar\u0131na kaynakl\u0131k ediyor, o\u015f\u0131k tutuyor. Masallar\u0131 adeta bir nak\u0131\u015f gibi i\u015fleyen, onlara \u00e7e\u015fit \u00e7e\u015fit renk ve doku katan \u00c7i\u011fdem Gu\u0308nde\u015f, Renkli Masallar dizisi ile \u00e7ocuklar\u0131 du\u0308\u015flere kanat a\u00e7maya, onlar\u0131 kendi masallar\u0131n\u0131 yazmaya davet ediyor. <\/p>\n","protected":false},"excerpt":{"rendered":"<p>\u0130nsanl\u0131k ku\u0308ltu\u0308ru\u0308nden ger\u00e7eklerinden ve hayallerinden beslenen masallar hepimize \u0131\u015f\u0131k tutan ku\u0308ltu\u0308rel \u00f6gelerden bir tanesi. Gerek derin, i\u00e7eri\u011fi, gerek vermeye \u00e7al\u0131\u015ft\u0131\u011f\u0131 mesajlar\u0131, gerekse zengin anlat\u0131m\u0131 ile ya\u015fam\u0131m\u0131za<span class=\"excerpt-hellip\"> [\u2026]<\/span><\/p>\n","protected":false},"featured_media":0,"template":"","meta":{"_monsterinsights_skip_tracking":false,"_monsterinsights_sitenote_active":false,"_monsterinsights_sitenote_note":"","_monsterinsights_sitenote_category":0},"product_brand":[],"product_cat":[12913,12274],"product_tag":[],"class_list":{"0":"post-708601","1":"product","2":"type-product","3":"status-publish","5":"product_cat-3-6-yas-kitaplari","6":"product_cat-cocuk-ve-genclik-kitaplari","7":"pa_cilt-ciltsiz","8":"pa_tur-kitap","9":"pa_yayinevi-altin-kitaplar-cocuk-kitaplari","10":"pa_yazar-cigdem-gundes","12":"first","13":"instock","14":"sale","15":"shipping-taxable","16":"purchasable","17":"product-type-simple"},"_links":{"self":[{"href":"https:\/\/roveyayinevi.com.tr\/index.php\/wp-json\/wp\/v2\/product\/708601","targetHints":{"allow":["GET"]}}],"collection":[{"href":"https:\/\/roveyayinevi.com.tr\/index.php\/wp-json\/wp\/v2\/product"}],"about":[{"href":"https:\/\/roveyayinevi.com.tr\/index.php\/wp-json\/wp\/v2\/types\/product"}],"wp:attachment":[{"href":"https:\/\/roveyayinevi.com.tr\/index.php\/wp-json\/wp\/v2\/media?parent=708601"}],"wp:term":[{"taxonomy":"product_brand","embeddable":true,"href":"https:\/\/roveyayinevi.com.tr\/index.php\/wp-json\/wp\/v2\/product_brand?post=708601"},{"taxonomy":"product_cat","embeddable":true,"href":"https:\/\/roveyayinevi.com.tr\/index.php\/wp-json\/wp\/v2\/product_cat?post=708601"},{"taxonomy":"product_tag","embeddable":true,"href":"https:\/\/roveyayinevi.com.tr\/index.php\/wp-json\/wp\/v2\/product_tag?post=708601"}],"curies":[{"name":"wp","href":"https:\/\/api.w.org\/{rel}","templated":true}]}}