{"id":708600,"date":"2025-08-27T16:16:14","date_gmt":"2025-08-27T13:16:14","guid":{"rendered":"https:\/\/roveyayinevi.com.tr\/index.php\/urun\/dunyanin-butun-kedileri-ciltli\/"},"modified":"2026-04-16T02:17:29","modified_gmt":"2026-04-15T23:17:29","slug":"dunyanin-butun-kedileri-ciltli","status":"publish","type":"product","link":"https:\/\/roveyayinevi.com.tr\/index.php\/urun\/dunyanin-butun-kedileri-ciltli\/","title":{"rendered":"D\u00fcnyan\u0131n B\u00fct\u00fcn Kedileri (Ciltli)"},"content":{"rendered":"<p>\u015eiirin kap\u0131s\u0131n\u0131 \u00e7ocuklar i\u00e7in aralayan \u015fairlerden \u00c7etin \u00d6nerhayvanlar\u0131 \u00e7ok sever, onlara dizelerinde \u00f6zel bir yer verirdi. \u015eairin &#8220;Mavi\u015f\u201d, \u201cMavi\u015f\u2019in G\u00f6zleri\u201d ve \u201cToraman Tora\u201d adl\u0131 \u00fc\u00e7 \u015fiirini bir araya getiren D\u00fcnyan\u0131n B\u00fct\u00fcn Kedileri, 2016&#8217;da hayata g\u00f6zleriniyuman \u00c7etin \u00d6ner&#8217;in an\u0131s\u0131na yap\u0131lan bu \u00f6zel bask\u0131s\u0131nda, Mustafa Delio\u011flu&#8217;nun daha \u00f6nce yay\u0131mlanmam\u0131\u015f desenlerini de okurlarla bulu\u015fturuyor. Kedilere adad\u0131\u011f\u0131 kitab\u0131n sonunda, \u015fair \u015f\u00f6yle diyor:\u015eimdi beni iyi dinleyin\u0130nsan sevgisini \u0131skalamay\u0131n amaNe yap\u0131p edinSiz de bir kedi edinin. <\/p>\n","protected":false},"excerpt":{"rendered":"<p>\u015eiirin kap\u0131s\u0131n\u0131 \u00e7ocuklar i\u00e7in aralayan \u015fairlerden \u00c7etin \u00d6nerhayvanlar\u0131 \u00e7ok sever, onlara dizelerinde \u00f6zel bir yer verirdi. \u015eairin &#8220;Mavi\u015f\u201d, \u201cMavi\u015f\u2019in G\u00f6zleri\u201d ve \u201cToraman Tora\u201d adl\u0131 \u00fc\u00e7 \u015fiirini<span class=\"excerpt-hellip\"> [\u2026]<\/span><\/p>\n","protected":false},"featured_media":0,"template":"","meta":{"_monsterinsights_skip_tracking":false,"_monsterinsights_sitenote_active":false,"_monsterinsights_sitenote_note":"","_monsterinsights_sitenote_category":0},"product_brand":[],"product_cat":[12275,12274],"product_tag":[],"class_list":{"0":"post-708600","1":"product","2":"type-product","3":"status-publish","5":"product_cat-6-12-yas-kitaplari","6":"product_cat-cocuk-ve-genclik-kitaplari","7":"pa_cilt-ciltli","8":"pa_tur-kitap","9":"pa_yayinevi-can-cocuk-yayinlari","10":"pa_yazar-cetin-oner","12":"first","13":"instock","14":"sale","15":"shipping-taxable","16":"purchasable","17":"product-type-simple"},"_links":{"self":[{"href":"https:\/\/roveyayinevi.com.tr\/index.php\/wp-json\/wp\/v2\/product\/708600","targetHints":{"allow":["GET"]}}],"collection":[{"href":"https:\/\/roveyayinevi.com.tr\/index.php\/wp-json\/wp\/v2\/product"}],"about":[{"href":"https:\/\/roveyayinevi.com.tr\/index.php\/wp-json\/wp\/v2\/types\/product"}],"wp:attachment":[{"href":"https:\/\/roveyayinevi.com.tr\/index.php\/wp-json\/wp\/v2\/media?parent=708600"}],"wp:term":[{"taxonomy":"product_brand","embeddable":true,"href":"https:\/\/roveyayinevi.com.tr\/index.php\/wp-json\/wp\/v2\/product_brand?post=708600"},{"taxonomy":"product_cat","embeddable":true,"href":"https:\/\/roveyayinevi.com.tr\/index.php\/wp-json\/wp\/v2\/product_cat?post=708600"},{"taxonomy":"product_tag","embeddable":true,"href":"https:\/\/roveyayinevi.com.tr\/index.php\/wp-json\/wp\/v2\/product_tag?post=708600"}],"curies":[{"name":"wp","href":"https:\/\/api.w.org\/{rel}","templated":true}]}}