{"id":708599,"date":"2025-08-27T16:16:13","date_gmt":"2025-08-27T13:16:13","guid":{"rendered":"https:\/\/roveyayinevi.com.tr\/index.php\/urun\/sansli-sams-samsin-maceralari-7\/"},"modified":"2026-04-16T02:17:29","modified_gmt":"2026-04-15T23:17:29","slug":"sansli-sams-samsin-maceralari-7","status":"publish","type":"product","link":"https:\/\/roveyayinevi.com.tr\/index.php\/urun\/sansli-sams-samsin-maceralari-7\/","title":{"rendered":"\u015eansl\u0131 Sams \u2013 Sams\u2019\u0131n Maceralar\u0131 7"},"content":{"rendered":"<p>Sams olmasaydi Taschenbier ailesinin hayati nasil olurdu kim bilir!     Birlikte ge\u00e7irdikleri on be\u015f y\u0131l\u0131n ard\u0131ndan Sams, Taschenbierler\u2019in evlad\u0131 gibi olmu\u015ftur. Fakat bir g\u00fcn, Samslar\u2019\u0131n D\u00fcnyas\u0131\u2019na \u00e7a\u011fr\u0131ld\u0131\u011f\u0131na dair g\u00fc\u00e7l\u00fc bir sinyal al\u0131r ve yine ortadan kaybolur. Sams kural\u0131 a\u00e7\u0131kt\u0131r: Bir Sams, insanlar\u0131n d\u00fcnyas\u0131nda on be\u015f y\u0131ldan fazla kal\u0131rsa birlikte ya\u015fad\u0131\u011f\u0131 insanlar Sams\u2019a d\u00f6n\u00fc\u015fmeye ba\u015flar. Bu y\u00fczden Sams\u2019\u0131n Taschenbierler\u2019in yan\u0131ndan ayr\u0131lmas\u0131 \u015fartt\u0131r. Baba Taschenbier \u00e7oktan bir Sams gibi davranmaya ve ba\u015f\u0131n\u0131 belaya sokmaya ba\u015flam\u0131\u015ft\u0131r bile&#8230; Ailesinden ayr\u0131lmak istemeyen Sams\u2019\u0131n planlar\u0131 i\u015fe yarayacak m\u0131 dersiniz? Sams serisinin son kitab\u0131, her zamankinden de s\u00fcr\u00fckleyici, heyecan ve kahkaha dolu! <\/p>\n","protected":false},"excerpt":{"rendered":"<p>Sams olmasaydi Taschenbier ailesinin hayati nasil olurdu kim bilir! Birlikte ge\u00e7irdikleri on be\u015f y\u0131l\u0131n ard\u0131ndan Sams, Taschenbierler\u2019in evlad\u0131 gibi olmu\u015ftur. Fakat bir g\u00fcn, Samslar\u2019\u0131n D\u00fcnyas\u0131\u2019na \u00e7a\u011fr\u0131ld\u0131\u011f\u0131na<span class=\"excerpt-hellip\"> [\u2026]<\/span><\/p>\n","protected":false},"featured_media":0,"template":"","meta":{"_monsterinsights_skip_tracking":false,"_monsterinsights_sitenote_active":false,"_monsterinsights_sitenote_note":"","_monsterinsights_sitenote_category":0},"product_brand":[],"product_cat":[12913,12274],"product_tag":[],"class_list":{"0":"post-708599","1":"product","2":"type-product","3":"status-publish","5":"product_cat-3-6-yas-kitaplari","6":"product_cat-cocuk-ve-genclik-kitaplari","7":"pa_cilt-ciltsiz","8":"pa_tur-kitap","9":"pa_yayinevi-can-cocuk-yayinlari","10":"pa_yazar-paul-maar","12":"first","13":"instock","14":"sale","15":"shipping-taxable","16":"purchasable","17":"product-type-simple"},"_links":{"self":[{"href":"https:\/\/roveyayinevi.com.tr\/index.php\/wp-json\/wp\/v2\/product\/708599","targetHints":{"allow":["GET"]}}],"collection":[{"href":"https:\/\/roveyayinevi.com.tr\/index.php\/wp-json\/wp\/v2\/product"}],"about":[{"href":"https:\/\/roveyayinevi.com.tr\/index.php\/wp-json\/wp\/v2\/types\/product"}],"wp:attachment":[{"href":"https:\/\/roveyayinevi.com.tr\/index.php\/wp-json\/wp\/v2\/media?parent=708599"}],"wp:term":[{"taxonomy":"product_brand","embeddable":true,"href":"https:\/\/roveyayinevi.com.tr\/index.php\/wp-json\/wp\/v2\/product_brand?post=708599"},{"taxonomy":"product_cat","embeddable":true,"href":"https:\/\/roveyayinevi.com.tr\/index.php\/wp-json\/wp\/v2\/product_cat?post=708599"},{"taxonomy":"product_tag","embeddable":true,"href":"https:\/\/roveyayinevi.com.tr\/index.php\/wp-json\/wp\/v2\/product_tag?post=708599"}],"curies":[{"name":"wp","href":"https:\/\/api.w.org\/{rel}","templated":true}]}}