{"id":708597,"date":"2025-08-27T16:16:13","date_gmt":"2025-08-27T13:16:13","guid":{"rendered":"https:\/\/roveyayinevi.com.tr\/index.php\/urun\/turk-psikiyatristin-divani\/"},"modified":"2026-04-16T02:17:29","modified_gmt":"2026-04-15T23:17:29","slug":"turk-psikiyatristin-divani","status":"publish","type":"product","link":"https:\/\/roveyayinevi.com.tr\/index.php\/urun\/turk-psikiyatristin-divani\/","title":{"rendered":"T\u00fcrk Psikiyatristin Divan\u0131"},"content":{"rendered":"<p>\u0130\u015fte hi\u00e7 uyanmak istemeyen zengin kad\u0131ndan 9 ya\u015f\u0131nda sa\u00e7lar\u0131 a\u011faran \u00e7ocu\u011fa, aile i\u00e7i \u00e7oklu taciz kurban\u0131 k\u0131zdan iktidars\u0131z ama azg\u0131n damada, kurnaz ni\u015fanl\u0131dan ergen kocaya, ters ili\u015fkiden g\u00fcnahs\u0131z a\u015fka, anksiyete bozuklu\u011fundan \u015fizofreniye, ba\u015f\u0131 s\u00fcrekli d\u00f6nen \u2018deli\u2019den cinsel freni patlam\u0131\u015f adama kadar T\u00fcrkiye\u2019den en u\u00e7lardaki 70 psikiyatrik vaka! Ruhsal bir panorama! \u015ea\u015f\u0131racaks\u0131n\u0131z, inanamayacaks\u0131n\u0131z, yer yer sinirleriniz bozulacak, bu kadar da olmaz diyeceksiniz&#8230; Benzer vakalar\u0131 ya\u015fad\u0131ysan\u0131z ders \u00e7\u0131kar\u0131p bilgilenecek, ya\u015famad\u0131ysan\u0131z Allah\u2019a \u015f\u00fckredeceksiniz! <\/p>\n","protected":false},"excerpt":{"rendered":"<p>\u0130\u015fte hi\u00e7 uyanmak istemeyen zengin kad\u0131ndan 9 ya\u015f\u0131nda sa\u00e7lar\u0131 a\u011faran \u00e7ocu\u011fa, aile i\u00e7i \u00e7oklu taciz kurban\u0131 k\u0131zdan iktidars\u0131z ama azg\u0131n damada, kurnaz ni\u015fanl\u0131dan ergen kocaya, ters<span class=\"excerpt-hellip\"> [\u2026]<\/span><\/p>\n","protected":false},"featured_media":0,"template":"","meta":{"_monsterinsights_skip_tracking":false,"_monsterinsights_sitenote_active":false,"_monsterinsights_sitenote_note":"","_monsterinsights_sitenote_category":0},"product_brand":[],"product_cat":[12364,12376],"product_tag":[],"class_list":{"0":"post-708597","1":"product","2":"type-product","3":"status-publish","5":"product_cat-genel-konular","6":"product_cat-kisisel-gelisim","7":"pa_cilt-ciltsiz","8":"pa_tur-kitap","9":"pa_yayinevi-hayykitap","10":"pa_yazar-dr-zeynep-pinar-akinci","12":"first","13":"instock","14":"sale","15":"shipping-taxable","16":"purchasable","17":"product-type-simple"},"_links":{"self":[{"href":"https:\/\/roveyayinevi.com.tr\/index.php\/wp-json\/wp\/v2\/product\/708597","targetHints":{"allow":["GET"]}}],"collection":[{"href":"https:\/\/roveyayinevi.com.tr\/index.php\/wp-json\/wp\/v2\/product"}],"about":[{"href":"https:\/\/roveyayinevi.com.tr\/index.php\/wp-json\/wp\/v2\/types\/product"}],"wp:attachment":[{"href":"https:\/\/roveyayinevi.com.tr\/index.php\/wp-json\/wp\/v2\/media?parent=708597"}],"wp:term":[{"taxonomy":"product_brand","embeddable":true,"href":"https:\/\/roveyayinevi.com.tr\/index.php\/wp-json\/wp\/v2\/product_brand?post=708597"},{"taxonomy":"product_cat","embeddable":true,"href":"https:\/\/roveyayinevi.com.tr\/index.php\/wp-json\/wp\/v2\/product_cat?post=708597"},{"taxonomy":"product_tag","embeddable":true,"href":"https:\/\/roveyayinevi.com.tr\/index.php\/wp-json\/wp\/v2\/product_tag?post=708597"}],"curies":[{"name":"wp","href":"https:\/\/api.w.org\/{rel}","templated":true}]}}