{"id":708596,"date":"2025-08-27T16:16:12","date_gmt":"2025-08-27T13:16:12","guid":{"rendered":"https:\/\/roveyayinevi.com.tr\/index.php\/urun\/kiymetli-seylerin-tanzimi\/"},"modified":"2026-02-02T02:18:57","modified_gmt":"2026-02-01T23:18:57","slug":"kiymetli-seylerin-tanzimi","status":"publish","type":"product","link":"https:\/\/roveyayinevi.com.tr\/index.php\/urun\/kiymetli-seylerin-tanzimi\/","title":{"rendered":"K\u0131ymetli \u015eeylerin Tanzimi"},"content":{"rendered":"<p>Dilin kalbin inanmad\u0131\u011f\u0131 laflar etmesi ne kolay. Elbette a\u015fk\u0131m, ben de seni, sonsuza kadar. Onlar da bir zamanlar ger\u00e7ekti (daha ge\u00e7en hafta ger\u00e7ekti, daha d\u00fcn ger\u00e7ekti), ama insan\u0131n y\u00fcre\u011fi bir anda r\u00fczg\u00e2rlar\u0131n u\u011fuldad\u0131\u011f\u0131 bir vadi. \ufffcTan\u0131t\u0131m Metni<\/p>\n","protected":false},"excerpt":{"rendered":"<p>Dilin kalbin inanmad\u0131\u011f\u0131 laflar etmesi ne kolay. Elbette a\u015fk\u0131m, ben de seni, sonsuza kadar. Onlar da bir zamanlar ger\u00e7ekti (daha ge\u00e7en hafta ger\u00e7ekti, daha d\u00fcn ger\u00e7ekti),<span class=\"excerpt-hellip\"> [\u2026]<\/span><\/p>\n","protected":false},"featured_media":0,"template":"","meta":{"_monsterinsights_skip_tracking":false,"_monsterinsights_sitenote_active":false,"_monsterinsights_sitenote_note":"","_monsterinsights_sitenote_category":0},"product_brand":[],"product_cat":[12291,12711],"product_tag":[],"class_list":{"0":"post-708596","1":"product","2":"type-product","3":"status-publish","5":"product_cat-edebiyat","6":"product_cat-roman-oyku","7":"pa_cilt-ciltsiz","8":"pa_tur-kitap","9":"pa_yayinevi-iletisim-yayinlari","10":"pa_yazar-sezen-unluonen","12":"first","13":"instock","14":"sale","15":"shipping-taxable","16":"purchasable","17":"product-type-simple"},"_links":{"self":[{"href":"https:\/\/roveyayinevi.com.tr\/index.php\/wp-json\/wp\/v2\/product\/708596","targetHints":{"allow":["GET"]}}],"collection":[{"href":"https:\/\/roveyayinevi.com.tr\/index.php\/wp-json\/wp\/v2\/product"}],"about":[{"href":"https:\/\/roveyayinevi.com.tr\/index.php\/wp-json\/wp\/v2\/types\/product"}],"wp:attachment":[{"href":"https:\/\/roveyayinevi.com.tr\/index.php\/wp-json\/wp\/v2\/media?parent=708596"}],"wp:term":[{"taxonomy":"product_brand","embeddable":true,"href":"https:\/\/roveyayinevi.com.tr\/index.php\/wp-json\/wp\/v2\/product_brand?post=708596"},{"taxonomy":"product_cat","embeddable":true,"href":"https:\/\/roveyayinevi.com.tr\/index.php\/wp-json\/wp\/v2\/product_cat?post=708596"},{"taxonomy":"product_tag","embeddable":true,"href":"https:\/\/roveyayinevi.com.tr\/index.php\/wp-json\/wp\/v2\/product_tag?post=708596"}],"curies":[{"name":"wp","href":"https:\/\/api.w.org\/{rel}","templated":true}]}}