{"id":708593,"date":"2025-08-27T16:16:11","date_gmt":"2025-08-27T13:16:11","guid":{"rendered":"https:\/\/roveyayinevi.com.tr\/index.php\/urun\/dogmus-olmanin-sakincasi-ustune\/"},"modified":"2026-04-16T02:17:29","modified_gmt":"2026-04-15T23:17:29","slug":"dogmus-olmanin-sakincasi-ustune","status":"publish","type":"product","link":"https:\/\/roveyayinevi.com.tr\/index.php\/urun\/dogmus-olmanin-sakincasi-ustune\/","title":{"rendered":"Do\u011fmu\u015f Olman\u0131n Sak\u0131ncas\u0131 \u00dcst\u00fcne"},"content":{"rendered":"<p>\u201c\u0130nsan ortaya \u00e7\u0131kar \u00e7\u0131kmaz, \u00e7i\u00e7ekler de ortaya \u00e7\u0131kt\u0131.\u201d Bana kal\u0131rsa, \u00e7i\u00e7ekler insandan \u00e7ok daha \u00f6nce vard\u0131 ve insan\u0131n geli\u015fiyle h\u00e2l\u00e2 i\u00e7inden \u00e7\u0131kamad\u0131klar\u0131 bir \u015fa\u015fk\u0131nl\u0131\u011fa g\u00f6m\u00fcld\u00fcler\u2026 Ne zaman \u00f6l\u00fcm\u00fc d\u00fc\u015f\u00fcnmesem, hile yapt\u0131\u011f\u0131m, i\u00e7imdeki birini aldatt\u0131\u011f\u0131m hissine kap\u0131l\u0131yorum. Bilin\u00e7 ete batm\u0131\u015f bir k\u0131ym\u0131ktan \u00e7ok, saplanm\u0131\u015f bir han\u00e7erdir. \u00d6l\u00fcm\u00fcn bizim i\u00e7in art\u0131k ilgin\u00e7 yan\u0131 kalmay\u0131p, ondan hi\u00e7bir \u015fey elde edilemeyece\u011fini d\u00fc\u015f\u00fcnd\u00fc\u011f\u00fcm\u00fczde, do\u011fuma geri \u00e7ekilir, ba\u015fka t\u00fcrl\u00fc bir dipsiz u\u00e7uruma meydan okuyarak hayk\u0131rmaya  ba\u015flar\u0131z&#8230; Ya\u015famak, sava\u015fta toprak yitirmektir. <\/p>\n","protected":false},"excerpt":{"rendered":"<p>\u201c\u0130nsan ortaya \u00e7\u0131kar \u00e7\u0131kmaz, \u00e7i\u00e7ekler de ortaya \u00e7\u0131kt\u0131.\u201d Bana kal\u0131rsa, \u00e7i\u00e7ekler insandan \u00e7ok daha \u00f6nce vard\u0131 ve insan\u0131n geli\u015fiyle h\u00e2l\u00e2 i\u00e7inden \u00e7\u0131kamad\u0131klar\u0131 bir \u015fa\u015fk\u0131nl\u0131\u011fa g\u00f6m\u00fcld\u00fcler\u2026 Ne<span class=\"excerpt-hellip\"> [\u2026]<\/span><\/p>\n","protected":false},"featured_media":0,"template":"","meta":{"_monsterinsights_skip_tracking":false,"_monsterinsights_sitenote_active":false,"_monsterinsights_sitenote_note":"","_monsterinsights_sitenote_category":0},"product_brand":[],"product_cat":[12324,27533],"product_tag":[],"class_list":{"0":"post-708593","1":"product","2":"type-product","3":"status-publish","5":"product_cat-sosyoloji","6":"product_cat-sosyolojiye-giris","7":"pa_cilt-ciltsiz","8":"pa_tur-kitap","9":"pa_yayinevi-metis-yayinlari","10":"pa_yazar-e-m-cioran","12":"first","13":"instock","14":"sale","15":"shipping-taxable","16":"purchasable","17":"product-type-simple"},"_links":{"self":[{"href":"https:\/\/roveyayinevi.com.tr\/index.php\/wp-json\/wp\/v2\/product\/708593","targetHints":{"allow":["GET"]}}],"collection":[{"href":"https:\/\/roveyayinevi.com.tr\/index.php\/wp-json\/wp\/v2\/product"}],"about":[{"href":"https:\/\/roveyayinevi.com.tr\/index.php\/wp-json\/wp\/v2\/types\/product"}],"wp:attachment":[{"href":"https:\/\/roveyayinevi.com.tr\/index.php\/wp-json\/wp\/v2\/media?parent=708593"}],"wp:term":[{"taxonomy":"product_brand","embeddable":true,"href":"https:\/\/roveyayinevi.com.tr\/index.php\/wp-json\/wp\/v2\/product_brand?post=708593"},{"taxonomy":"product_cat","embeddable":true,"href":"https:\/\/roveyayinevi.com.tr\/index.php\/wp-json\/wp\/v2\/product_cat?post=708593"},{"taxonomy":"product_tag","embeddable":true,"href":"https:\/\/roveyayinevi.com.tr\/index.php\/wp-json\/wp\/v2\/product_tag?post=708593"}],"curies":[{"name":"wp","href":"https:\/\/api.w.org\/{rel}","templated":true}]}}